{"id":744641,"date":"2025-08-28T02:01:42","date_gmt":"2025-08-27T23:01:42","guid":{"rendered":"https:\/\/roveyayinevi.com.tr\/index.php\/urun\/hissetmek-ve-bilmek\/"},"modified":"2026-04-16T02:56:37","modified_gmt":"2026-04-15T23:56:37","slug":"hissetmek-ve-bilmek","status":"publish","type":"product","link":"https:\/\/roveyayinevi.com.tr\/index.php\/urun\/hissetmek-ve-bilmek\/","title":{"rendered":"Hissetmek ve Bilmek"},"content":{"rendered":"<p>D\u00dcNYANIN \u00d6NDE GELEN N\u00d6ROB\u0130L\u0130MC\u0130LER\u0130NDEN B\u0130R\u0130 OLAN ANTONIO DAMASIO&#8217;DAN, B\u0130L\u0130N\u00c7 OLGUSUNU VE B\u0130L\u0130NC\u0130N YA\u015eAMLA \u0130L\u0130\u015eK\u0130S\u0130N\u0130 AYDINLATAN B\u0130R ARA\u015eTIRMA, MESELEN\u0130N \u00d6Z\u00dcNE \u0130NEN B\u0130LG\u0130LEND\u0130R\u0130C\u0130 B\u0130R ESER   Son y\u0131llara kadar, bili\u015fsel bilimler ve felsefe alanlar\u0131nda pek \u00e7ok d\u00fc\u015f\u00fcn\u00fcr bilin\u00e7 problemini \u00e7\u00f6z\u00fcms\u00fcz olarak g\u00f6rm\u00fc\u015ft\u00fcr. Ancak Antonio Damasio biyoloji, sinirbilim, psikoloji ve yapay zek\u00e2 alanlar\u0131ndaki yeni bulgular sayesinde bilin\u00e7 hakk\u0131ndaki s\u0131rlar\u0131n art\u0131k a\u00e7\u0131\u011fa \u00e7\u0131kaca\u011f\u0131n\u0131 s\u00f6yl\u00fcyor. Hissetmek ve Bilmek adl\u0131 bu kitab\u0131nda Damasio, bilinci t\u00fcm \u00f6zellikleriyle ele al\u0131yor ve ortaya koydu\u011fu bulgular \u0131\u015f\u0131\u011f\u0131nda, bilin\u00e7 \u00fczerine yenilik\u00e7i d\u00fc\u015f\u00fcncelerini biz okurlar\u0131yla bulu\u015fturuyor. K\u0131sa ve \u00f6z, toplam 48 b\u00f6l\u00fcmden olu\u015fan bu \u00e7al\u0131\u015fma, bilin\u00e7 ve ak\u0131l aras\u0131ndaki ili\u015fkiyi, bilincin ve uyan\u0131k halde olman\u0131n neden farkl\u0131 oldu\u011funu, bilin\u00e7 kazanma s\u00fcrecinde beynin neden gerekli oldu\u011funu ve duygular\u0131n oynad\u0131\u011f\u0131 merkez\u00ee rol\u00fc anlamam\u0131z\u0131 sa\u011fl\u0131yor. Damasio, farkl\u0131 bilim alanlar\u0131ndaki son geli\u015fmelerle birlikte bilin\u00e7 felsefesini sentezleyerek, beyin ve insan davran\u0131\u015f\u0131 hakk\u0131nda bildiklerimizi de\u011fi\u015ftirecek kendi \u00f6zg\u00fcn d\u00fc\u015f\u00fcncelerini bu kitab\u0131nda okurlar\u0131yla bulu\u015fturuyor.   <\/p>\n","protected":false},"excerpt":{"rendered":"<p>D\u00dcNYANIN \u00d6NDE GELEN N\u00d6ROB\u0130L\u0130MC\u0130LER\u0130NDEN B\u0130R\u0130 OLAN ANTONIO DAMASIO&#8217;DAN, B\u0130L\u0130N\u00c7 OLGUSUNU VE B\u0130L\u0130NC\u0130N YA\u015eAMLA \u0130L\u0130\u015eK\u0130S\u0130N\u0130 AYDINLATAN B\u0130R ARA\u015eTIRMA, MESELEN\u0130N \u00d6Z\u00dcNE \u0130NEN B\u0130LG\u0130LEND\u0130R\u0130C\u0130 B\u0130R ESER Son y\u0131llara kadar,<span class=\"excerpt-hellip\"> [\u2026]<\/span><\/p>\n","protected":false},"featured_media":0,"template":"","meta":{"_monsterinsights_skip_tracking":false,"_monsterinsights_sitenote_active":false,"_monsterinsights_sitenote_note":"","_monsterinsights_sitenote_category":0},"product_brand":[],"product_cat":[20502,12357],"product_tag":[],"class_list":{"0":"post-744641","1":"product","2":"type-product","3":"status-publish","5":"product_cat-basvuru-kitaplari-psikoloji","6":"product_cat-psikoloji","7":"pa_cilt-ciltsiz","8":"pa_tur-kitap","9":"pa_yayinevi-odtu-gelistirme-vakfi-yayincilik","10":"pa_yazar-antonio-damasio","12":"first","13":"instock","14":"sale","15":"shipping-taxable","16":"purchasable","17":"product-type-simple"},"_links":{"self":[{"href":"https:\/\/roveyayinevi.com.tr\/index.php\/wp-json\/wp\/v2\/product\/744641","targetHints":{"allow":["GET"]}}],"collection":[{"href":"https:\/\/roveyayinevi.com.tr\/index.php\/wp-json\/wp\/v2\/product"}],"about":[{"href":"https:\/\/roveyayinevi.com.tr\/index.php\/wp-json\/wp\/v2\/types\/product"}],"wp:attachment":[{"href":"https:\/\/roveyayinevi.com.tr\/index.php\/wp-json\/wp\/v2\/media?parent=744641"}],"wp:term":[{"taxonomy":"product_brand","embeddable":true,"href":"https:\/\/roveyayinevi.com.tr\/index.php\/wp-json\/wp\/v2\/product_brand?post=744641"},{"taxonomy":"product_cat","embeddable":true,"href":"https:\/\/roveyayinevi.com.tr\/index.php\/wp-json\/wp\/v2\/product_cat?post=744641"},{"taxonomy":"product_tag","embeddable":true,"href":"https:\/\/roveyayinevi.com.tr\/index.php\/wp-json\/wp\/v2\/product_tag?post=744641"}],"curies":[{"name":"wp","href":"https:\/\/api.w.org\/{rel}","templated":true}]}}