{"id":744640,"date":"2025-08-28T02:01:41","date_gmt":"2025-08-27T23:01:41","guid":{"rendered":"https:\/\/roveyayinevi.com.tr\/index.php\/urun\/15-soru-serisi-bugun-simdiden-dun-mudur-flexi-kapak\/"},"modified":"2026-04-16T02:56:37","modified_gmt":"2026-04-15T23:56:37","slug":"15-soru-serisi-bugun-simdiden-dun-mudur-flexi-kapak","status":"publish","type":"product","link":"https:\/\/roveyayinevi.com.tr\/index.php\/urun\/15-soru-serisi-bugun-simdiden-dun-mudur-flexi-kapak\/","title":{"rendered":"15 Soru Serisi \u2013 Bug\u00fcn \u015eimdiden D\u00fcn M\u00fcd\u00fcr? (Flexi Kapak)"},"content":{"rendered":"<p>15 SORU SER\u0130S\u0130 15 soru, 15 cevap, 15 Kitap Yeni nesil \u00e7ocuklara y\u00f6nelik muhte\u015fem bir ansiklopedi serisi En \u00f6nemli konular\u0131 ve sorunlar\u0131 a\u00e7\u0131k, basit ve e\u011flenceli bir dille anlatan bu serimiz sayesinde \u00e7ocuklar, \u00e7evrelerindeki d\u00fcnyaya ili\u015fkin fark\u0131ndal\u0131k kazanacak ve ekonomiden tarihe, teknolojiden iklime kadar \u00e7e\u015fitli konularda uzmanla\u015facaklar. 10 ya\u015f ve \u00fczeri i\u00e7in uygun olan bu serimiz sayesinde \u00e7ocuklar, neredeyse fark\u0131nda olmandan kendilerine sunulan temalar\u0131n her birinin uzmanlar\u0131 haline gelecekler. \u00dcnl\u00fc yazar Pierdomenico Baccalario ve Federica Taddia\u2019n\u0131n yan\u0131 s\u0131ra Torino \u00dcniversitesi&#8217;nde \u00c7a\u011fda\u015f Tarih dersleri veren Bruno Maida taraf\u0131ndan yaz\u0131lan 15 soru serisinin 4. kitab\u0131 \u201cBug\u00fcn \u015eimdiden D\u00fcn M\u00fcd\u00fcr?\u201d sayesinde \u00e7ocuklar, s\u00fcper bir tarih uzman\u0131 olacaklar! Tarih ne i\u015fe yarar? S\u0131f\u0131r y\u0131l\u0131ndan \u00f6nce ne vard\u0131? Neden bu kadar \u00e7ok harita var? Tarih neden bu kadar s\u0131k\u0131c\u0131d\u0131r? G\u00fc\u00e7 nedir? Bu ve bunun gibi sorulara \u00e7ocuklar\u0131n anlayabilece\u011fi dilden cevap veren 15 soru serisinin bu cildi ile \u00e7ocuklar temel kavramlar\u0131 a\u00e7\u0131k ve anla\u015f\u0131l\u0131r kelimeler, somut \u00f6rnekler, birbirinden g\u00fczel \u00e7izimler, karikat\u00fcrler ve bolca ironi ile \u00f6\u011frenecekler! Kitapta ayn\u0131 zamanda \u00e7ocuklar\u0131n ilgisini \u00e7ekecek ekstra sorular, cevaplar, bilgiler ve d\u00fc\u015f\u00fcnme antrenmanlar\u0131 da bulman\u0131z m\u00fcmk\u00fcn! Alan\u0131nda uzman ki\u015filerin yard\u0131mlar\u0131yla yaz\u0131lan bu kitaplar sayesinde \u00e7ocuklar, hem farkl\u0131 konulara ili\u015fkin derinlemesine bilgiye sahip olacak hem de bu sayede kendi ilgi alanlar\u0131n\u0131 ke\u015ffedecekler. <\/p>\n","protected":false},"excerpt":{"rendered":"<p>15 SORU SER\u0130S\u0130 15 soru, 15 cevap, 15 Kitap Yeni nesil \u00e7ocuklara y\u00f6nelik muhte\u015fem bir ansiklopedi serisi En \u00f6nemli konular\u0131 ve sorunlar\u0131 a\u00e7\u0131k, basit ve e\u011flenceli<span class=\"excerpt-hellip\"> [\u2026]<\/span><\/p>\n","protected":false},"featured_media":0,"template":"","meta":{"_monsterinsights_skip_tracking":false,"_monsterinsights_sitenote_active":false,"_monsterinsights_sitenote_note":"","_monsterinsights_sitenote_category":0},"product_brand":[],"product_cat":[12274,15842],"product_tag":[],"class_list":{"0":"post-744640","1":"product","2":"type-product","3":"status-publish","5":"product_cat-cocuk-ve-genclik-kitaplari","6":"product_cat-egitici-kitaplar","7":"pa_cilt-ciltsiz","8":"pa_tur-kitap","9":"pa_yayinevi-odtu-gelistirme-vakfi-yayincilik","10":"pa_yazar-pierdomenico-baccalario-federico-taddia","12":"first","13":"instock","14":"sale","15":"shipping-taxable","16":"purchasable","17":"product-type-simple"},"_links":{"self":[{"href":"https:\/\/roveyayinevi.com.tr\/index.php\/wp-json\/wp\/v2\/product\/744640","targetHints":{"allow":["GET"]}}],"collection":[{"href":"https:\/\/roveyayinevi.com.tr\/index.php\/wp-json\/wp\/v2\/product"}],"about":[{"href":"https:\/\/roveyayinevi.com.tr\/index.php\/wp-json\/wp\/v2\/types\/product"}],"wp:attachment":[{"href":"https:\/\/roveyayinevi.com.tr\/index.php\/wp-json\/wp\/v2\/media?parent=744640"}],"wp:term":[{"taxonomy":"product_brand","embeddable":true,"href":"https:\/\/roveyayinevi.com.tr\/index.php\/wp-json\/wp\/v2\/product_brand?post=744640"},{"taxonomy":"product_cat","embeddable":true,"href":"https:\/\/roveyayinevi.com.tr\/index.php\/wp-json\/wp\/v2\/product_cat?post=744640"},{"taxonomy":"product_tag","embeddable":true,"href":"https:\/\/roveyayinevi.com.tr\/index.php\/wp-json\/wp\/v2\/product_tag?post=744640"}],"curies":[{"name":"wp","href":"https:\/\/api.w.org\/{rel}","templated":true}]}}