{"id":744638,"date":"2025-08-28T02:01:38","date_gmt":"2025-08-27T23:01:38","guid":{"rendered":"https:\/\/roveyayinevi.com.tr\/index.php\/urun\/siradaki-kiyamet-sag-kalma-sanati-ve-bilimi\/"},"modified":"2026-04-16T02:56:37","modified_gmt":"2026-04-15T23:56:37","slug":"siradaki-kiyamet-sag-kalma-sanati-ve-bilimi","status":"publish","type":"product","link":"https:\/\/roveyayinevi.com.tr\/index.php\/urun\/siradaki-kiyamet-sag-kalma-sanati-ve-bilimi\/","title":{"rendered":"S\u0131radaki K\u0131yamet \u2013 Sa\u011f Kalma Sanat\u0131 ve Bilimi"},"content":{"rendered":"<p>K\u0131yamet nas\u0131l kopacak? G\u00f6k yar\u0131l\u0131p da\u011flar savruldu\u011funda, denizler kaynay\u0131p y\u0131ld\u0131zlar at\u0131ld\u0131\u011f\u0131nda m\u0131? Yoksa n\u00fckleer bir sava\u015f, g\u00f6kta\u015f\u0131 \u00e7arpmas\u0131 veya b\u00fcy\u00fck yanarda\u011flar\u0131n patlamas\u0131yla m\u0131? Belki de bir patlamayla de\u011fil, iniltiyle kopacak. Nas\u0131l olursa olsun, elimizdeki tarihsel ve arkeolojik kan\u0131tlar y\u0131k\u0131lmaz denen g\u00f6rkemli uygarl\u0131klar\u0131n bile \u00e7\u00f6kt\u00fc\u011f\u00fcn\u00fc g\u00f6steriyor. Biz de bug\u00fcn k\u00fcresel salg\u0131nlar, iklim de\u011fi\u015fikli\u011fi ve sava\u015flarla bo\u011fu\u015fuyoruz: Esasl\u0131 bir k\u0131yametin t\u00fcm alametleri sanki mevcut gibi. Kitaplar, filmler ve diziler de durmadan uygarl\u0131\u011f\u0131m\u0131z\u0131n ani \u00e7\u00f6k\u00fc\u015f\u00fcn\u00fcn ard\u0131ndan olacaklar\u0131 hayal edip bize korkutucu manzaralar sunuyorlar. S\u0131radaki k\u0131yamete haz\u0131rlan\u0131yoruz. Ama belki de yanl\u0131\u015f k\u0131yamete haz\u0131rlan\u0131yoruz.   Antropolog, su alt\u0131 arkeolo\u011fu ve vah\u015fi do\u011fada hayatta kalma uzman\u0131 Chris Begley, bug\u00fcn toplumumuza egemen olan \u00e7\u00f6k\u00fc\u015f kayg\u0131s\u0131n\u0131n, t\u00fcketim k\u00fclt\u00fcr\u00fcn\u00fcn de etkisiyle b\u00fcy\u00fck felaketlerin do\u011fas\u0131n\u0131 ve sonu\u00e7lar\u0131n\u0131 \u00e7arp\u0131tmam\u0131za neden oldu\u011funu savunuyor. Ge\u00e7mi\u015fteki \u00e7\u00f6k\u00fc\u015flerin genellikle ani olaylar olmad\u0131\u011f\u0131n\u0131 g\u00f6sterirken, g\u00fcn\u00fcm\u00fcz\u00fcn haz\u0131rl\u0131k\u00e7\u0131 furyas\u0131n\u0131n bar\u0131nd\u0131rd\u0131\u011f\u0131 bozuk toplumsal ve ahlaki kabulleri a\u00e7\u0131\u011fa \u00e7\u0131kar\u0131yor. Pop\u00fcler k\u00fclt\u00fcr\u00fcn pompalad\u0131\u011f\u0131 k\u0131yamet alg\u0131s\u0131n\u0131n gelecekte ya\u015fanmas\u0131 olas\u0131 felaketlerde bize neden k\u00f6stek olaca\u011f\u0131n\u0131 izah ediyor. Bize, olas\u0131 felaketlerden sa\u011f \u00e7\u0131kabilmek i\u00e7in neler yapabilece\u011fimize dair ipu\u00e7lar\u0131 verip pratik \u00f6nerilerde de bulunuyor.<\/p>\n","protected":false},"excerpt":{"rendered":"<p>K\u0131yamet nas\u0131l kopacak? G\u00f6k yar\u0131l\u0131p da\u011flar savruldu\u011funda, denizler kaynay\u0131p y\u0131ld\u0131zlar at\u0131ld\u0131\u011f\u0131nda m\u0131? Yoksa n\u00fckleer bir sava\u015f, g\u00f6kta\u015f\u0131 \u00e7arpmas\u0131 veya b\u00fcy\u00fck yanarda\u011flar\u0131n patlamas\u0131yla m\u0131? Belki de bir<span class=\"excerpt-hellip\"> [\u2026]<\/span><\/p>\n","protected":false},"featured_media":0,"template":"","meta":{"_monsterinsights_skip_tracking":false,"_monsterinsights_sitenote_active":false,"_monsterinsights_sitenote_note":"","_monsterinsights_sitenote_category":0},"product_brand":[],"product_cat":[13005,13006],"product_tag":[],"class_list":{"0":"post-744638","1":"product","2":"type-product","3":"status-publish","5":"product_cat-bilim-muhendislik","6":"product_cat-populer-bilim","7":"pa_cilt-ciltsiz","8":"pa_tur-kitap","9":"pa_yayinevi-fol-kitap","10":"pa_yazar-chris-begley","12":"first","13":"instock","14":"sale","15":"shipping-taxable","16":"purchasable","17":"product-type-simple"},"_links":{"self":[{"href":"https:\/\/roveyayinevi.com.tr\/index.php\/wp-json\/wp\/v2\/product\/744638","targetHints":{"allow":["GET"]}}],"collection":[{"href":"https:\/\/roveyayinevi.com.tr\/index.php\/wp-json\/wp\/v2\/product"}],"about":[{"href":"https:\/\/roveyayinevi.com.tr\/index.php\/wp-json\/wp\/v2\/types\/product"}],"wp:attachment":[{"href":"https:\/\/roveyayinevi.com.tr\/index.php\/wp-json\/wp\/v2\/media?parent=744638"}],"wp:term":[{"taxonomy":"product_brand","embeddable":true,"href":"https:\/\/roveyayinevi.com.tr\/index.php\/wp-json\/wp\/v2\/product_brand?post=744638"},{"taxonomy":"product_cat","embeddable":true,"href":"https:\/\/roveyayinevi.com.tr\/index.php\/wp-json\/wp\/v2\/product_cat?post=744638"},{"taxonomy":"product_tag","embeddable":true,"href":"https:\/\/roveyayinevi.com.tr\/index.php\/wp-json\/wp\/v2\/product_tag?post=744638"}],"curies":[{"name":"wp","href":"https:\/\/api.w.org\/{rel}","templated":true}]}}