{"id":744637,"date":"2025-08-28T02:01:38","date_gmt":"2025-08-27T23:01:38","guid":{"rendered":"https:\/\/roveyayinevi.com.tr\/index.php\/urun\/5-yuzde-bes\/"},"modified":"2026-04-16T02:56:36","modified_gmt":"2026-04-15T23:56:36","slug":"5-yuzde-bes","status":"publish","type":"product","link":"https:\/\/roveyayinevi.com.tr\/index.php\/urun\/5-yuzde-bes\/","title":{"rendered":"%5 Y\u00fczde Be\u015f"},"content":{"rendered":"<p>Bir mesaj\u0131 iletmenin en etkili yolu nedir? Finansal olarak g\u00fc\u00e7l\u00fc insanlar\u0131n ustala\u015ft\u0131\u011f\u0131 yetenekler nelerdir? 9-5 \u00e7al\u0131\u015farak zengin olunabilir mi? Paray\u0131 kullanmay\u0131 bilmek ne demektir? Zengin olmak i\u00e7in nereden ba\u015flamak gerekir? Okudu\u011funuzda zengin olaca\u011f\u0131n\u0131z bir kitap de\u011fil bu. \u00d6yle b\u00fcy\u00fcl\u00fc bir metin hen\u00fcz yaz\u0131lmad\u0131. Bu kitap bir yol haritas\u0131. Harekete ge\u00e7mek i\u00e7in i\u015faret bekleyenler varsa, bu kitap \u015fimdi ba\u015flamak i\u00e7in bir \u00e7a\u011fr\u0131. Koray G\u00fczelderen, tecr\u00fcbesi sayesinde bu b\u00fcy\u00fck sorulara a\u00e7\u0131k ve anla\u015f\u0131l\u0131r cevaplar veriyor. Daha do\u011frusu hangi sorular\u0131n do\u011fru oldu\u011funa dair bir anahtar sunuyor. Kilit sadece sizin zihniniz. Kap\u0131lar\u0131 a\u00e7maya var m\u0131s\u0131n\u0131z? <\/p>\n","protected":false},"excerpt":{"rendered":"<p>Bir mesaj\u0131 iletmenin en etkili yolu nedir? Finansal olarak g\u00fc\u00e7l\u00fc insanlar\u0131n ustala\u015ft\u0131\u011f\u0131 yetenekler nelerdir? 9-5 \u00e7al\u0131\u015farak zengin olunabilir mi? Paray\u0131 kullanmay\u0131 bilmek ne demektir? Zengin olmak<span class=\"excerpt-hellip\"> [\u2026]<\/span><\/p>\n","protected":false},"featured_media":0,"template":"","meta":{"_monsterinsights_skip_tracking":false,"_monsterinsights_sitenote_active":false,"_monsterinsights_sitenote_note":"","_monsterinsights_sitenote_category":0},"product_brand":[],"product_cat":[12365,12364],"product_tag":[],"class_list":{"0":"post-744637","1":"product","2":"type-product","3":"status-publish","5":"product_cat-diger-genel-konular","6":"product_cat-genel-konular","7":"pa_cilt-ciltsiz","8":"pa_tur-kitap","9":"pa_yayinevi-sapiens-yayinlari","10":"pa_yazar-koray-guzelderen","12":"first","13":"instock","14":"sale","15":"shipping-taxable","16":"purchasable","17":"product-type-simple"},"_links":{"self":[{"href":"https:\/\/roveyayinevi.com.tr\/index.php\/wp-json\/wp\/v2\/product\/744637","targetHints":{"allow":["GET"]}}],"collection":[{"href":"https:\/\/roveyayinevi.com.tr\/index.php\/wp-json\/wp\/v2\/product"}],"about":[{"href":"https:\/\/roveyayinevi.com.tr\/index.php\/wp-json\/wp\/v2\/types\/product"}],"wp:attachment":[{"href":"https:\/\/roveyayinevi.com.tr\/index.php\/wp-json\/wp\/v2\/media?parent=744637"}],"wp:term":[{"taxonomy":"product_brand","embeddable":true,"href":"https:\/\/roveyayinevi.com.tr\/index.php\/wp-json\/wp\/v2\/product_brand?post=744637"},{"taxonomy":"product_cat","embeddable":true,"href":"https:\/\/roveyayinevi.com.tr\/index.php\/wp-json\/wp\/v2\/product_cat?post=744637"},{"taxonomy":"product_tag","embeddable":true,"href":"https:\/\/roveyayinevi.com.tr\/index.php\/wp-json\/wp\/v2\/product_tag?post=744637"}],"curies":[{"name":"wp","href":"https:\/\/api.w.org\/{rel}","templated":true}]}}