{"id":744634,"date":"2025-08-28T02:01:34","date_gmt":"2025-08-27T23:01:34","guid":{"rendered":"https:\/\/roveyayinevi.com.tr\/index.php\/urun\/divrigi-kalesi-kazilari-2\/"},"modified":"2026-04-16T02:56:36","modified_gmt":"2026-04-15T23:56:36","slug":"divrigi-kalesi-kazilari-2","status":"publish","type":"product","link":"https:\/\/roveyayinevi.com.tr\/index.php\/urun\/divrigi-kalesi-kazilari-2\/","title":{"rendered":"Divri\u011fi Kalesi Kaz\u0131lar\u0131 2"},"content":{"rendered":"<p>UNESCO D\u00fcnya Miras Listesi\u2019nde yer alan Divri\u011fi Ulu Cami, Divri\u011fi\u2019nin uluslararas\u0131 alanda tan\u0131nmas\u0131nda \u00f6nemli bir rol oynam\u0131\u015ft\u0131r. Prof. Dr. Erdal Eser taraf\u0131ndan y\u00fcr\u00fct\u00fclen Divri\u011fi Kalesi kaz\u0131lar\u0131nda da Arkeoloji ve Sanat Tarihi bak\u0131m\u0131ndan son derece \u00f6nemli verilere ula\u015f\u0131lm\u0131\u015f, bu veriler s\u0131ras\u0131yla yay\u0131mlanmaya ba\u015flanm\u0131\u015ft\u0131r. Bu kitapta, Divri\u011fi Kalesi kaz\u0131lar\u0131nda bulunan 13.-15. y\u00fczy\u0131llara tarihli seramikler incelenmi\u015ftir. Kitap; renkli resimler, \u00e7izimler, tablolar ve geni\u015f bir kaynak\u00e7a ile zenginle\u015ftirilmi\u015ftir.  <\/p>\n","protected":false},"excerpt":{"rendered":"<p>UNESCO D\u00fcnya Miras Listesi\u2019nde yer alan Divri\u011fi Ulu Cami, Divri\u011fi\u2019nin uluslararas\u0131 alanda tan\u0131nmas\u0131nda \u00f6nemli bir rol oynam\u0131\u015ft\u0131r. Prof. Dr. Erdal Eser taraf\u0131ndan y\u00fcr\u00fct\u00fclen Divri\u011fi Kalesi kaz\u0131lar\u0131nda<span class=\"excerpt-hellip\"> [\u2026]<\/span><\/p>\n","protected":false},"featured_media":0,"template":"","meta":{"_monsterinsights_skip_tracking":false,"_monsterinsights_sitenote_active":false,"_monsterinsights_sitenote_note":"","_monsterinsights_sitenote_category":0},"product_brand":[],"product_cat":[12408,14197],"product_tag":[],"class_list":{"0":"post-744634","1":"product","2":"type-product","3":"status-publish","5":"product_cat-sanat","6":"product_cat-sanat-tarihi","7":"pa_cilt-ciltsiz","8":"pa_tur-kitap","9":"pa_yayinevi-myrina-yayinlari","10":"pa_yazar-busra-yaprak-orhan","12":"first","13":"instock","14":"sale","15":"shipping-taxable","16":"purchasable","17":"product-type-simple"},"_links":{"self":[{"href":"https:\/\/roveyayinevi.com.tr\/index.php\/wp-json\/wp\/v2\/product\/744634","targetHints":{"allow":["GET"]}}],"collection":[{"href":"https:\/\/roveyayinevi.com.tr\/index.php\/wp-json\/wp\/v2\/product"}],"about":[{"href":"https:\/\/roveyayinevi.com.tr\/index.php\/wp-json\/wp\/v2\/types\/product"}],"wp:attachment":[{"href":"https:\/\/roveyayinevi.com.tr\/index.php\/wp-json\/wp\/v2\/media?parent=744634"}],"wp:term":[{"taxonomy":"product_brand","embeddable":true,"href":"https:\/\/roveyayinevi.com.tr\/index.php\/wp-json\/wp\/v2\/product_brand?post=744634"},{"taxonomy":"product_cat","embeddable":true,"href":"https:\/\/roveyayinevi.com.tr\/index.php\/wp-json\/wp\/v2\/product_cat?post=744634"},{"taxonomy":"product_tag","embeddable":true,"href":"https:\/\/roveyayinevi.com.tr\/index.php\/wp-json\/wp\/v2\/product_tag?post=744634"}],"curies":[{"name":"wp","href":"https:\/\/api.w.org\/{rel}","templated":true}]}}