{"id":744633,"date":"2025-08-28T02:01:32","date_gmt":"2025-08-27T23:01:32","guid":{"rendered":"https:\/\/roveyayinevi.com.tr\/index.php\/urun\/bir-garip-parilti\/"},"modified":"2026-04-16T02:56:36","modified_gmt":"2026-04-15T23:56:36","slug":"bir-garip-parilti","status":"publish","type":"product","link":"https:\/\/roveyayinevi.com.tr\/index.php\/urun\/bir-garip-parilti\/","title":{"rendered":"Bir Garip Par\u0131lt\u0131"},"content":{"rendered":"<p>Ege Kor, Bilkent \u00dcniversitesi\u2019ni \u201c\u00fcst\u00fcn \u015feref\u201d belgesi alarak tamamlam\u0131\u015f, 1999 do\u011fumlu gen\u00e7 bir \u015fair. Bu gen\u00e7 ya\u015f\u0131na ra\u011fmen gezmi\u015f, g\u00f6rm\u00fc\u015f, okumu\u015f ve biriktirmi\u015f. Bu birikimlerini de \u201c\u015fiir\u201d halinde d\u0131\u015fa vurmu\u015f. Bu kitapta bu d\u0131\u015fa vurumu g\u00f6receksiniz. \u201cBir Garip Par\u0131lt\u0131\u201d adl\u0131 kitab\u0131nda 85 adet \u015fiir bulunmaktad\u0131r. Ba\u011f\u0131ms\u0131z bir tarzda yaz\u0131lm\u0131\u015f olan \u015fiirlerinde kimi zaman keskin bir ele\u015ftiri, kimi zaman derin bir d\u00fc\u015f\u00fcnce sakl\u0131d\u0131r. \u015eiirlerinde, gen\u00e7 ya\u015f\u0131na ra\u011fmen, derin bilgi birikiminin ve d\u00fcnya g\u00f6r\u00fc\u015f\u00fcn\u00fcn izleri g\u00f6r\u00fclmektedir. Zevkle okuyaca\u011f\u0131n\u0131z\u0131 umuyoruz.     <\/p>\n","protected":false},"excerpt":{"rendered":"<p>Ege Kor, Bilkent \u00dcniversitesi\u2019ni \u201c\u00fcst\u00fcn \u015feref\u201d belgesi alarak tamamlam\u0131\u015f, 1999 do\u011fumlu gen\u00e7 bir \u015fair. Bu gen\u00e7 ya\u015f\u0131na ra\u011fmen gezmi\u015f, g\u00f6rm\u00fc\u015f, okumu\u015f ve biriktirmi\u015f. Bu birikimlerini de<span class=\"excerpt-hellip\"> [\u2026]<\/span><\/p>\n","protected":false},"featured_media":0,"template":"","meta":{"_monsterinsights_skip_tracking":false,"_monsterinsights_sitenote_active":false,"_monsterinsights_sitenote_note":"","_monsterinsights_sitenote_category":0},"product_brand":[],"product_cat":[12291,12509],"product_tag":[],"class_list":{"0":"post-744633","1":"product","2":"type-product","3":"status-publish","5":"product_cat-edebiyat","6":"product_cat-siir","7":"pa_cilt-ciltsiz","8":"pa_tur-kitap","9":"pa_yayinevi-myrina-yayinlari","10":"pa_yazar-ege-kor","12":"first","13":"instock","14":"sale","15":"shipping-taxable","16":"purchasable","17":"product-type-simple"},"_links":{"self":[{"href":"https:\/\/roveyayinevi.com.tr\/index.php\/wp-json\/wp\/v2\/product\/744633","targetHints":{"allow":["GET"]}}],"collection":[{"href":"https:\/\/roveyayinevi.com.tr\/index.php\/wp-json\/wp\/v2\/product"}],"about":[{"href":"https:\/\/roveyayinevi.com.tr\/index.php\/wp-json\/wp\/v2\/types\/product"}],"wp:attachment":[{"href":"https:\/\/roveyayinevi.com.tr\/index.php\/wp-json\/wp\/v2\/media?parent=744633"}],"wp:term":[{"taxonomy":"product_brand","embeddable":true,"href":"https:\/\/roveyayinevi.com.tr\/index.php\/wp-json\/wp\/v2\/product_brand?post=744633"},{"taxonomy":"product_cat","embeddable":true,"href":"https:\/\/roveyayinevi.com.tr\/index.php\/wp-json\/wp\/v2\/product_cat?post=744633"},{"taxonomy":"product_tag","embeddable":true,"href":"https:\/\/roveyayinevi.com.tr\/index.php\/wp-json\/wp\/v2\/product_tag?post=744633"}],"curies":[{"name":"wp","href":"https:\/\/api.w.org\/{rel}","templated":true}]}}