{"id":744630,"date":"2025-08-28T02:01:27","date_gmt":"2025-08-27T23:01:27","guid":{"rendered":"https:\/\/roveyayinevi.com.tr\/index.php\/urun\/icimdeki-melodi\/"},"modified":"2026-04-16T02:56:36","modified_gmt":"2026-04-15T23:56:36","slug":"icimdeki-melodi","status":"publish","type":"product","link":"https:\/\/roveyayinevi.com.tr\/index.php\/urun\/icimdeki-melodi\/","title":{"rendered":"\u0130\u00e7imdeki Melodi"},"content":{"rendered":"<p>New York Times \u00c7ok Satan listelerinde aylarcayerini koruyan ve farkl\u0131 milletlerden milyonlarca okurun kalbindetaht kuran \u0130\u00e7imdeki M\u00fczik\u2019in bu \u00e7arp\u0131c\u0131 devam roman\u0131nda Melody,tutkusunun pe\u015finden gidebilmek ad\u0131na korkular\u0131yla y\u00fczle\u015fiyor.Melody, art\u0131k daha b\u00fcy\u00fck ve daha cesur bir gen\u00e7 k\u0131zd\u0131r. Onungibi farkl\u0131 yeteneklere sahip \u00e7ocuklara y\u00f6nelik kamplar oldu\u011funuke\u015ffettikten sonra, bir kampa gidebilmek i\u00e7in can at\u0131yor. Ormanday\u00fcr\u00fcyebilece\u011fi, \u00e7elik halatla u\u00e7abilece\u011fi ve hatta ata binebilece\u011fibir yer! Belki de sonunda ger\u00e7ek bir arkada\u015f edinebilece\u011fi, kendikararlar\u0131n\u0131 verebilece\u011fi hatta kendi ba\u015f\u0131na bir \u015feyler yapabilece\u011fibir yer &#8211; r\u00fcya gibi! Melody, titreyen kamp ate\u015finin \u0131\u015f\u0131\u011f\u0131nda vef\u0131rt\u0131nalar\u0131n g\u00fcc\u00fcyle ger\u00e7ekten ne kadar cesur veg\u00fc\u00e7l\u00fc bir gen\u00e7 k\u0131z oldu\u011funu ke\u015ffetmek \u00fczere. \u201cSevilen bir hik\u00e2yenin tatmin eden, k\u0131ymetli devam\u0131.\u201d -Kirkus Review \u201cMelody\u2019nin sesi her zamanki gibi esprili. \u00c7e\u015fitli etnik k\u00f6kenlerdenve engellere sahip yard\u0131mc\u0131 karakterler ona sayg\u0131yla yakla\u015f\u0131yor&#8230;Onu ger\u00e7ekten anlayan bir toplulu\u011fun par\u00e7as\u0131 olmu\u015f durumda.\u201d -Publishers Weekly \u201cBu kitapta Melody okulla alakal\u0131 t\u00fcm problemleri ves\u0131n\u0131rlar\u0131 a\u015fm\u0131\u015f bir gen\u00e7 k\u0131z olarak kar\u015f\u0131m\u0131za yeniden \u00e7\u0131k\u0131yor.Ama bekleyin! Hen\u00fcz hi\u00e7bir \u015fey g\u00f6rmediniz.\u201d-GoodReads<\/p>\n","protected":false},"excerpt":{"rendered":"<p>New York Times \u00c7ok Satan listelerinde aylarcayerini koruyan ve farkl\u0131 milletlerden milyonlarca okurun kalbindetaht kuran \u0130\u00e7imdeki M\u00fczik\u2019in bu \u00e7arp\u0131c\u0131 devam roman\u0131nda Melody,tutkusunun pe\u015finden gidebilmek ad\u0131na korkular\u0131yla<span class=\"excerpt-hellip\"> [\u2026]<\/span><\/p>\n","protected":false},"featured_media":0,"template":"","meta":{"_monsterinsights_skip_tracking":false,"_monsterinsights_sitenote_active":false,"_monsterinsights_sitenote_note":"","_monsterinsights_sitenote_category":0},"product_brand":[],"product_cat":[12291,12711],"product_tag":[],"class_list":{"0":"post-744630","1":"product","2":"type-product","3":"status-publish","5":"product_cat-edebiyat","6":"product_cat-roman-oyku","7":"pa_cilt-ciltsiz","8":"pa_tur-kitap","9":"pa_yayinevi-genc-timas","10":"pa_yazar-sharon-m-draper","12":"first","13":"instock","14":"sale","15":"shipping-taxable","16":"purchasable","17":"product-type-simple"},"_links":{"self":[{"href":"https:\/\/roveyayinevi.com.tr\/index.php\/wp-json\/wp\/v2\/product\/744630","targetHints":{"allow":["GET"]}}],"collection":[{"href":"https:\/\/roveyayinevi.com.tr\/index.php\/wp-json\/wp\/v2\/product"}],"about":[{"href":"https:\/\/roveyayinevi.com.tr\/index.php\/wp-json\/wp\/v2\/types\/product"}],"wp:attachment":[{"href":"https:\/\/roveyayinevi.com.tr\/index.php\/wp-json\/wp\/v2\/media?parent=744630"}],"wp:term":[{"taxonomy":"product_brand","embeddable":true,"href":"https:\/\/roveyayinevi.com.tr\/index.php\/wp-json\/wp\/v2\/product_brand?post=744630"},{"taxonomy":"product_cat","embeddable":true,"href":"https:\/\/roveyayinevi.com.tr\/index.php\/wp-json\/wp\/v2\/product_cat?post=744630"},{"taxonomy":"product_tag","embeddable":true,"href":"https:\/\/roveyayinevi.com.tr\/index.php\/wp-json\/wp\/v2\/product_tag?post=744630"}],"curies":[{"name":"wp","href":"https:\/\/api.w.org\/{rel}","templated":true}]}}