{"id":744629,"date":"2025-08-28T02:00:53","date_gmt":"2025-08-27T23:00:53","guid":{"rendered":"https:\/\/roveyayinevi.com.tr\/index.php\/urun\/saglik-psikolojisi\/"},"modified":"2026-04-16T02:56:36","modified_gmt":"2026-04-15T23:56:36","slug":"saglik-psikolojisi","status":"publish","type":"product","link":"https:\/\/roveyayinevi.com.tr\/index.php\/urun\/saglik-psikolojisi\/","title":{"rendered":"Sa\u011fl\u0131k Psikolojisi"},"content":{"rendered":"<p>Bu kitap, klasik bilgi ve uygulamalar\u0131n yan\u0131 s\u0131ra g\u00fcncel bilgilerin ve uygulamalar\u0131n ele al\u0131nmas\u0131ndan yola \u00e7\u0131k\u0131larak haz\u0131rlanm\u0131\u015ft\u0131r. Psikoloji ve sa\u011fl\u0131k kavramlar\u0131n\u0131n alanlar\u0131 ve i\u00e7erikleri olduk\u00e7a geni\u015f oldu\u011fundan sa\u011fl\u0131k psikolojisinin s\u0131n\u0131rlar\u0131n\u0131 da tam olarak \u00e7izmek m\u00fcmk\u00fcn de\u011fildir. Bu kitapta sistemlerden k\u0131sa ve \u00f6z olarak bahsedilmi\u015f, her sistem i\u00e7inde \u00f6rnek olarak s\u0131k g\u00f6r\u00fclen birka\u00e7 hastal\u0131\u011f\u0131n anlat\u0131m\u0131 ile yetinilmi\u015ftir. Psikoloji alan\u0131nda \u00e7al\u0131\u015fanlar i\u00e7in sa\u011fl\u0131k, hastal\u0131k, hastal\u0131klar\u0131n nedenleri, tetikleyicileri, tan\u0131lar\u0131, tedavileri ve korunma y\u00f6ntemleri hakk\u0131nda bilgi vermek i\u00e7in genel bir \u00e7er\u00e7eve \u00e7izilmi\u015f ve ana konulardan fazla uzakla\u015fmadan konular i\u015flenmeye \u00e7al\u0131\u015f\u0131lm\u0131\u015ft\u0131r.<\/p>\n","protected":false},"excerpt":{"rendered":"<p>Bu kitap, klasik bilgi ve uygulamalar\u0131n yan\u0131 s\u0131ra g\u00fcncel bilgilerin ve uygulamalar\u0131n ele al\u0131nmas\u0131ndan yola \u00e7\u0131k\u0131larak haz\u0131rlanm\u0131\u015ft\u0131r. Psikoloji ve sa\u011fl\u0131k kavramlar\u0131n\u0131n alanlar\u0131 ve i\u00e7erikleri olduk\u00e7a geni\u015f<span class=\"excerpt-hellip\"> [\u2026]<\/span><\/p>\n","protected":false},"featured_media":0,"template":"","meta":{"_monsterinsights_skip_tracking":false,"_monsterinsights_sitenote_active":false,"_monsterinsights_sitenote_note":"","_monsterinsights_sitenote_category":0},"product_brand":[],"product_cat":[12358,12357],"product_tag":[],"class_list":{"0":"post-744629","1":"product","2":"type-product","3":"status-publish","5":"product_cat-genel-psikoloji","6":"product_cat-psikoloji","7":"pa_cilt-ciltsiz","8":"pa_tur-kitap","9":"pa_yayinevi-ani-yayincilik","10":"pa_yazar-kolektif","12":"first","13":"instock","14":"sale","15":"shipping-taxable","16":"purchasable","17":"product-type-simple"},"_links":{"self":[{"href":"https:\/\/roveyayinevi.com.tr\/index.php\/wp-json\/wp\/v2\/product\/744629","targetHints":{"allow":["GET"]}}],"collection":[{"href":"https:\/\/roveyayinevi.com.tr\/index.php\/wp-json\/wp\/v2\/product"}],"about":[{"href":"https:\/\/roveyayinevi.com.tr\/index.php\/wp-json\/wp\/v2\/types\/product"}],"wp:attachment":[{"href":"https:\/\/roveyayinevi.com.tr\/index.php\/wp-json\/wp\/v2\/media?parent=744629"}],"wp:term":[{"taxonomy":"product_brand","embeddable":true,"href":"https:\/\/roveyayinevi.com.tr\/index.php\/wp-json\/wp\/v2\/product_brand?post=744629"},{"taxonomy":"product_cat","embeddable":true,"href":"https:\/\/roveyayinevi.com.tr\/index.php\/wp-json\/wp\/v2\/product_cat?post=744629"},{"taxonomy":"product_tag","embeddable":true,"href":"https:\/\/roveyayinevi.com.tr\/index.php\/wp-json\/wp\/v2\/product_tag?post=744629"}],"curies":[{"name":"wp","href":"https:\/\/api.w.org\/{rel}","templated":true}]}}