{"id":744626,"date":"2025-08-28T02:00:50","date_gmt":"2025-08-27T23:00:50","guid":{"rendered":"https:\/\/roveyayinevi.com.tr\/index.php\/urun\/ilmi-ve-edebi-yazilar-bilim-din-barisi-icin\/"},"modified":"2026-04-16T02:56:36","modified_gmt":"2026-04-15T23:56:36","slug":"ilmi-ve-edebi-yazilar-bilim-din-barisi-icin","status":"publish","type":"product","link":"https:\/\/roveyayinevi.com.tr\/index.php\/urun\/ilmi-ve-edebi-yazilar-bilim-din-barisi-icin\/","title":{"rendered":"\u0130lmi ve Edebi Yaz\u0131lar (Bilim-Din Bar\u0131\u015f\u0131 \u0130\u00e7in)"},"content":{"rendered":"<p>Evet, varl\u0131k enerji, yaz\u0131l\u0131m ve evrimden (istek ve geli\u015fme meylinden) olu\u015fuyor. Enerji b\u00fct\u00fcn \u00f6zellikleriyle fizik\u00e7iler taraf\u0131ndan yeteri kadar anlat\u0131lm\u0131\u015ft\u0131r. Evrimi de ta Yunan kadim d\u00f6neminden beri bir\u00e7ok d\u00fc\u015f\u00fcn\u00fcr, onu anlam\u0131\u015f; yani varl\u0131\u011f\u0131n i\u00e7inde geli\u015fme meyli oldu\u011funu g\u00f6zlemlemi\u015f ve yaz\u0131ya ge\u00e7irmi\u015ftir. Yaz\u0131l\u0131ma gelince, Aristo 2300 y\u0131l \u00f6nce: \u201cE\u015fya, Heyula ve Suretten olu\u015fur,\u201d dedi. Bug\u00fcnk\u00fc tabir ile e\u015fya, enerji ve yaz\u0131l\u0131mdan ibarettir, dedi. \u0130nsan\u0131n ruhu ve ki\u015fili\u011fi Formdan bug\u00fcnk\u00fc tabir ile Yaz\u0131l\u0131mdan olu\u015fur, diye s\u00f6yledi. O g\u00fcn yaz\u0131l\u0131m\u0131n mahiyeti ve teknolojisi bilinmiyordu. Fakat nesneleri nesne yapan, insanlar\u0131 ruhlu yapan formdur, demesi b\u00fcy\u00fck bir ke\u015fiftir. Maalesef bu form ger\u00e7e\u011fi, Orta \u00c7a\u011f bilginleri taraf\u0131ndan basit maddi bir \u015fekil diye anla\u015f\u0131ld\u0131, manas\u0131 u\u00e7tu gitti. Halbuki form giydirmek tam manas\u0131yla yaratmak, demektir. \u00c7\u00fcnk\u00fc Arap\u00e7adaki halk etme, etimolojik olarak bi\u00e7im ve \u015fekil verme demektir. Yoktan yaratma demek de\u011fildir. Yoktan yaratman\u0131n ismi ise, ihtirad\u0131r.Evet, Yaz\u0131l\u0131m Allah\u2019\u0131n ilmidir. Soyut, somut hatta beynimizdeki gizli niyet datalar\u0131 dahi, her \u015fey yaz\u0131l\u0131md\u0131r. Yani Allah, \u015fey denilen b\u00fct\u00fcn nesneleri, niyetleri ve elektronlar\u0131 dahi biliyor.K\u00e2inat, enerji malzemesi d\u0131\u015f\u0131nda bu yaz\u0131l\u0131m ile atom, h\u00fccre, y\u0131ld\u0131z, ekoloji ve saire varl\u0131klar oluyor. Malzeme Allah\u2019\u0131n kudreti, yaz\u0131l\u0131m Allah\u2019\u0131n ilmi, geli\u015fme s\u00fcreci Allah\u2019\u0131n iradesi. Said Nursi bu \u00fc\u00e7 isim i\u00e7in bin sayfa yer ay\u0131rm\u0131\u015ft\u0131r. Kainattaki en temel nitelik ilim ve yaz\u0131l\u0131md\u0131r. Onun i\u00e7in \u0130bn Arab\u00ee, Allah\u2019\u0131n en b\u00fcy\u00fck ismi ilimdir. Ve di\u011fer b\u00fct\u00fcn nitelikler (isimler) ilme s\u0131\u011f\u0131nm\u0131\u015flar, sen olmazsan biz var olamay\u0131z, dediklerini ke\u015ffen g\u00f6rm\u00fc\u015ft\u00fcr. Her isim bir dosya oldu\u011fu i\u00e7in ki\u015filikleri ve konu\u015fmalar\u0131 s\u00f6z konusudur. Evet, yaz\u0131l\u0131m ve ilim olmazsa varolu\u015f asla ger\u00e7ekle\u015fmez. Evren bir enerji y\u0131\u011f\u0131n\u0131 olarak kal\u0131r.Evet, Allah\u2019\u0131n \u00d6z Varl\u0131\u011f\u0131 ilim ve yaz\u0131l\u0131md\u0131r; ruhun mahiyeti, enerji giydirilmi\u015f yaz\u0131l\u0131md\u0131r. \u00dc\u00e7 bu\u00e7uk milyar y\u0131ll\u0131k bilgileri kendinde toplayan DNA, bir yaz\u0131l\u0131md\u0131r. Sonsuz k\u00e2inata kainatlar katan, insan\u0131n biyolojik, psikolojik ve sosyal hayat\u0131ndaki yaz\u0131l\u0131mlard\u0131r. Evrimde de t\u00fcr\u00fcn mahiyeti mutasyonlarla de\u011fi\u015fince yaz\u0131l\u0131m\u0131 yani ruhu da de\u011fi\u015fiyor. Din\u00ee tabir ile o canl\u0131ya yeni bir ruh \u00fcfleniyor. (Araf, 172)<\/p>\n","protected":false},"excerpt":{"rendered":"<p>Evet, varl\u0131k enerji, yaz\u0131l\u0131m ve evrimden (istek ve geli\u015fme meylinden) olu\u015fuyor. Enerji b\u00fct\u00fcn \u00f6zellikleriyle fizik\u00e7iler taraf\u0131ndan yeteri kadar anlat\u0131lm\u0131\u015ft\u0131r. Evrimi de ta Yunan kadim d\u00f6neminden beri<span class=\"excerpt-hellip\"> [\u2026]<\/span><\/p>\n","protected":false},"featured_media":0,"template":"","meta":{"_monsterinsights_skip_tracking":false,"_monsterinsights_sitenote_active":false,"_monsterinsights_sitenote_note":"","_monsterinsights_sitenote_category":0},"product_brand":[],"product_cat":[12777,12291],"product_tag":[],"class_list":{"0":"post-744626","1":"product","2":"type-product","3":"status-publish","5":"product_cat-deneme","6":"product_cat-edebiyat","7":"pa_cilt-ciltsiz","8":"pa_tur-kitap","9":"pa_yayinevi-gulnar-yayinlari","10":"pa_yazar-bahaeddin-saglam","12":"first","13":"instock","14":"sale","15":"shipping-taxable","16":"purchasable","17":"product-type-simple"},"_links":{"self":[{"href":"https:\/\/roveyayinevi.com.tr\/index.php\/wp-json\/wp\/v2\/product\/744626","targetHints":{"allow":["GET"]}}],"collection":[{"href":"https:\/\/roveyayinevi.com.tr\/index.php\/wp-json\/wp\/v2\/product"}],"about":[{"href":"https:\/\/roveyayinevi.com.tr\/index.php\/wp-json\/wp\/v2\/types\/product"}],"wp:attachment":[{"href":"https:\/\/roveyayinevi.com.tr\/index.php\/wp-json\/wp\/v2\/media?parent=744626"}],"wp:term":[{"taxonomy":"product_brand","embeddable":true,"href":"https:\/\/roveyayinevi.com.tr\/index.php\/wp-json\/wp\/v2\/product_brand?post=744626"},{"taxonomy":"product_cat","embeddable":true,"href":"https:\/\/roveyayinevi.com.tr\/index.php\/wp-json\/wp\/v2\/product_cat?post=744626"},{"taxonomy":"product_tag","embeddable":true,"href":"https:\/\/roveyayinevi.com.tr\/index.php\/wp-json\/wp\/v2\/product_tag?post=744626"}],"curies":[{"name":"wp","href":"https:\/\/api.w.org\/{rel}","templated":true}]}}