{"id":744624,"date":"2025-08-28T02:00:47","date_gmt":"2025-08-27T23:00:47","guid":{"rendered":"https:\/\/roveyayinevi.com.tr\/index.php\/urun\/bir-koy-yasamindan-masalsi-anilar\/"},"modified":"2026-04-16T02:56:36","modified_gmt":"2026-04-15T23:56:36","slug":"bir-koy-yasamindan-masalsi-anilar","status":"publish","type":"product","link":"https:\/\/roveyayinevi.com.tr\/index.php\/urun\/bir-koy-yasamindan-masalsi-anilar\/","title":{"rendered":"Bir K\u00f6y Ya\u015fam\u0131ndan Masals\u0131 An\u0131lar"},"content":{"rendered":"<p>Hayat\u0131 ilk alg\u0131lad\u0131\u011f\u0131m g\u00fcn neydi? Hangi g\u00fcnd\u00fc? Pazartesi, per\u015fembe, cuma m\u0131yd\u0131? Hava nas\u0131ld\u0131? G\u00fcne\u015fli mi, s\u0131cak m\u0131, so\u011fuk mu, ya\u011f\u0131\u015fl\u0131 m\u0131yd\u0131? Veya boyum ka\u00e7t\u0131? Kilom ne kadard\u0131? Bunlar\u0131n hi\u00e7birini bilmiyorum. Bu konuda hi\u00e7bir \u015fey hat\u0131rlam\u0131yorum. Bildiklerim sadece hayal meyal g\u00f6zlerimin \u00f6n\u00fcne gelen ve sisli bir atmosferin i\u00e7erisindeki siluetler gibi hareket eden d\u00f6rt ya\u015f \u00e7ocuklu\u011fum&#8230; Bir di\u011fer deyi\u015fle 1968 y\u0131l\u0131n\u0131n ilk aylar\u0131\u2026 Ve bu aylardan ba\u015flayan, ya\u015f\u0131m ilerledik\u00e7e netle\u015fen, nihayet 1974 y\u0131l\u0131na kadar iyice belirgin h\u00e2le gelen alt\u0131 y\u0131ll\u0131k bir zaman dilimi\u2026 Dahas\u0131 gariban ve yoksul oldu\u011fu kadar hayata tutunmaya \u00e7al\u0131\u015fan, kendi ya\u011f\u0131yla kavrulan, g\u00fcnleri k\u00e2h huzur k\u00e2h h\u00fcz\u00fcnle ge\u00e7en bir ev. Ve bu evde anne, baba, a\u011fabey ve sonraki y\u0131llarda d\u00fcnyaya gelen iki k\u0131z karde\u015fle birlikte alt\u0131 ki\u015filik bir aile. Bir de yakla\u015f\u0131k elli hanelik bir k\u00f6y. Ayd\u0131n ili Nazilli il\u00e7esinin be\u015f kilometre kuzeyinde yer alan Derea\u011fz\u0131 k\u00f6y\u00fc. Veya \u015fu anki resm\u00ee s\u00f6ylemiyle Derea\u011fz\u0131 Mahallesi. Bu mahallede yakla\u015f\u0131k yar\u0131m y\u00fczy\u0131l \u00f6nce ya\u015fananlar\u2026 An\u0131lar, ya\u015fant\u0131lar, ac\u0131 ve tatl\u0131 olaylar\u2026 Bir \u00e7ocuk g\u00f6z\u00fcyle hayata ili\u015fkin tan\u0131kl\u0131klar\u2026<\/p>\n","protected":false},"excerpt":{"rendered":"<p>Hayat\u0131 ilk alg\u0131lad\u0131\u011f\u0131m g\u00fcn neydi? Hangi g\u00fcnd\u00fc? Pazartesi, per\u015fembe, cuma m\u0131yd\u0131? Hava nas\u0131ld\u0131? G\u00fcne\u015fli mi, s\u0131cak m\u0131, so\u011fuk mu, ya\u011f\u0131\u015fl\u0131 m\u0131yd\u0131? Veya boyum ka\u00e7t\u0131? Kilom ne<span class=\"excerpt-hellip\"> [\u2026]<\/span><\/p>\n","protected":false},"featured_media":0,"template":"","meta":{"_monsterinsights_skip_tracking":false,"_monsterinsights_sitenote_active":false,"_monsterinsights_sitenote_note":"","_monsterinsights_sitenote_category":0},"product_brand":[],"product_cat":[13701,12291],"product_tag":[],"class_list":{"0":"post-744624","1":"product","2":"type-product","3":"status-publish","5":"product_cat-ani-mektup-gunluk","6":"product_cat-edebiyat","7":"pa_cilt-ciltsiz","8":"pa_tur-kitap","9":"pa_yayinevi-yade-yayinlari","10":"pa_yazar-mesut-ozunlu","12":"first","13":"instock","14":"sale","15":"shipping-taxable","16":"purchasable","17":"product-type-simple"},"_links":{"self":[{"href":"https:\/\/roveyayinevi.com.tr\/index.php\/wp-json\/wp\/v2\/product\/744624","targetHints":{"allow":["GET"]}}],"collection":[{"href":"https:\/\/roveyayinevi.com.tr\/index.php\/wp-json\/wp\/v2\/product"}],"about":[{"href":"https:\/\/roveyayinevi.com.tr\/index.php\/wp-json\/wp\/v2\/types\/product"}],"wp:attachment":[{"href":"https:\/\/roveyayinevi.com.tr\/index.php\/wp-json\/wp\/v2\/media?parent=744624"}],"wp:term":[{"taxonomy":"product_brand","embeddable":true,"href":"https:\/\/roveyayinevi.com.tr\/index.php\/wp-json\/wp\/v2\/product_brand?post=744624"},{"taxonomy":"product_cat","embeddable":true,"href":"https:\/\/roveyayinevi.com.tr\/index.php\/wp-json\/wp\/v2\/product_cat?post=744624"},{"taxonomy":"product_tag","embeddable":true,"href":"https:\/\/roveyayinevi.com.tr\/index.php\/wp-json\/wp\/v2\/product_tag?post=744624"}],"curies":[{"name":"wp","href":"https:\/\/api.w.org\/{rel}","templated":true}]}}