{"id":744622,"date":"2025-08-28T02:00:45","date_gmt":"2025-08-27T23:00:45","guid":{"rendered":"https:\/\/roveyayinevi.com.tr\/index.php\/urun\/istatistiksel-tekniklerle-guncel-analizler\/"},"modified":"2026-04-16T02:56:36","modified_gmt":"2026-04-15T23:56:36","slug":"istatistiksel-tekniklerle-guncel-analizler","status":"publish","type":"product","link":"https:\/\/roveyayinevi.com.tr\/index.php\/urun\/istatistiksel-tekniklerle-guncel-analizler\/","title":{"rendered":"\u0130statistiksel Tekniklerle G\u00fcncel Analizler"},"content":{"rendered":"<p>. Genetik Algoritma ve Par\u00e7ac\u0131k S\u00fcr\u00fc Optimizasyonu ile Portf\u00f6y Optimizasyonu   2. Roc Analizinde Optimal S\u0131n\u0131r De\u011feri Hesaplama Y\u00f6ntemleri   3. Covid-19 Salg\u0131n S\u00fcrecinde Banka \u00c7al\u0131\u015fanlar\u0131n\u0131n Stres ve T\u00fckenmi\u015flik D\u00fczeyleri \u00dczerine Bir Ara\u015ft\u0131rma   4. Ulusal Para Biriminden Finansman Sa\u011flayamama Sorunu (\u0130lkg\u00fcnah) Belirleyicileri: T\u00fcrkiye\u2019de Kamu ve \u00d6zel Sekt\u00f6r \u00dczerine Bir \u0130nceleme   5. T\u00fcrkiye\u2019deki \u0130llerin Modele Dayal\u0131 K\u00fcmeleme Analizi ile Geli\u015fmi\u015flik D\u00fczeylerinin Belirlenmesi   6. T\u00fcrkiye Covid-19 Vaka Say\u0131lar\u0131 ile Google Topluluk Hareket Raporlar\u0131 Aras\u0131ndaki \u0130li\u015fkilerin \u0130ncelenmesi: ARDL Modeli, Mevsimsel Etkiler ve Nedensellik Analizi 7. T\u00fcrkiye\u2019de Lisans\u00fcst\u00fc Mezuniyet Kriterlerinin De\u011ferlendirilmesi: E-Delphi Tekni\u011fi Uygulamas\u0131   8. Adana Mutfa\u011f\u0131n\u0131n Korunmas\u0131nda Y\u00f6resel Yiyecek Kullan\u0131m\u0131n\u0131n A\u015f\u00e7\u0131lar\u0131n Alg\u0131lar\u0131 Kapsam\u0131nda \u0130statistiksel Analizlerle Tespiti   9. Kategorik Verilerde Benzerlik \u00d6l\u00e7\u00fclerinin K\u00fcmeleme Performanslar\u0131na Etkisinin \u0130ncelenmesi   10. Liu Estimator In The Multinomial Logistic Regression Model <\/p>\n","protected":false},"excerpt":{"rendered":"<p>. Genetik Algoritma ve Par\u00e7ac\u0131k S\u00fcr\u00fc Optimizasyonu ile Portf\u00f6y Optimizasyonu 2. Roc Analizinde Optimal S\u0131n\u0131r De\u011feri Hesaplama Y\u00f6ntemleri 3. Covid-19 Salg\u0131n S\u00fcrecinde Banka \u00c7al\u0131\u015fanlar\u0131n\u0131n Stres ve<span class=\"excerpt-hellip\"> [\u2026]<\/span><\/p>\n","protected":false},"featured_media":0,"template":"","meta":{"_monsterinsights_skip_tracking":false,"_monsterinsights_sitenote_active":false,"_monsterinsights_sitenote_note":"","_monsterinsights_sitenote_category":0},"product_brand":[],"product_cat":[14841,13043],"product_tag":[],"class_list":{"0":"post-744622","1":"product","2":"type-product","3":"status-publish","5":"product_cat-arastirma-inceleme-kuram","6":"product_cat-ekonomi","7":"pa_cilt-ciltsiz","8":"pa_tur-kitap","9":"pa_yayinevi-gazi-kitabevi","10":"pa_yazar-kolektif","12":"first","13":"instock","14":"sale","15":"shipping-taxable","16":"purchasable","17":"product-type-simple"},"_links":{"self":[{"href":"https:\/\/roveyayinevi.com.tr\/index.php\/wp-json\/wp\/v2\/product\/744622","targetHints":{"allow":["GET"]}}],"collection":[{"href":"https:\/\/roveyayinevi.com.tr\/index.php\/wp-json\/wp\/v2\/product"}],"about":[{"href":"https:\/\/roveyayinevi.com.tr\/index.php\/wp-json\/wp\/v2\/types\/product"}],"wp:attachment":[{"href":"https:\/\/roveyayinevi.com.tr\/index.php\/wp-json\/wp\/v2\/media?parent=744622"}],"wp:term":[{"taxonomy":"product_brand","embeddable":true,"href":"https:\/\/roveyayinevi.com.tr\/index.php\/wp-json\/wp\/v2\/product_brand?post=744622"},{"taxonomy":"product_cat","embeddable":true,"href":"https:\/\/roveyayinevi.com.tr\/index.php\/wp-json\/wp\/v2\/product_cat?post=744622"},{"taxonomy":"product_tag","embeddable":true,"href":"https:\/\/roveyayinevi.com.tr\/index.php\/wp-json\/wp\/v2\/product_tag?post=744622"}],"curies":[{"name":"wp","href":"https:\/\/api.w.org\/{rel}","templated":true}]}}