{"id":744621,"date":"2025-08-28T02:00:45","date_gmt":"2025-08-27T23:00:45","guid":{"rendered":"https:\/\/roveyayinevi.com.tr\/index.php\/urun\/dijital-cagda-urun\/"},"modified":"2026-04-16T02:56:36","modified_gmt":"2026-04-15T23:56:36","slug":"dijital-cagda-urun","status":"publish","type":"product","link":"https:\/\/roveyayinevi.com.tr\/index.php\/urun\/dijital-cagda-urun\/","title":{"rendered":"Dijital \u00c7a\u011fda \u00dcr\u00fcn"},"content":{"rendered":"<p>1.      B\u00d6L\u00dcM \u00dcR\u00dcNLER, H\u0130ZMETLER VE DENEY\u0130MLER   2.      B\u00d6L\u00dcM \u00dcR\u00dcN D\u00dcZEYLER\u0130, \u00dcR\u00dcN HATTI VE \u00dcR\u00dcN KARMASI KARARLARI   3.      B\u00d6L\u00dcM \u00dcR\u00dcN Y\u00d6NET\u0130M\u0130NDE PAZAR ARA\u015eTIRMASI, KONUMLANDIRMA VE FARKLILA\u015eTIRMA   4.      B\u00d6L\u00dcM D\u0130J\u0130TAL D\u00d6N\u00dc\u015e\u00dcM S\u00dcREC\u0130NDE \u00dcRET\u0130M VE TEDAR\u0130K Z\u0130NC\u0130R\u0130 Y\u00d6NET\u0130M\u0130   5.      B\u00d6L\u00dcM \u00dcR\u00dcN Y\u00d6NET\u0130M\u0130, \u00dcR\u00dcN STRATEJ\u0130LER\u0130 VE ULUSLARARASI \u00dcR\u00dcN STRATEJ\u0130LER\u0130   6.      B\u00d6L\u00dcM \u00dcR\u00dcN HAYAT SEYR\u0130 VE PAZARLAMA STRATEJ\u0130LER\u0130   7.      B\u00d6L\u00dcM YEN\u0130L\u0130K VE YEN\u0130 \u00dcR\u00dcN GEL\u0130\u015eT\u0130RME S\u00dcREC\u0130 8.      B\u00d6L\u00dcM \u00dcR\u00dcN TASARIMI, AMBALAJLAMA VE ET\u0130KETLEME   9.      B\u00d6L\u00dcM MARKA VE MARKA STRATEJ\u0130LER\u0130   10.      B\u00d6L\u00dcM \u00dcR\u00dcN GARANT\u0130LER\u0130 VE SATI\u015e SONRASI M\u00dc\u015eTER\u0130 H\u0130ZMETLER\u0130   11.      B\u00d6L\u00dcM H\u0130ZMET PAZARLAMASI VE KAL\u0130TE   12.      B\u00d6L\u00dcM DENEY\u0130MSEL PAZARLAMA VE YEN\u0130 T\u00dcKET\u0130C\u0130   13.      B\u00d6L\u00dcM D\u0130J\u0130TAL \u00dcR\u00dcN  14.      B\u00d6L\u00dcM \u00dcR\u00dcNDE S\u00dcRD\u00dcR\u00dcLEB\u0130L\u0130RL\u0130K <\/p>\n","protected":false},"excerpt":{"rendered":"<p>1. B\u00d6L\u00dcM \u00dcR\u00dcNLER, H\u0130ZMETLER VE DENEY\u0130MLER 2. B\u00d6L\u00dcM \u00dcR\u00dcN D\u00dcZEYLER\u0130, \u00dcR\u00dcN HATTI VE \u00dcR\u00dcN KARMASI KARARLARI 3. B\u00d6L\u00dcM \u00dcR\u00dcN Y\u00d6NET\u0130M\u0130NDE PAZAR ARA\u015eTIRMASI, KONUMLANDIRMA VE FARKLILA\u015eTIRMA 4.<span class=\"excerpt-hellip\"> [\u2026]<\/span><\/p>\n","protected":false},"featured_media":0,"template":"","meta":{"_monsterinsights_skip_tracking":false,"_monsterinsights_sitenote_active":false,"_monsterinsights_sitenote_note":"","_monsterinsights_sitenote_category":0},"product_brand":[],"product_cat":[13043,17492],"product_tag":[],"class_list":{"0":"post-744621","1":"product","2":"type-product","3":"status-publish","5":"product_cat-ekonomi","6":"product_cat-pazarlama-satis-reklam","7":"pa_cilt-ciltsiz","8":"pa_tur-kitap","9":"pa_yayinevi-gazi-kitabevi","10":"pa_yazar-kolektif","12":"first","13":"instock","14":"sale","15":"shipping-taxable","16":"purchasable","17":"product-type-simple"},"_links":{"self":[{"href":"https:\/\/roveyayinevi.com.tr\/index.php\/wp-json\/wp\/v2\/product\/744621","targetHints":{"allow":["GET"]}}],"collection":[{"href":"https:\/\/roveyayinevi.com.tr\/index.php\/wp-json\/wp\/v2\/product"}],"about":[{"href":"https:\/\/roveyayinevi.com.tr\/index.php\/wp-json\/wp\/v2\/types\/product"}],"wp:attachment":[{"href":"https:\/\/roveyayinevi.com.tr\/index.php\/wp-json\/wp\/v2\/media?parent=744621"}],"wp:term":[{"taxonomy":"product_brand","embeddable":true,"href":"https:\/\/roveyayinevi.com.tr\/index.php\/wp-json\/wp\/v2\/product_brand?post=744621"},{"taxonomy":"product_cat","embeddable":true,"href":"https:\/\/roveyayinevi.com.tr\/index.php\/wp-json\/wp\/v2\/product_cat?post=744621"},{"taxonomy":"product_tag","embeddable":true,"href":"https:\/\/roveyayinevi.com.tr\/index.php\/wp-json\/wp\/v2\/product_tag?post=744621"}],"curies":[{"name":"wp","href":"https:\/\/api.w.org\/{rel}","templated":true}]}}