{"id":744618,"date":"2025-08-28T02:00:42","date_gmt":"2025-08-27T23:00:42","guid":{"rendered":"https:\/\/roveyayinevi.com.tr\/index.php\/urun\/dunden-bugune-iktisadi-ve-finansal-konular-uzerine-tartismalar\/"},"modified":"2026-04-16T02:56:36","modified_gmt":"2026-04-15T23:56:36","slug":"dunden-bugune-iktisadi-ve-finansal-konular-uzerine-tartismalar","status":"publish","type":"product","link":"https:\/\/roveyayinevi.com.tr\/index.php\/urun\/dunden-bugune-iktisadi-ve-finansal-konular-uzerine-tartismalar\/","title":{"rendered":"D\u00fcnden Bug\u00fcne \u0130ktisadi ve Finansal Konular \u00dczerine Tart\u0131\u015fmalar"},"content":{"rendered":"<p>1.      B\u00d6L\u00dcM: \u0130KT\u0130SAT TEOR\u0130S\u0130   2.      B\u00d6L\u00dcM: POL\u0130T\u0130K \u0130KT\u0130SAT   3.      B\u00d6L\u00dcM: T\u00dcRK\u0130YE EKONOM\u0130S\u0130   4.      B\u00d6L\u00dcM: DI\u015e T\u0130CARET, TEKNOLOJ\u0130 VE B\u00dcY\u00dcME   5.      B\u00d6L\u00dcM: PARA VE F\u0130NANS <\/p>\n","protected":false},"excerpt":{"rendered":"<p>1. B\u00d6L\u00dcM: \u0130KT\u0130SAT TEOR\u0130S\u0130 2. B\u00d6L\u00dcM: POL\u0130T\u0130K \u0130KT\u0130SAT 3. B\u00d6L\u00dcM: T\u00dcRK\u0130YE EKONOM\u0130S\u0130 4. B\u00d6L\u00dcM: DI\u015e T\u0130CARET, TEKNOLOJ\u0130 VE B\u00dcY\u00dcME 5. B\u00d6L\u00dcM: PARA VE F\u0130NANS<\/p>\n","protected":false},"featured_media":0,"template":"","meta":{"_monsterinsights_skip_tracking":false,"_monsterinsights_sitenote_active":false,"_monsterinsights_sitenote_note":"","_monsterinsights_sitenote_category":0},"product_brand":[],"product_cat":[13043,14381],"product_tag":[],"class_list":{"0":"post-744618","1":"product","2":"type-product","3":"status-publish","5":"product_cat-ekonomi","6":"product_cat-isletme-muhasebe-maliye","7":"pa_cilt-ciltsiz","8":"pa_tur-kitap","9":"pa_yayinevi-gazi-kitabevi","10":"pa_yazar-kolektif","12":"first","13":"instock","14":"sale","15":"shipping-taxable","16":"purchasable","17":"product-type-simple"},"_links":{"self":[{"href":"https:\/\/roveyayinevi.com.tr\/index.php\/wp-json\/wp\/v2\/product\/744618","targetHints":{"allow":["GET"]}}],"collection":[{"href":"https:\/\/roveyayinevi.com.tr\/index.php\/wp-json\/wp\/v2\/product"}],"about":[{"href":"https:\/\/roveyayinevi.com.tr\/index.php\/wp-json\/wp\/v2\/types\/product"}],"wp:attachment":[{"href":"https:\/\/roveyayinevi.com.tr\/index.php\/wp-json\/wp\/v2\/media?parent=744618"}],"wp:term":[{"taxonomy":"product_brand","embeddable":true,"href":"https:\/\/roveyayinevi.com.tr\/index.php\/wp-json\/wp\/v2\/product_brand?post=744618"},{"taxonomy":"product_cat","embeddable":true,"href":"https:\/\/roveyayinevi.com.tr\/index.php\/wp-json\/wp\/v2\/product_cat?post=744618"},{"taxonomy":"product_tag","embeddable":true,"href":"https:\/\/roveyayinevi.com.tr\/index.php\/wp-json\/wp\/v2\/product_tag?post=744618"}],"curies":[{"name":"wp","href":"https:\/\/api.w.org\/{rel}","templated":true}]}}