{"id":744611,"date":"2025-08-28T02:00:36","date_gmt":"2025-08-27T23:00:36","guid":{"rendered":"https:\/\/roveyayinevi.com.tr\/index.php\/urun\/devrimin-ve-karsi-devrimin-yuz-yili-2-karsi-devrim-filizleri-ve-darbeleri-1971-2002\/"},"modified":"2026-04-16T02:56:36","modified_gmt":"2026-04-15T23:56:36","slug":"devrimin-ve-karsi-devrimin-yuz-yili-2-karsi-devrim-filizleri-ve-darbeleri-1971-2002","status":"publish","type":"product","link":"https:\/\/roveyayinevi.com.tr\/index.php\/urun\/devrimin-ve-karsi-devrimin-yuz-yili-2-karsi-devrim-filizleri-ve-darbeleri-1971-2002\/","title":{"rendered":"Devrimin ve Kar\u015f\u0131 Devrimin Y\u00fcz Y\u0131l\u0131 -2 Kar\u015f\u0131 Devrim Filizleri ve Darbeleri 1971-2002"},"content":{"rendered":"<p>Bir d\u00f6nemin g\u00fcn g\u00fcn panoramas\u0131&#8230; Devrimin ve Kar\u015f\u0131 Devrim\u2019in 100 Y\u0131l\u0131 \u00e7al\u0131\u015fmas\u0131n\u0131n bu ikinci cildi, emperyalist g\u00fc\u00e7lerle i\u00e7erideki sa\u011fc\u0131\/gerici g\u00fc\u00e7lerin i\u015fbirli\u011fiyle yap\u0131lan \u201cKar\u015f\u0131 Devrim Darbeleri\u201dni ve bunlar\u0131n y\u0131k\u0131c\u0131 etkilerini anlatan b\u00f6l\u00fcmlerden olu\u015fuyor. Bu cilt, \u201cKar\u015f\u0131 Devrim Darbeleri\u201dni g\u00f6r\u00fcn\u00fcr hale getiren 12 Mart askeri m\u00fcdahalesiyle ba\u015flat\u0131ld\u0131.1961 Anayasas\u0131\u2019n\u0131 t\u00fcm\u00fcyle y\u00fcr\u00fcrl\u00fckten kald\u0131rarak Siyasal \u0130slam\u2019\u0131 iktidara ta\u015f\u0131yan yap\u0131y\u0131 sa\u011flamla\u015ft\u0131ran 12 Eyl\u00fcl askeri darbesiyle s\u00fcrd\u00fcr\u00fcld\u00fc ve AKP\u2019nin iktidar oldu\u011fu tarihe kadar gelindi. Bu ciltte, g\u00fcnl\u00fck olaylar\u0131n art arda dizilimi s\u0131ras\u0131nda g\u00f6zden ka\u00e7\u0131r\u0131labilecek olan baz\u0131 \u00f6nemli olay zincirleri, ana metnin sonunda ekler olarak, ayr\u0131 listelerle sunuluyor. 1970\u2019lerden sonraki gazeteci cinayetleri, Ermeni ter\u00f6r \u00f6rg\u00fctlerinin sald\u0131r\u0131lar\u0131 ve 1961 Anayasas\u0131\u2019n\u0131n \u00f6zg\u00fcrl\u00fck\u00e7\u00fc yap\u0131s\u0131n\u0131 d\u0131\u015flayarak T\u00fcrkiye\u2019yi sa\u011f yap\u0131lanmaya g\u00f6re ayarlamak isteyenlerin k\u0131\u015fk\u0131rtt\u0131\u011f\u0131 siyasal cinayetler toplu halde g\u00f6steriliyor. \u015eimdiye kadar pek yap\u0131lmam\u0131\u015f olan b\u00f6yle listeleri okurlara ek olarak sunan bu kitab\u0131n, ilk ciltle birlikte, Devrimi ve Kar\u015f\u0131 Devrimi diyalektik yakla\u015f\u0131mla irdeleyen dizinin temel bir referans kitab\u0131 olma \u00f6zelli\u011fine katk\u0131da bulunaca\u011f\u0131na inan\u0131yoruz.<\/p>\n","protected":false},"excerpt":{"rendered":"<p>Bir d\u00f6nemin g\u00fcn g\u00fcn panoramas\u0131&#8230; Devrimin ve Kar\u015f\u0131 Devrim\u2019in 100 Y\u0131l\u0131 \u00e7al\u0131\u015fmas\u0131n\u0131n bu ikinci cildi, emperyalist g\u00fc\u00e7lerle i\u00e7erideki sa\u011fc\u0131\/gerici g\u00fc\u00e7lerin i\u015fbirli\u011fiyle yap\u0131lan \u201cKar\u015f\u0131 Devrim Darbeleri\u201dni ve<span class=\"excerpt-hellip\"> [\u2026]<\/span><\/p>\n","protected":false},"featured_media":0,"template":"","meta":{"_monsterinsights_skip_tracking":false,"_monsterinsights_sitenote_active":false,"_monsterinsights_sitenote_note":"","_monsterinsights_sitenote_category":0},"product_brand":[],"product_cat":[12312,12304],"product_tag":[],"class_list":{"0":"post-744611","1":"product","2":"type-product","3":"status-publish","5":"product_cat-diger","6":"product_cat-tarih","7":"pa_cilt-ciltsiz","8":"pa_tur-kitap","9":"pa_yayinevi-remzi-kitabevi","10":"pa_yazar-emre-kongar-zulal-kalkandelen","12":"first","13":"instock","14":"sale","15":"shipping-taxable","16":"purchasable","17":"product-type-simple"},"_links":{"self":[{"href":"https:\/\/roveyayinevi.com.tr\/index.php\/wp-json\/wp\/v2\/product\/744611","targetHints":{"allow":["GET"]}}],"collection":[{"href":"https:\/\/roveyayinevi.com.tr\/index.php\/wp-json\/wp\/v2\/product"}],"about":[{"href":"https:\/\/roveyayinevi.com.tr\/index.php\/wp-json\/wp\/v2\/types\/product"}],"wp:attachment":[{"href":"https:\/\/roveyayinevi.com.tr\/index.php\/wp-json\/wp\/v2\/media?parent=744611"}],"wp:term":[{"taxonomy":"product_brand","embeddable":true,"href":"https:\/\/roveyayinevi.com.tr\/index.php\/wp-json\/wp\/v2\/product_brand?post=744611"},{"taxonomy":"product_cat","embeddable":true,"href":"https:\/\/roveyayinevi.com.tr\/index.php\/wp-json\/wp\/v2\/product_cat?post=744611"},{"taxonomy":"product_tag","embeddable":true,"href":"https:\/\/roveyayinevi.com.tr\/index.php\/wp-json\/wp\/v2\/product_tag?post=744611"}],"curies":[{"name":"wp","href":"https:\/\/api.w.org\/{rel}","templated":true}]}}