{"id":744610,"date":"2025-08-28T02:00:34","date_gmt":"2025-08-27T23:00:34","guid":{"rendered":"https:\/\/roveyayinevi.com.tr\/index.php\/urun\/zumruduanka\/"},"modified":"2026-04-16T02:56:36","modified_gmt":"2026-04-15T23:56:36","slug":"zumruduanka","status":"publish","type":"product","link":"https:\/\/roveyayinevi.com.tr\/index.php\/urun\/zumruduanka\/","title":{"rendered":"Z\u00fcmr\u00fcd\u00fcanka"},"content":{"rendered":"<p>Z\u00fcmr\u00fcd\u00fcanka diye Kaf da\u011f\u0131nda ku\u015f varm\u0131\u015f Bir a\u015fk\u0131 yana yana \u00f6lmelerden kurtarm\u0131\u015f O bak\u0131\u015f o g\u00fcl\u00fc\u015ften bizden geri ne kalm\u0131\u015f Bu sevda bitse bile k\u00fcllerinden do\u011fmaz m\u0131   Pi\u015fmanl\u0131k duymuyormu\u015f Z\u00fcmr\u00fct k\u0131zg\u0131n ate\u015fte A\u015fk i\u00e7in yanmalara raz\u0131 olmu\u015f g\u00fcne\u015fte Yeniden do\u011fmak varm\u0131\u015f tekrar gelirken a\u015fka Duman\u0131 t\u00fctse bile k\u00fcllerinden do\u011fmaz m\u0131   Z\u00fcmr\u00fcd\u00fcanka\u2019y\u0131 da a\u015fkm\u0131\u015f da\u011fa \u00e7\u0131karan \u00d6lmeyi g\u00f6ze ald\u0131m \u015fimdi benim yakaran A\u015fk\u0131n ta kendisidir k\u0131yameti koparan \u015eu g\u00fcne\u015f batsa bile k\u00fcllerinden do\u011fmaz m\u0131   Ne vakit ge\u00e7er bilmem can yak\u0131yor a\u015fk ac\u0131m Z\u00fcmr\u00fcd\u00fcanka gibi do\u011f gel sana muhtac\u0131m S\u00f6nmeden yeti\u015f haydi y\u00fcre\u011fimde k\u0131v\u0131lc\u0131m Kalp ayr\u0131 atsa bile k\u00fcllerinden do\u011fmaz m\u0131   Z\u00fcmr\u00fcd\u00fcanka gibi derdim a\u015fka eri\u015fmek Kolay m\u0131 san\u0131yorsun b\u00f6yle i\u015fe giri\u015fmek Bir daha nasip midir bilmem senle g\u00f6r\u00fc\u015fmek A\u015fk bizden gitse bile k\u00fcllerinden do\u011fmaz m\u0131   Leyla da Mecnun i\u00e7in d\u00fc\u015fm\u00fc\u015f yaban ellere Perinin bu a\u015fk\u0131 da d\u00fc\u015fs\u00fcn dilden dillere Ate\u015f ve su gibiyiz b\u00fclb\u00fcl a\u015fk\u0131 g\u00fcllere Dikeni batsa bile k\u00fcllerinden do\u011fmaz m\u0131 <\/p>\n","protected":false},"excerpt":{"rendered":"<p>Z\u00fcmr\u00fcd\u00fcanka diye Kaf da\u011f\u0131nda ku\u015f varm\u0131\u015f Bir a\u015fk\u0131 yana yana \u00f6lmelerden kurtarm\u0131\u015f O bak\u0131\u015f o g\u00fcl\u00fc\u015ften bizden geri ne kalm\u0131\u015f Bu sevda bitse bile k\u00fcllerinden do\u011fmaz<span class=\"excerpt-hellip\"> [\u2026]<\/span><\/p>\n","protected":false},"featured_media":0,"template":"","meta":{"_monsterinsights_skip_tracking":false,"_monsterinsights_sitenote_active":false,"_monsterinsights_sitenote_note":"","_monsterinsights_sitenote_category":0},"product_brand":[],"product_cat":[12291,12509],"product_tag":[],"class_list":{"0":"post-744610","1":"product","2":"type-product","3":"status-publish","5":"product_cat-edebiyat","6":"product_cat-siir","7":"pa_cilt-ciltsiz","8":"pa_tur-kitap","9":"pa_yayinevi-efsun-yayincilik","10":"pa_yazar-arife-aslan","12":"first","13":"instock","14":"sale","15":"shipping-taxable","16":"purchasable","17":"product-type-simple"},"_links":{"self":[{"href":"https:\/\/roveyayinevi.com.tr\/index.php\/wp-json\/wp\/v2\/product\/744610","targetHints":{"allow":["GET"]}}],"collection":[{"href":"https:\/\/roveyayinevi.com.tr\/index.php\/wp-json\/wp\/v2\/product"}],"about":[{"href":"https:\/\/roveyayinevi.com.tr\/index.php\/wp-json\/wp\/v2\/types\/product"}],"wp:attachment":[{"href":"https:\/\/roveyayinevi.com.tr\/index.php\/wp-json\/wp\/v2\/media?parent=744610"}],"wp:term":[{"taxonomy":"product_brand","embeddable":true,"href":"https:\/\/roveyayinevi.com.tr\/index.php\/wp-json\/wp\/v2\/product_brand?post=744610"},{"taxonomy":"product_cat","embeddable":true,"href":"https:\/\/roveyayinevi.com.tr\/index.php\/wp-json\/wp\/v2\/product_cat?post=744610"},{"taxonomy":"product_tag","embeddable":true,"href":"https:\/\/roveyayinevi.com.tr\/index.php\/wp-json\/wp\/v2\/product_tag?post=744610"}],"curies":[{"name":"wp","href":"https:\/\/api.w.org\/{rel}","templated":true}]}}