{"id":744609,"date":"2025-08-28T02:00:33","date_gmt":"2025-08-27T23:00:33","guid":{"rendered":"https:\/\/roveyayinevi.com.tr\/index.php\/urun\/guz-kuslari\/"},"modified":"2025-11-21T08:27:15","modified_gmt":"2025-11-21T05:27:15","slug":"guz-kuslari","status":"publish","type":"product","link":"https:\/\/roveyayinevi.com.tr\/index.php\/urun\/guz-kuslari\/","title":{"rendered":"G\u00fcz Ku\u015flar\u0131"},"content":{"rendered":"<p>Zira bu defa a\u015faca\u011f\u0131n engeller, kazand\u0131\u011f\u0131n tecr\u00fcbeler sayesinde daha az yontar, daha az a\u015f\u0131nd\u0131r\u0131r diren\u00e7 duvarlar\u0131n\u0131. Hep; \u201cAha bu engeli de a\u015ft\u0131m.\u201d dedi\u011finde, yeni bir azimle sertle\u015fir sinir u\u00e7lar\u0131n. A\u015ft\u0131\u011f\u0131n her engel, asl\u0131nda ya\u015fam\u0131nda bir mihenk ta\u015f\u0131d\u0131r. \u00d6yle ki bu mihenk ta\u015flar\u0131, \u00f6n\u00fcne \u00e7\u0131kacak yeni engelleri ge\u00e7erken atlama ta\u015flar\u0131n olacakt\u0131r. \u00c7ekti\u011fin her zorluk; \u00e7alkant\u0131s\u0131, dalgas\u0131, f\u0131rt\u0131nas\u0131 dinmeye y\u00fcz tutmu\u015f \u00f6m\u00fcr denizinde bir tecr\u00fcbe katman\u0131 olarak \u00e7\u00f6ker, tortu olur haf\u0131zan\u0131n bir yerinde. \u00d6mr\u00fcn\u00fc tamamlamaya do\u011fru hi\u00e7 durmadan yol al\u0131rken kar\u015f\u0131la\u015ft\u0131\u011f\u0131n s\u00fcrprizler, f\u0131rt\u0131nalar, tufanlar\u2026 \u00f6rseleyerek ge\u00e7er haz\u0131rl\u0131ks\u0131z bedenini. Ruhun yaralanacak, soramad\u0131\u011f\u0131n sorular\u0131n g\u00f6lgesinde. Yan\u0131t\u0131n\u0131 bilmedi\u011fin sorular, sorunlar kar\u015f\u0131s\u0131nda hep susmak zorunda hissedeceksin kendini. E\u011fer bo\u011fulmazsan girdaplarda d\u00fc\u015fe kalka yeniden y\u00fcr\u00fcyeceksin. Yeter ki iraden sa\u011flam olsun, m\u00fccadele azmin bitmesin. Yeter ki cendereden \u00e7\u0131kmay\u0131 arayan bitmez t\u00fckenmez bir d\u00fcrt\u00fcn olsun yorgun bedeninde. B\u00fct\u00fcn canl\u0131larda ya\u015fam tekildir. Ya\u015farken yerine getirmek zorunda oldu\u011fun roller \u00e7oklu ya\u015fam\u0131n gerekleridir. Yoksa, b\u00fct\u00fcn canl\u0131lar havay\u0131 tek ba\u015f\u0131na solurlar ya\u015famalar\u0131 i\u00e7in almalar\u0131 gereken besinleri sadece kendileri i\u00e7in al\u0131rlar. Ta ki, canl\u0131n\u0131n kendisi de yok olup kendisinden sonra gelecek ya\u015famlar\u0131n s\u00fcrmesi i\u00e7in besin, hava, su\u2026 alma durumuna gelinceye kadar. \u00d6yle ya u\u00e7suz bucaks\u0131z evrenin sonunu bir t\u00fcrl\u00fc bulamayan hayallerimiz d\u00f6n\u00fcp bizde yank\u0131land\u0131\u011f\u0131nda halen ya\u015fad\u0131\u011f\u0131m\u0131z\u0131n fark\u0131nda oluruz. Yani, ya\u015fam an be an \u201cdank\u201d ederek kendisini hat\u0131rlat\u0131r. <\/p>\n","protected":false},"excerpt":{"rendered":"<p>Zira bu defa a\u015faca\u011f\u0131n engeller, kazand\u0131\u011f\u0131n tecr\u00fcbeler sayesinde daha az yontar, daha az a\u015f\u0131nd\u0131r\u0131r diren\u00e7 duvarlar\u0131n\u0131. Hep; \u201cAha bu engeli de a\u015ft\u0131m.\u201d dedi\u011finde, yeni bir azimle<span class=\"excerpt-hellip\"> [\u2026]<\/span><\/p>\n","protected":false},"featured_media":0,"template":"","meta":{"_monsterinsights_skip_tracking":false,"_monsterinsights_sitenote_active":false,"_monsterinsights_sitenote_note":"","_monsterinsights_sitenote_category":0},"product_brand":[],"product_cat":[12291,12711],"product_tag":[],"class_list":{"0":"post-744609","1":"product","2":"type-product","3":"status-publish","5":"product_cat-edebiyat","6":"product_cat-roman-oyku","7":"pa_cilt-ciltsiz","8":"pa_tur-kitap","9":"pa_yayinevi-imbik-yayinlari","10":"pa_yazar-cengiz-karahan","12":"first","13":"instock","14":"sale","15":"shipping-taxable","16":"purchasable","17":"product-type-simple"},"_links":{"self":[{"href":"https:\/\/roveyayinevi.com.tr\/index.php\/wp-json\/wp\/v2\/product\/744609","targetHints":{"allow":["GET"]}}],"collection":[{"href":"https:\/\/roveyayinevi.com.tr\/index.php\/wp-json\/wp\/v2\/product"}],"about":[{"href":"https:\/\/roveyayinevi.com.tr\/index.php\/wp-json\/wp\/v2\/types\/product"}],"wp:attachment":[{"href":"https:\/\/roveyayinevi.com.tr\/index.php\/wp-json\/wp\/v2\/media?parent=744609"}],"wp:term":[{"taxonomy":"product_brand","embeddable":true,"href":"https:\/\/roveyayinevi.com.tr\/index.php\/wp-json\/wp\/v2\/product_brand?post=744609"},{"taxonomy":"product_cat","embeddable":true,"href":"https:\/\/roveyayinevi.com.tr\/index.php\/wp-json\/wp\/v2\/product_cat?post=744609"},{"taxonomy":"product_tag","embeddable":true,"href":"https:\/\/roveyayinevi.com.tr\/index.php\/wp-json\/wp\/v2\/product_tag?post=744609"}],"curies":[{"name":"wp","href":"https:\/\/api.w.org\/{rel}","templated":true}]}}