{"id":744608,"date":"2025-08-28T02:00:31","date_gmt":"2025-08-27T23:00:31","guid":{"rendered":"https:\/\/roveyayinevi.com.tr\/index.php\/urun\/cigir\/"},"modified":"2026-04-16T02:56:35","modified_gmt":"2026-04-15T23:56:35","slug":"cigir","status":"publish","type":"product","link":"https:\/\/roveyayinevi.com.tr\/index.php\/urun\/cigir\/","title":{"rendered":"C\u0131\u011f\u0131r"},"content":{"rendered":"<p>\u201cRoman, Aliba\u015fkomutan\u0131n 2020 y\u0131l\u0131n\u0131n 8 Kas\u0131m\u2019\u0131nda s\u00f6yledi\u011fi tarih\u00ee s\u00f6zlerle bitiyor: AZ\u0130Z \u015eU\u015eA, SEN \u00d6ZG\u00dcRS\u00dcN! AZ\u0130Z \u015eU\u015eA B\u0130Z D\u00d6ND\u00dcK! O s\u00f6zlerle ki, \u015eu\u015fa\u2019ya \u00e7\u0131kan yaln\u0131z Azerbaycanl\u0131lara bilinen CI\u011eIR\u2019\u0131 b\u00fct\u00fcn d\u00fcnyada me\u015fhur geni\u015f zafer yoluna \u00e7evirdi.\u201d   Prof. Dr. Nizami Caferov Azerbaycan Mill\u00ee Meclisi Milletvekili     \u201cRomanda, olaylar, \u00fc\u00e7 zaman kesi\u011finde takdim edilir. \u015eu\u015fa\u2019n\u0131n in\u015fa edildi\u011fi XVIII. y\u00fczy\u0131l\u0131n ortalar\u0131, \u015eu\u015fa\u2019n\u0131n i\u015fgal edildi\u011fi 1992 y\u0131l\u0131 ve \u015eu\u015fa\u2019n\u0131n kurtar\u0131ld\u0131\u011f\u0131 2020 y\u0131l\u0131. Yunus O\u011fuz romanda, her birimize 44 g\u00fcnl\u00fck vatan sava\u015f\u0131ndan tan\u0131d\u0131\u011f\u0131m\u0131z hem arka cephede, hem \u00f6n cephede ya\u015fanm\u0131\u015f, halk\u0131m\u0131z\u0131n vatan sevgisini aksettiren olaylar\u0131 b\u00fcy\u00fck bir \u00f6zenle aks ettirmi\u015ftir.\u201d   Elnara Karag\u00f6zova Mill\u00ee \u0130limler Akademisi Filoloji \u0130limleri \u00dczere Felsefe Doktoru   \u201cC\u0131\u011f\u0131r\u201d roman\u0131nda yazar hayalinin yaratt\u0131\u011f\u0131 \u00fc\u00e7 obraz var. Biri, Nasreddin Murat, di\u011feri \u015eu\u015fa\u2019ya g\u00f6t\u00fcren s\u0131rl\u0131 c\u0131\u011f\u0131r ve bir de Azerbaycan askerinin fevkalade kahramanl\u0131\u011f\u0131n\u0131 sembolize eden g\u00f6lge askerler. \u015eu\u015fa\u2019dan Hudaferin\u2019e kadar uzanan tarihi \u201cNasreddin Yolu\u2019nu\u201d Yunus O\u011fuz sembolle\u015ftirir. Yunus O\u011fuz romanda politoloji ve bedii tefekk\u00fcr\u00fcn \u015fuurlu sentezini yarat\u0131yor.\u201d   Azer TuranFiloloji \u0130limleri \u00dczere Felsefe Doktoru Edebiyat Gazetesinin Ba\u015f Redakt\u00f6r\u00fc <\/p>\n","protected":false},"excerpt":{"rendered":"<p>\u201cRoman, Aliba\u015fkomutan\u0131n 2020 y\u0131l\u0131n\u0131n 8 Kas\u0131m\u2019\u0131nda s\u00f6yledi\u011fi tarih\u00ee s\u00f6zlerle bitiyor: AZ\u0130Z \u015eU\u015eA, SEN \u00d6ZG\u00dcRS\u00dcN! AZ\u0130Z \u015eU\u015eA B\u0130Z D\u00d6ND\u00dcK! O s\u00f6zlerle ki, \u015eu\u015fa\u2019ya \u00e7\u0131kan yaln\u0131z Azerbaycanl\u0131lara bilinen<span class=\"excerpt-hellip\"> [\u2026]<\/span><\/p>\n","protected":false},"featured_media":0,"template":"","meta":{"_monsterinsights_skip_tracking":false,"_monsterinsights_sitenote_active":false,"_monsterinsights_sitenote_note":"","_monsterinsights_sitenote_category":0},"product_brand":[],"product_cat":[12291,12745],"product_tag":[],"class_list":{"0":"post-744608","1":"product","2":"type-product","3":"status-publish","5":"product_cat-edebiyat","6":"product_cat-tarihi-roman","7":"pa_cilt-ciltsiz","8":"pa_tur-kitap","9":"pa_yayinevi-korkut-yayinlari","10":"pa_yazar-yunus-oguz","12":"first","13":"instock","14":"sale","15":"shipping-taxable","16":"purchasable","17":"product-type-simple"},"_links":{"self":[{"href":"https:\/\/roveyayinevi.com.tr\/index.php\/wp-json\/wp\/v2\/product\/744608","targetHints":{"allow":["GET"]}}],"collection":[{"href":"https:\/\/roveyayinevi.com.tr\/index.php\/wp-json\/wp\/v2\/product"}],"about":[{"href":"https:\/\/roveyayinevi.com.tr\/index.php\/wp-json\/wp\/v2\/types\/product"}],"wp:attachment":[{"href":"https:\/\/roveyayinevi.com.tr\/index.php\/wp-json\/wp\/v2\/media?parent=744608"}],"wp:term":[{"taxonomy":"product_brand","embeddable":true,"href":"https:\/\/roveyayinevi.com.tr\/index.php\/wp-json\/wp\/v2\/product_brand?post=744608"},{"taxonomy":"product_cat","embeddable":true,"href":"https:\/\/roveyayinevi.com.tr\/index.php\/wp-json\/wp\/v2\/product_cat?post=744608"},{"taxonomy":"product_tag","embeddable":true,"href":"https:\/\/roveyayinevi.com.tr\/index.php\/wp-json\/wp\/v2\/product_tag?post=744608"}],"curies":[{"name":"wp","href":"https:\/\/api.w.org\/{rel}","templated":true}]}}