{"id":744607,"date":"2025-08-28T02:00:30","date_gmt":"2025-08-27T23:00:30","guid":{"rendered":"https:\/\/roveyayinevi.com.tr\/index.php\/urun\/guvenlik-calismalari-ve-turkiyede-ic-guvenlik-yonetimi\/"},"modified":"2026-04-16T02:56:35","modified_gmt":"2026-04-15T23:56:35","slug":"guvenlik-calismalari-ve-turkiyede-ic-guvenlik-yonetimi","status":"publish","type":"product","link":"https:\/\/roveyayinevi.com.tr\/index.php\/urun\/guvenlik-calismalari-ve-turkiyede-ic-guvenlik-yonetimi\/","title":{"rendered":"G\u00fcvenlik \u00c7al\u0131\u015fmalar\u0131 ve T\u00fcrkiyede \u0130\u00e7 G\u00fcvenlik Y\u00f6netimi"},"content":{"rendered":"<p>20. Y\u00fczy\u0131l sona ererken, yar\u0131m as\u0131rl\u0131k askeri g\u00fcvenlik temelli uluslararas\u0131 iki kutuplu d\u00fcnya d\u00fczeni de sona ermi\u015f, bu durum t\u00fcm d\u00fcnyada bir iyimserlik \u00fctopyas\u0131 yaratm\u0131\u015ft\u0131r. Bu yeni d\u00f6nemde k\u00fcreselle\u015fme, insan, sermaye, mal ve hizmetlerin serbest dola\u015f\u0131m\u0131na \u00e7ok \u00f6nemli katk\u0131lar sunmu\u015ftur. K\u00fcreselle\u015fme bir yandan her alanda y\u00fcksek bir mobilite yarat\u0131rken, olu\u015fan yeni g\u00fc\u00e7 bo\u015flu\u011funun doldurulmas\u0131nda devlet ve di\u011fer akt\u00f6rlerin geli\u015fmi\u015fli\u011fine ba\u011fl\u0131 olarak asimetrik bir ba\u011f\u0131ml\u0131l\u0131k ili\u015fkisi de yaratm\u0131\u015ft\u0131r. T\u00fcm bu geli\u015fmelerin temelinde kutsanan bir olgu olarak k\u00fcreselle\u015fme, ironik bir \u015fekilde tekelin k\u00fcreselle\u015fmesine d\u00f6n\u00fc\u015ferek yeni g\u00fcvenlik bi\u00e7imlerini \u015fekillendirir hale gelmi\u015ftir. Art\u0131k daha \u00f6zg\u00fcr oldu\u011fu iddia edilen bireyler, toplumlar ya da uluslar\u0131n daha g\u00fcvende oldu\u011funa y\u00f6nelik bir iddiada bulunmak m\u00fcmk\u00fcn de\u011fildir. G\u00fcvenlik \u00fczerine tart\u0131\u015fmalar ile g\u00fcvenli\u011fe y\u00f6nelik temel tehditlerin T\u00fcrkiye\u2019de y\u00f6netiminin ele al\u0131nd\u0131\u011f\u0131 bu kitab\u0131n, g\u00fcvenlik ile ili\u015fkili \u00e7al\u0131\u015fmalar y\u00fcr\u00fcten b\u00fcrokratlar, g\u00fcvenlik g\u00f6revlileri ve akademisyenler ile bu alana ilgi duyan herkese katk\u0131 sunaca\u011f\u0131na inan\u0131yoruz. <\/p>\n","protected":false},"excerpt":{"rendered":"<p>20. Y\u00fczy\u0131l sona ererken, yar\u0131m as\u0131rl\u0131k askeri g\u00fcvenlik temelli uluslararas\u0131 iki kutuplu d\u00fcnya d\u00fczeni de sona ermi\u015f, bu durum t\u00fcm d\u00fcnyada bir iyimserlik \u00fctopyas\u0131 yaratm\u0131\u015ft\u0131r. Bu<span class=\"excerpt-hellip\"> [\u2026]<\/span><\/p>\n","protected":false},"featured_media":0,"template":"","meta":{"_monsterinsights_skip_tracking":false,"_monsterinsights_sitenote_active":false,"_monsterinsights_sitenote_note":"","_monsterinsights_sitenote_category":0},"product_brand":[],"product_cat":[13043,19008],"product_tag":[],"class_list":{"0":"post-744607","1":"product","2":"type-product","3":"status-publish","5":"product_cat-ekonomi","6":"product_cat-yonetim","7":"pa_cilt-ciltsiz","8":"pa_tur-kitap","9":"pa_yayinevi-tiav","10":"pa_yazar-cengiz-ozel","12":"first","13":"instock","14":"sale","15":"shipping-taxable","16":"purchasable","17":"product-type-simple"},"_links":{"self":[{"href":"https:\/\/roveyayinevi.com.tr\/index.php\/wp-json\/wp\/v2\/product\/744607","targetHints":{"allow":["GET"]}}],"collection":[{"href":"https:\/\/roveyayinevi.com.tr\/index.php\/wp-json\/wp\/v2\/product"}],"about":[{"href":"https:\/\/roveyayinevi.com.tr\/index.php\/wp-json\/wp\/v2\/types\/product"}],"wp:attachment":[{"href":"https:\/\/roveyayinevi.com.tr\/index.php\/wp-json\/wp\/v2\/media?parent=744607"}],"wp:term":[{"taxonomy":"product_brand","embeddable":true,"href":"https:\/\/roveyayinevi.com.tr\/index.php\/wp-json\/wp\/v2\/product_brand?post=744607"},{"taxonomy":"product_cat","embeddable":true,"href":"https:\/\/roveyayinevi.com.tr\/index.php\/wp-json\/wp\/v2\/product_cat?post=744607"},{"taxonomy":"product_tag","embeddable":true,"href":"https:\/\/roveyayinevi.com.tr\/index.php\/wp-json\/wp\/v2\/product_tag?post=744607"}],"curies":[{"name":"wp","href":"https:\/\/api.w.org\/{rel}","templated":true}]}}