{"id":744604,"date":"2025-08-28T02:00:27","date_gmt":"2025-08-27T23:00:27","guid":{"rendered":"https:\/\/roveyayinevi.com.tr\/index.php\/urun\/kum-saati-2-japonya\/"},"modified":"2026-04-16T02:56:35","modified_gmt":"2026-04-15T23:56:35","slug":"kum-saati-2-japonya","status":"publish","type":"product","link":"https:\/\/roveyayinevi.com.tr\/index.php\/urun\/kum-saati-2-japonya\/","title":{"rendered":"Kum Saati 2 &#8211; Japonya"},"content":{"rendered":"<p>Hayat labirent gibidir. O labirentin sonunda bizi g\u00fczel bir \u015feyin bekledi\u011fini umar\u0131z. Baz\u0131lar\u0131 hedefe ula\u015fmay\u0131 dener, tekrar dener, s\u00fcrekli dener&#8230; Baz\u0131lar\u0131 da yolun ba\u015f\u0131nda, ortas\u0131nda ya da en son noktas\u0131nda vazge\u00e7er. Tercihlerimiz de bizi biz yapar. Kum Saati\u2019nde ba\u015flayan macera Kum Saati 2 \/ Japonya\u2019yla h\u0131z kesmeden s\u00fcr\u00fcyor. Fatih Tuncay, sizi yine soluksuz okuyaca\u011f\u0131n\u0131z bir maceraya davet ediyor. Bu sefer Emre ve arkada\u015flar\u0131n\u0131n ba\u015f\u0131nda \u00e7ok b\u00fcy\u00fck bir bela var! Gelece\u011fi ye\u015fertecek tohumlar bir vir\u00fcs y\u00fcz\u00fcnden yok olma tehlikesiyle kar\u015f\u0131 kar\u015f\u0131ya. Bu vir\u00fcsle sava\u015fmak zorundalar ve her ge\u00e7en saniye onlar\u0131n aleyhine. \u00c7ocuklar y\u00fczlerini karanl\u0131\u011f\u0131n \u015fafa\u011f\u0131ndaki g\u00fcne\u015fe mi d\u00f6necek yoksa \u00e7aresizce bekleyecekler mi? Korku mu galip gelecek, umut mu?  Peki son hamleyi kim yapacak?<\/p>\n","protected":false},"excerpt":{"rendered":"<p>Hayat labirent gibidir. O labirentin sonunda bizi g\u00fczel bir \u015feyin bekledi\u011fini umar\u0131z. Baz\u0131lar\u0131 hedefe ula\u015fmay\u0131 dener, tekrar dener, s\u00fcrekli dener&#8230; Baz\u0131lar\u0131 da yolun ba\u015f\u0131nda, ortas\u0131nda ya<span class=\"excerpt-hellip\"> [\u2026]<\/span><\/p>\n","protected":false},"featured_media":0,"template":"","meta":{"_monsterinsights_skip_tracking":false,"_monsterinsights_sitenote_active":false,"_monsterinsights_sitenote_note":"","_monsterinsights_sitenote_category":0},"product_brand":[],"product_cat":[12689,12274],"product_tag":[],"class_list":{"0":"post-744604","1":"product","2":"type-product","3":"status-publish","5":"product_cat-cizgi-roman-cocuk-ve-genclik-kitaplari","6":"product_cat-cocuk-ve-genclik-kitaplari","7":"pa_cilt-ciltsiz","8":"pa_tur-kitap","9":"pa_yayinevi-bilgi-yayinevi","10":"pa_yazar-fatih-tuncay","12":"first","13":"instock","14":"sale","15":"shipping-taxable","16":"purchasable","17":"product-type-simple"},"_links":{"self":[{"href":"https:\/\/roveyayinevi.com.tr\/index.php\/wp-json\/wp\/v2\/product\/744604","targetHints":{"allow":["GET"]}}],"collection":[{"href":"https:\/\/roveyayinevi.com.tr\/index.php\/wp-json\/wp\/v2\/product"}],"about":[{"href":"https:\/\/roveyayinevi.com.tr\/index.php\/wp-json\/wp\/v2\/types\/product"}],"wp:attachment":[{"href":"https:\/\/roveyayinevi.com.tr\/index.php\/wp-json\/wp\/v2\/media?parent=744604"}],"wp:term":[{"taxonomy":"product_brand","embeddable":true,"href":"https:\/\/roveyayinevi.com.tr\/index.php\/wp-json\/wp\/v2\/product_brand?post=744604"},{"taxonomy":"product_cat","embeddable":true,"href":"https:\/\/roveyayinevi.com.tr\/index.php\/wp-json\/wp\/v2\/product_cat?post=744604"},{"taxonomy":"product_tag","embeddable":true,"href":"https:\/\/roveyayinevi.com.tr\/index.php\/wp-json\/wp\/v2\/product_tag?post=744604"}],"curies":[{"name":"wp","href":"https:\/\/api.w.org\/{rel}","templated":true}]}}