{"id":744602,"date":"2025-08-28T02:00:24","date_gmt":"2025-08-27T23:00:24","guid":{"rendered":"https:\/\/roveyayinevi.com.tr\/index.php\/urun\/turk-ordusunda-son-alman-general-1933-1939-hilmar-von-mittelberger\/"},"modified":"2026-04-16T02:56:35","modified_gmt":"2026-04-15T23:56:35","slug":"turk-ordusunda-son-alman-general-1933-1939-hilmar-von-mittelberger","status":"publish","type":"product","link":"https:\/\/roveyayinevi.com.tr\/index.php\/urun\/turk-ordusunda-son-alman-general-1933-1939-hilmar-von-mittelberger\/","title":{"rendered":"T\u00fcrk Ordusunda Son Alman General (1933-1939): Hilmar von Mittelberger"},"content":{"rendered":"<p>Osmanl\u0131 ordusunun \u0131slah\u0131nda Alman gelene\u011fi 1835\u2019te Helmuth von Moltke ile ba\u015flam\u0131\u015f ve Colmar von der Goltz Pa\u015fa ile devam etmi\u015ftir. Takriben bir as\u0131r s\u00fcren bu gelene\u011fin T\u00fcrk ordusundaki son temsilcisi ise General Hilmar von Mittelberger olmu\u015ftur.1933-1939 y\u0131llar\u0131 aras\u0131nda T\u00fcrkiye\u2019de Harp Akademilerinde kurmay subaylar\u0131n\u0131n teorik ve pratik e\u011fitimlerinde \u00f6nemli g\u00f6revler \u00fcstlenen von Mittelbeger, T\u00fcrk ordusunun ihtiyac\u0131 olan talimnameleri ve Harp Akademilerininde okutulan baz\u0131 ders kitaplar\u0131n\u0131 da kaleme alm\u0131\u015ft\u0131r. Emeklili\u011fe ayr\u0131ld\u0131\u011f\u0131 1933\u2019te Alman ordusundaki 14 general aras\u0131nda yer alan Bavyeral\u0131 General von Mittelberger T\u00fcrk ordusuna katk\u0131lar\u0131 bak\u0131m\u0131ndan yabanc\u0131 dan\u0131\u015fman\/e\u011fitmen subaylar i\u00e7erisinde m\u00fcstesna bir konuma sahiptir.Resul Alkan\u2019\u0131n T\u00fcrk Ordusunda Son Alman General ba\u015fl\u0131kl\u0131 bu \u00e7al\u0131\u015fmas\u0131nda, Alman generalin hayat hik\u00e2yesi, Alman ordusundaki g\u00f6revleri, T\u00fcrk ordusunda 6 y\u0131l s\u00fcren e\u011fitmenlik ve dan\u0131\u015fmanl\u0131k faaliyetleri ve \u0130kinci D\u00fcnya Sava\u015f\u0131 ve sonras\u0131ndaki y\u0131llarda ya\u015fad\u0131klar\u0131 aktar\u0131lmaktad\u0131r. Bunun d\u0131\u015f\u0131nda von Mittelberger\u2019in otobiyografisinden yola \u00e7\u0131karak Alman generalin T\u00fcrk ordusu ve kurmaylar\u0131 hakk\u0131ndaki g\u00f6r\u00fc\u015fleri ve T\u00fcrk ve Alman siyasal sistemleri ve devlet adamlar\u0131n\u0131n kar\u015f\u0131la\u015ft\u0131rmal\u0131 mukayesesine de\u011finilmektedir.Alman asker\u00ee ve diplomatik ar\u015fiv belgelerinden istifade edilerek haz\u0131rlanan elinizdeki bu biyografik \u00e7al\u0131\u015fma, Erken Cumhuriyet D\u00f6nemi T\u00fcrk asker\u00ee tarihi merakl\u0131lar\u0131 i\u00e7in Hilmar von Mittelberger\u2019in bir portresini sunuyor.<\/p>\n","protected":false},"excerpt":{"rendered":"<p>Osmanl\u0131 ordusunun \u0131slah\u0131nda Alman gelene\u011fi 1835\u2019te Helmuth von Moltke ile ba\u015flam\u0131\u015f ve Colmar von der Goltz Pa\u015fa ile devam etmi\u015ftir. Takriben bir as\u0131r s\u00fcren bu gelene\u011fin<span class=\"excerpt-hellip\"> [\u2026]<\/span><\/p>\n","protected":false},"featured_media":0,"template":"","meta":{"_monsterinsights_skip_tracking":false,"_monsterinsights_sitenote_active":false,"_monsterinsights_sitenote_note":"","_monsterinsights_sitenote_category":0},"product_brand":[],"product_cat":[14009,12291],"product_tag":[],"class_list":{"0":"post-744602","1":"product","2":"type-product","3":"status-publish","5":"product_cat-biyografi-otobiyografi-edebiyat","6":"product_cat-edebiyat","7":"pa_cilt-ciltsiz","8":"pa_tur-kitap","9":"pa_yayinevi-timas-yayinlari","10":"pa_yazar-resul-alkan","12":"first","13":"instock","14":"sale","15":"shipping-taxable","16":"purchasable","17":"product-type-simple"},"_links":{"self":[{"href":"https:\/\/roveyayinevi.com.tr\/index.php\/wp-json\/wp\/v2\/product\/744602","targetHints":{"allow":["GET"]}}],"collection":[{"href":"https:\/\/roveyayinevi.com.tr\/index.php\/wp-json\/wp\/v2\/product"}],"about":[{"href":"https:\/\/roveyayinevi.com.tr\/index.php\/wp-json\/wp\/v2\/types\/product"}],"wp:attachment":[{"href":"https:\/\/roveyayinevi.com.tr\/index.php\/wp-json\/wp\/v2\/media?parent=744602"}],"wp:term":[{"taxonomy":"product_brand","embeddable":true,"href":"https:\/\/roveyayinevi.com.tr\/index.php\/wp-json\/wp\/v2\/product_brand?post=744602"},{"taxonomy":"product_cat","embeddable":true,"href":"https:\/\/roveyayinevi.com.tr\/index.php\/wp-json\/wp\/v2\/product_cat?post=744602"},{"taxonomy":"product_tag","embeddable":true,"href":"https:\/\/roveyayinevi.com.tr\/index.php\/wp-json\/wp\/v2\/product_tag?post=744602"}],"curies":[{"name":"wp","href":"https:\/\/api.w.org\/{rel}","templated":true}]}}