{"id":744601,"date":"2025-08-28T02:00:23","date_gmt":"2025-08-27T23:00:23","guid":{"rendered":"https:\/\/roveyayinevi.com.tr\/index.php\/urun\/antep-harbine-yeniden-bakmak\/"},"modified":"2026-04-16T02:56:35","modified_gmt":"2026-04-15T23:56:35","slug":"antep-harbine-yeniden-bakmak","status":"publish","type":"product","link":"https:\/\/roveyayinevi.com.tr\/index.php\/urun\/antep-harbine-yeniden-bakmak\/","title":{"rendered":"Antep Harbi&#8217;ne Yeniden Bakmak"},"content":{"rendered":"<p>Antep savunmas\u0131 her kesimden halk\u0131n fedak\u00e2rl\u0131\u011f\u0131 ile Mustafa Kemal Pa\u015fa liderli\u011findeki Mill\u00ee M\u00fccadele\u2019nin bir par\u00e7as\u0131 olarak ba\u015far\u0131yla sevk ve idare edilmi\u015ftir. \u015eehrin a\u00e7l\u0131k ve ikm\u00e2lsizlik y\u00fcz\u00fcnden tesliminden \u00f6nce d\u00fc\u015fman ku\u015fatmas\u0131n\u0131 par\u00e7alayarak yap\u0131lan \u201churu\u00e7\u201d dahi nizami birliklerin komuta kontrol ve deste\u011finde ba\u015far\u0131lm\u0131\u015ft\u0131r. Huru\u00e7 giri\u015fimlerinde \u015fehir d\u0131\u015f\u0131ndaki nizami birliklerin bir gece i\u00e7inde \u00fc\u00e7 tabur komutan\u0131n\u0131 \u015fehit vermeleri de bunu g\u00f6stermektedir.Antep m\u00fccadelesi a\u011f\u0131rl\u0131kl\u0131 olarak \u015fehir halk\u0131n\u0131n \u201cseferberlik\u201dte ate\u015fle imtihandan ge\u00e7mi\u015f ihtiyat zabitleri ile erba\u015f ve erlerinin kahramanl\u0131\u011f\u0131n\u0131n eseridir. Ancak m\u00fccavir sahadan Kilis, Mara\u015f, Malatya gibi \u015fehirlerden gelen muharip unsurlar ve sa\u011flanan maddi destek de \u00f6nemlidir. Dahas\u0131 harbi y\u00fcr\u00fcten \u201cHeyet-i Merkeziye\u201dnin \u00e7abalar\u0131 ile Frans\u0131z ordusundaki Senegal, Cezayir ve Tunus gibi co\u011frafyalardan toplanan M\u00fcsl\u00fcman askerlerin bir k\u0131sm\u0131 m\u00fccahit T\u00fcrk karde\u015flerine kat\u0131lm\u0131\u015ft\u0131r. Bunlardan baz\u0131lar\u0131 da yaralanm\u0131\u015ft\u0131r.Di\u011fer taraftan Antep savunmas\u0131 sadece Frans\u0131zlara kar\u015f\u0131 de\u011fil b\u00f6lgede az\u0131nl\u0131k bir n\u00fcfusla \u201cK\u00fc\u00e7\u00fck Ermenistan\u201d kurma hevesine kap\u0131lan Ermenilere kar\u015f\u0131 da yap\u0131lm\u0131\u015ft\u0131r. Sonu\u00e7ta i\u015fgal ordusu s\u00f6z ve deste\u011fine bel ba\u011flayan Ermeniler kaybetmi\u015f, y\u00fczlerce y\u0131ld\u0131r ya\u015fad\u0131klar\u0131 Antep topra\u011f\u0131ndan silinmi\u015flerdir.Prof. Dr. Hasip Sayg\u0131l\u0131, Antep Harbi\u2019ne Yeniden Bakmak ad\u0131n\u0131 verdi\u011fi kitab\u0131n\u0131 haz\u0131rlarken, bilinen T\u00fcrk kaynaklar\u0131 kullanmakla yetinmeyip \u0130ngilizce ve Frans\u0131zca eri\u015filebilen Bat\u0131l\u0131 ve Ermeni kaynaklardan da istifade etmi\u015ftir.<\/p>\n","protected":false},"excerpt":{"rendered":"<p>Antep savunmas\u0131 her kesimden halk\u0131n fedak\u00e2rl\u0131\u011f\u0131 ile Mustafa Kemal Pa\u015fa liderli\u011findeki Mill\u00ee M\u00fccadele\u2019nin bir par\u00e7as\u0131 olarak ba\u015far\u0131yla sevk ve idare edilmi\u015ftir. \u015eehrin a\u00e7l\u0131k ve ikm\u00e2lsizlik y\u00fcz\u00fcnden<span class=\"excerpt-hellip\"> [\u2026]<\/span><\/p>\n","protected":false},"featured_media":0,"template":"","meta":{"_monsterinsights_skip_tracking":false,"_monsterinsights_sitenote_active":false,"_monsterinsights_sitenote_note":"","_monsterinsights_sitenote_category":0},"product_brand":[],"product_cat":[12370,12304],"product_tag":[],"class_list":{"0":"post-744601","1":"product","2":"type-product","3":"status-publish","5":"product_cat-arastirma-inceleme","6":"product_cat-tarih","7":"pa_cilt-ciltsiz","8":"pa_tur-kitap","9":"pa_yayinevi-timas-yayinlari","10":"pa_yazar-hasip-saygili","12":"first","13":"instock","14":"sale","15":"shipping-taxable","16":"purchasable","17":"product-type-simple"},"_links":{"self":[{"href":"https:\/\/roveyayinevi.com.tr\/index.php\/wp-json\/wp\/v2\/product\/744601","targetHints":{"allow":["GET"]}}],"collection":[{"href":"https:\/\/roveyayinevi.com.tr\/index.php\/wp-json\/wp\/v2\/product"}],"about":[{"href":"https:\/\/roveyayinevi.com.tr\/index.php\/wp-json\/wp\/v2\/types\/product"}],"wp:attachment":[{"href":"https:\/\/roveyayinevi.com.tr\/index.php\/wp-json\/wp\/v2\/media?parent=744601"}],"wp:term":[{"taxonomy":"product_brand","embeddable":true,"href":"https:\/\/roveyayinevi.com.tr\/index.php\/wp-json\/wp\/v2\/product_brand?post=744601"},{"taxonomy":"product_cat","embeddable":true,"href":"https:\/\/roveyayinevi.com.tr\/index.php\/wp-json\/wp\/v2\/product_cat?post=744601"},{"taxonomy":"product_tag","embeddable":true,"href":"https:\/\/roveyayinevi.com.tr\/index.php\/wp-json\/wp\/v2\/product_tag?post=744601"}],"curies":[{"name":"wp","href":"https:\/\/api.w.org\/{rel}","templated":true}]}}