{"id":744600,"date":"2025-08-28T02:00:23","date_gmt":"2025-08-27T23:00:23","guid":{"rendered":"https:\/\/roveyayinevi.com.tr\/index.php\/urun\/siyasal-islamcilik\/"},"modified":"2026-04-16T02:56:35","modified_gmt":"2026-04-15T23:56:35","slug":"siyasal-islamcilik","status":"publish","type":"product","link":"https:\/\/roveyayinevi.com.tr\/index.php\/urun\/siyasal-islamcilik\/","title":{"rendered":"Siyasal \u0130slamc\u0131l\u0131k"},"content":{"rendered":"<p>Siyasal \u0130slamc\u0131l\u0131k nedir?  \u25cf             Siyasal \u0130slamc\u0131l\u0131\u011f\u0131n do\u011fu\u015fu, \u00f6nemli akt\u00f6rleri, hedefleri\u2026 \u25cf             Siyasal \u0130slamc\u0131l\u0131\u011f\u0131n siyasi, sosyal ve ekonomik tarihi\u2026 \u25cf             Alman ve \u0130ngiliz emperyalizminin 1. D\u00fcnya Sava\u015f\u0131\u2019nda Siyasal \u0130slamc\u0131l\u0131kla ili\u015fkisi \u25cf             Hitler Fa\u015fizmi Siyasal \u0130slamc\u0131l\u0131\u011f\u0131 nas\u0131l bir propaganda arac\u0131 olarak kulland\u0131? \u25cf             ABD emperyalizminin 2. D\u00fcnya Sava\u015f\u0131\u2019n\u0131n ard\u0131ndan Siyasal \u0130slamc\u0131l\u0131kla ili\u015fkisi \u25cf             Emperyalizm Siyasal \u0130slamc\u0131l\u0131\u011f\u0131 nas\u0131l bi\u00e7imlendirdi, nerelerde kulland\u0131, ne hedefledi? \u25cf             Osmanl\u0131\u2019dan Cumhuriyet\u2019e, Cumhuriyet\u2019ten Erdo\u011fan rejimine Siyasal \u0130slamc\u0131l\u0131\u011f\u0131n yol haritas\u0131\u2026 \u25cf             Siyasal \u0130slamc\u0131l\u0131k ile Atlantik Kamp\u0131na ba\u011flanan T\u00fcrk devleti aras\u0131ndaki ili\u015fki\u2026 \u25cf             Egemen kapitalist s\u0131n\u0131f\u0131n Siyasal \u0130slamc\u0131larla ili\u015fkileri\u2026 \u25cf             Sermaye-Ordu-Siyaset \u00fc\u00e7geni Siyasal \u0130slamc\u0131l\u0131\u011f\u0131 sola, kom\u00fcnizme kar\u015f\u0131 nas\u0131l kulland\u0131? <\/p>\n","protected":false},"excerpt":{"rendered":"<p>Siyasal \u0130slamc\u0131l\u0131k nedir? \u25cf Siyasal \u0130slamc\u0131l\u0131\u011f\u0131n do\u011fu\u015fu, \u00f6nemli akt\u00f6rleri, hedefleri\u2026 \u25cf Siyasal \u0130slamc\u0131l\u0131\u011f\u0131n siyasi, sosyal ve ekonomik tarihi\u2026 \u25cf Alman ve \u0130ngiliz emperyalizminin 1. D\u00fcnya Sava\u015f\u0131\u2019nda<span class=\"excerpt-hellip\"> [\u2026]<\/span><\/p>\n","protected":false},"featured_media":0,"template":"","meta":{"_monsterinsights_skip_tracking":false,"_monsterinsights_sitenote_active":false,"_monsterinsights_sitenote_note":"","_monsterinsights_sitenote_category":0},"product_brand":[],"product_cat":[13590,12337],"product_tag":[],"class_list":{"0":"post-744600","1":"product","2":"type-product","3":"status-publish","5":"product_cat-arastirma-inceleme-politika-siyaset","6":"product_cat-politika-siyaset","7":"pa_cilt-ciltsiz","8":"pa_tur-kitap","9":"pa_yayinevi-kirmizi-kedi-yayinevi","10":"pa_yazar-ozan-gundogdu","12":"first","13":"instock","14":"sale","15":"shipping-taxable","16":"purchasable","17":"product-type-simple"},"_links":{"self":[{"href":"https:\/\/roveyayinevi.com.tr\/index.php\/wp-json\/wp\/v2\/product\/744600","targetHints":{"allow":["GET"]}}],"collection":[{"href":"https:\/\/roveyayinevi.com.tr\/index.php\/wp-json\/wp\/v2\/product"}],"about":[{"href":"https:\/\/roveyayinevi.com.tr\/index.php\/wp-json\/wp\/v2\/types\/product"}],"wp:attachment":[{"href":"https:\/\/roveyayinevi.com.tr\/index.php\/wp-json\/wp\/v2\/media?parent=744600"}],"wp:term":[{"taxonomy":"product_brand","embeddable":true,"href":"https:\/\/roveyayinevi.com.tr\/index.php\/wp-json\/wp\/v2\/product_brand?post=744600"},{"taxonomy":"product_cat","embeddable":true,"href":"https:\/\/roveyayinevi.com.tr\/index.php\/wp-json\/wp\/v2\/product_cat?post=744600"},{"taxonomy":"product_tag","embeddable":true,"href":"https:\/\/roveyayinevi.com.tr\/index.php\/wp-json\/wp\/v2\/product_tag?post=744600"}],"curies":[{"name":"wp","href":"https:\/\/api.w.org\/{rel}","templated":true}]}}