{"id":744599,"date":"2025-08-28T02:00:21","date_gmt":"2025-08-27T23:00:21","guid":{"rendered":"https:\/\/roveyayinevi.com.tr\/index.php\/urun\/urkek-guvercin\/"},"modified":"2026-04-16T02:56:35","modified_gmt":"2026-04-15T23:56:35","slug":"urkek-guvercin","status":"publish","type":"product","link":"https:\/\/roveyayinevi.com.tr\/index.php\/urun\/urkek-guvercin\/","title":{"rendered":"\u00dcrkek G\u00fcvercin"},"content":{"rendered":"<p>\u00dcrkek bir g\u00fcvercinkanat \u00e7\u0131rp\u0131yorhafiftenTai\u00e7imde bir yerlerdeU\u011fursuz bir bayku\u015fmu?Karanl\u0131\u011f\u0131n soysuzlu\u011fumuyakla\u015fan?BilinmezLakin bilinirg\u00fcvercinler ta\u015flan\u0131r bizim toplumda<\/p>\n","protected":false},"excerpt":{"rendered":"<p>\u00dcrkek bir g\u00fcvercinkanat \u00e7\u0131rp\u0131yorhafiftenTai\u00e7imde bir yerlerdeU\u011fursuz bir bayku\u015fmu?Karanl\u0131\u011f\u0131n soysuzlu\u011fumuyakla\u015fan?BilinmezLakin bilinirg\u00fcvercinler ta\u015flan\u0131r bizim toplumda<\/p>\n","protected":false},"featured_media":0,"template":"","meta":{"_monsterinsights_skip_tracking":false,"_monsterinsights_sitenote_active":false,"_monsterinsights_sitenote_note":"","_monsterinsights_sitenote_category":0},"product_brand":[],"product_cat":[12291,12509],"product_tag":[],"class_list":{"0":"post-744599","1":"product","2":"type-product","3":"status-publish","5":"product_cat-edebiyat","6":"product_cat-siir","7":"pa_cilt-ciltsiz","8":"pa_tur-kitap","9":"pa_yayinevi-perseus","10":"pa_yazar-osman-akyol","12":"first","13":"instock","14":"sale","15":"shipping-taxable","16":"purchasable","17":"product-type-simple"},"_links":{"self":[{"href":"https:\/\/roveyayinevi.com.tr\/index.php\/wp-json\/wp\/v2\/product\/744599","targetHints":{"allow":["GET"]}}],"collection":[{"href":"https:\/\/roveyayinevi.com.tr\/index.php\/wp-json\/wp\/v2\/product"}],"about":[{"href":"https:\/\/roveyayinevi.com.tr\/index.php\/wp-json\/wp\/v2\/types\/product"}],"wp:attachment":[{"href":"https:\/\/roveyayinevi.com.tr\/index.php\/wp-json\/wp\/v2\/media?parent=744599"}],"wp:term":[{"taxonomy":"product_brand","embeddable":true,"href":"https:\/\/roveyayinevi.com.tr\/index.php\/wp-json\/wp\/v2\/product_brand?post=744599"},{"taxonomy":"product_cat","embeddable":true,"href":"https:\/\/roveyayinevi.com.tr\/index.php\/wp-json\/wp\/v2\/product_cat?post=744599"},{"taxonomy":"product_tag","embeddable":true,"href":"https:\/\/roveyayinevi.com.tr\/index.php\/wp-json\/wp\/v2\/product_tag?post=744599"}],"curies":[{"name":"wp","href":"https:\/\/api.w.org\/{rel}","templated":true}]}}