{"id":744596,"date":"2025-08-28T02:00:17","date_gmt":"2025-08-27T23:00:17","guid":{"rendered":"https:\/\/roveyayinevi.com.tr\/index.php\/urun\/aziz-2\/"},"modified":"2026-04-16T02:56:35","modified_gmt":"2026-04-15T23:56:35","slug":"aziz-2","status":"publish","type":"product","link":"https:\/\/roveyayinevi.com.tr\/index.php\/urun\/aziz-2\/","title":{"rendered":"Aziz"},"content":{"rendered":"<p>Aziz, \u00e2\u015f\u0131k olman\u0131n toplumca lanetli ve yasakl\u0131 g\u00f6r\u00fcld\u00fc\u011f\u00fc bir d\u00fcnyada, otonom varl\u0131klar\u0131n aras\u0131nda benli\u011fine anlam arar. A\u015fk\u0131n yasakl\u0131 olmas\u0131n\u0131n sebebi, \u00e2\u015f\u0131k olan ki\u015filerin sevdi\u011fi insan\u0131n yan\u0131nda kalbinin g\u00f6zle g\u00f6r\u00fclecek kadar \u015feffafla\u015fmas\u0131 yani kalp yumu\u015famas\u0131 ismi verilen insana \u00f6z tepkidir. Korkular\u0131n\u0131n vurdu\u011fu prangalarla ya\u015fayan Aziz bir \u00f6\u011fle vakti k\u00e2busuyla kar\u015f\u0131la\u015f\u0131r. \u2018Sevgili\u2019 korkusu prangalara vurdu\u011funda onu, Aziz hen\u00fcz k\u00fc\u00e7\u00fcc\u00fck bir \u00e7ocuktu. Sevgili onun i\u00e7in \u00e7ok anlama gelirdi. Yasakl\u0131 her olgu o kelimeden ge\u00e7erdi. On seneyi a\u015fk\u0131nd\u0131r zincirleri k\u0131rmadan ya\u015fam\u0131\u015ft\u0131 ve ilk denemesinde incecik neredeyse varl\u0131\u011f\u0131 belirsiz bu prangalar d\u00fc\u015f\u00fcverdi zemine t\u0131k\u0131rt\u0131larla.<\/p>\n","protected":false},"excerpt":{"rendered":"<p>Aziz, \u00e2\u015f\u0131k olman\u0131n toplumca lanetli ve yasakl\u0131 g\u00f6r\u00fcld\u00fc\u011f\u00fc bir d\u00fcnyada, otonom varl\u0131klar\u0131n aras\u0131nda benli\u011fine anlam arar. A\u015fk\u0131n yasakl\u0131 olmas\u0131n\u0131n sebebi, \u00e2\u015f\u0131k olan ki\u015filerin sevdi\u011fi insan\u0131n yan\u0131nda<span class=\"excerpt-hellip\"> [\u2026]<\/span><\/p>\n","protected":false},"featured_media":0,"template":"","meta":{"_monsterinsights_skip_tracking":false,"_monsterinsights_sitenote_active":false,"_monsterinsights_sitenote_note":"","_monsterinsights_sitenote_category":0},"product_brand":[],"product_cat":[12291,12711],"product_tag":[],"class_list":{"0":"post-744596","1":"product","2":"type-product","3":"status-publish","5":"product_cat-edebiyat","6":"product_cat-roman-oyku","7":"pa_cilt-ciltsiz","8":"pa_tur-kitap","9":"pa_yayinevi-elpis-yayinlari","10":"pa_yazar-umut-ali-cakmak","12":"first","13":"instock","14":"sale","15":"shipping-taxable","16":"purchasable","17":"product-type-simple"},"_links":{"self":[{"href":"https:\/\/roveyayinevi.com.tr\/index.php\/wp-json\/wp\/v2\/product\/744596","targetHints":{"allow":["GET"]}}],"collection":[{"href":"https:\/\/roveyayinevi.com.tr\/index.php\/wp-json\/wp\/v2\/product"}],"about":[{"href":"https:\/\/roveyayinevi.com.tr\/index.php\/wp-json\/wp\/v2\/types\/product"}],"wp:attachment":[{"href":"https:\/\/roveyayinevi.com.tr\/index.php\/wp-json\/wp\/v2\/media?parent=744596"}],"wp:term":[{"taxonomy":"product_brand","embeddable":true,"href":"https:\/\/roveyayinevi.com.tr\/index.php\/wp-json\/wp\/v2\/product_brand?post=744596"},{"taxonomy":"product_cat","embeddable":true,"href":"https:\/\/roveyayinevi.com.tr\/index.php\/wp-json\/wp\/v2\/product_cat?post=744596"},{"taxonomy":"product_tag","embeddable":true,"href":"https:\/\/roveyayinevi.com.tr\/index.php\/wp-json\/wp\/v2\/product_tag?post=744596"}],"curies":[{"name":"wp","href":"https:\/\/api.w.org\/{rel}","templated":true}]}}