{"id":744595,"date":"2025-08-28T02:00:16","date_gmt":"2025-08-27T23:00:16","guid":{"rendered":"https:\/\/roveyayinevi.com.tr\/index.php\/urun\/zaman-polisi-2-zor-zamanlar\/"},"modified":"2026-04-16T02:56:35","modified_gmt":"2026-04-15T23:56:35","slug":"zaman-polisi-2-zor-zamanlar","status":"publish","type":"product","link":"https:\/\/roveyayinevi.com.tr\/index.php\/urun\/zaman-polisi-2-zor-zamanlar\/","title":{"rendered":"Zaman Polisi 2: Zor Zamanlar"},"content":{"rendered":"<p>The Chronicles of St Mary&#8217;s&#8217;in yazar\u0131, uluslararas\u0131 \u00e7ok satan Jodi Taylor&#8217;\u0131n bu kar\u015f\u0131 konulmaz spin-off serisinde Team Weird, Zaman Polisi&#8217;nde yine ortal\u0131\u011f\u0131 kar\u0131\u015ft\u0131racaklar. Doctor Who, Ben Aaronovitch ve Jasper Fforde&#8217;u seviyorsan\u0131z Zaman Polisi&#8217;ni de seveceksiniz.   Versay&#8217;daki bir zaman kaymas\u0131, Buz Devri&#8217;ndeki sorunlar ve kurtar\u0131lmaya ihtiyac\u0131 olan yasa d\u0131\u015f\u0131 zaman yolcular\u0131\u2026 Tam da Zaman Polisi&#8217;ne g\u00f6re bir i\u015f!   Luke, Jane ve Matthew geri d\u00f6nd\u00fc ve son maceralar\u0131nda -bilerek veya bilmeyerek- yine ortal\u0131\u011f\u0131 kar\u0131\u015ft\u0131rmaya haz\u0131r. Zaman Polisi maceralar\u0131na tam gaz devam ediyor. Tuhaf Ekiple ba\u015fka bir macera daha! Luke, Jane ve Matthew i\u015fleri yine bildikleri gibi hallediyorlar. Elbette bu u\u00e7ar\u0131 halleri dengelerin de\u011fi\u015fmesine neden olarak Komutan Hay&#8217;in sabr\u0131n\u0131 defalarca zorlayacak. Ekip bu sefer bir politikac\u0131n\u0131n \u015f\u0131mar\u0131k k\u0131z\u0131n\u0131 bulmak ve iade etmek i\u00e7in yeni bir s\u0131\u00e7rama ger\u00e7ekle\u015ftiriyor. Ancak bu s\u0131\u00e7raman\u0131n tetikledi\u011fi bir dizi olayda al\u0131nan her t\u00fcrl\u00fc karar Tuhaf Ekip&#8217;i sonunu asla tahmin edemeyecekleri bir felakete s\u00fcr\u00fckl\u00fcyor olabilir. Yasa d\u0131\u015f\u0131 zaman yolculuklar\u0131na ve gizli operasyonlar\u0131n karanl\u0131k yer alt\u0131 d\u00fcnyas\u0131na ustal\u0131kla yarat\u0131lm\u0131\u015f bir sarmalla ula\u015facaks\u0131n\u0131z. \u00c7aylakl\u0131k e\u011fitimlerini tamamlamalar\u0131na \u00e7ok az bir zaman kala ayaklar\u0131na dola\u015facak s\u0131k\u0131nt\u0131lar Tuhaf Ekip&#8217;in sonunu mu getirecek? Versay&#8217;daki zaman kaymas\u0131nda bir anda ortaya \u00e7\u0131kan o yabanc\u0131 da kim? Buz Devri&#8217;nde neler ya\u015fan\u0131yor? Zaman yolculu\u011fu mafyac\u0131l\u0131\u011f\u0131n\u0131n arkas\u0131ndan ne \u00e7\u0131kacak? Ke\u015ffedilmeyi bekleyen \u00e7ok fazla giz var. Kitab\u0131n\u0131z\u0131 al\u0131n ve k\u00f6\u015fenize \u00e7ekilin. \u00c7\u00fcnk\u00fc bu \u00f6yle b\u00f6yle bir macera de\u011fil<\/p>\n","protected":false},"excerpt":{"rendered":"<p>The Chronicles of St Mary&#8217;s&#8217;in yazar\u0131, uluslararas\u0131 \u00e7ok satan Jodi Taylor&#8217;\u0131n bu kar\u015f\u0131 konulmaz spin-off serisinde Team Weird, Zaman Polisi&#8217;nde yine ortal\u0131\u011f\u0131 kar\u0131\u015ft\u0131racaklar. Doctor Who, Ben<span class=\"excerpt-hellip\"> [\u2026]<\/span><\/p>\n","protected":false},"featured_media":0,"template":"","meta":{"_monsterinsights_skip_tracking":false,"_monsterinsights_sitenote_active":false,"_monsterinsights_sitenote_note":"","_monsterinsights_sitenote_category":0},"product_brand":[],"product_cat":[12540,12291],"product_tag":[],"class_list":{"0":"post-744595","1":"product","2":"type-product","3":"status-publish","5":"product_cat-bilim-kurgu","6":"product_cat-edebiyat","7":"pa_cilt-ciltsiz","8":"pa_tur-kitap","9":"pa_yayinevi-theseus-yayinevi","10":"pa_yazar-jodi-taylor","12":"first","13":"instock","14":"sale","15":"shipping-taxable","16":"purchasable","17":"product-type-simple"},"_links":{"self":[{"href":"https:\/\/roveyayinevi.com.tr\/index.php\/wp-json\/wp\/v2\/product\/744595","targetHints":{"allow":["GET"]}}],"collection":[{"href":"https:\/\/roveyayinevi.com.tr\/index.php\/wp-json\/wp\/v2\/product"}],"about":[{"href":"https:\/\/roveyayinevi.com.tr\/index.php\/wp-json\/wp\/v2\/types\/product"}],"wp:attachment":[{"href":"https:\/\/roveyayinevi.com.tr\/index.php\/wp-json\/wp\/v2\/media?parent=744595"}],"wp:term":[{"taxonomy":"product_brand","embeddable":true,"href":"https:\/\/roveyayinevi.com.tr\/index.php\/wp-json\/wp\/v2\/product_brand?post=744595"},{"taxonomy":"product_cat","embeddable":true,"href":"https:\/\/roveyayinevi.com.tr\/index.php\/wp-json\/wp\/v2\/product_cat?post=744595"},{"taxonomy":"product_tag","embeddable":true,"href":"https:\/\/roveyayinevi.com.tr\/index.php\/wp-json\/wp\/v2\/product_tag?post=744595"}],"curies":[{"name":"wp","href":"https:\/\/api.w.org\/{rel}","templated":true}]}}