{"id":744593,"date":"2025-08-28T02:00:13","date_gmt":"2025-08-27T23:00:13","guid":{"rendered":"https:\/\/roveyayinevi.com.tr\/index.php\/urun\/genc-kan\/"},"modified":"2026-04-16T02:56:35","modified_gmt":"2026-04-15T23:56:35","slug":"genc-kan","status":"publish","type":"product","link":"https:\/\/roveyayinevi.com.tr\/index.php\/urun\/genc-kan\/","title":{"rendered":"Gen\u00e7 Kan"},"content":{"rendered":"<p>Yak\u0131n gelecekte, d\u00fcnya i\u00e7in i\u015fler pek de beklendi\u011fi gibi gitmemektedir. Fakat ya\u015fl\u0131lar\u0131 biraz daha ya\u015fatabilmek i\u00e7in o beklenen Gen\u00e7 Kan, bir grup gencin damarlar\u0131nda akmaktad\u0131r. H\u00fck\u00fcmet bu y\u00fczden bir kazan-kazan projesi ba\u015flat\u0131r ve g\u00f6n\u00fcll\u00fc ba\u011f\u0131\u015f\u00e7\u0131lar\u0131 d\u00f6rt farkl\u0131 \u00e7iftlikte toplar: T\u0131pk\u0131 tavuklar gibi\u2026 G\u00f6n\u00fcll\u00fc ba\u011f\u0131\u015f\u00e7\u0131lar\u0131n ilk dalgas\u0131 aras\u0131nda, r\u00fcya cennetlerine h\u0131zla ba\u011flanan Billy Cantor ve Frankie Halifax vard\u0131. Peki bu projede \u00e2\u015f\u0131k olmak m\u00fcmk\u00fcn m\u00fcd\u00fcr? \u015earap tad\u0131m\u0131, partiler, yoga ve yiyebilecekleri t\u00fcm organik avokadolar&#8230; Otuz be\u015f ya\u015f\u0131na kadar \u00e7iftliklerde kal\u0131p sonra da \u201cbor\u00e7suz\u201d bir ya\u015fam i\u00e7in o formu imzalarlar. Fakat sonra Billy ve Frankie, bu nirvanada birka\u00e7 \u00e7atlak ke\u015ffederler. Ve onlar\u0131 bekleyen \u201cger\u00e7ek\u201d, hayal ettiklerinden en uzak \u015feydir.<\/p>\n","protected":false},"excerpt":{"rendered":"<p>Yak\u0131n gelecekte, d\u00fcnya i\u00e7in i\u015fler pek de beklendi\u011fi gibi gitmemektedir. Fakat ya\u015fl\u0131lar\u0131 biraz daha ya\u015fatabilmek i\u00e7in o beklenen Gen\u00e7 Kan, bir grup gencin damarlar\u0131nda akmaktad\u0131r. H\u00fck\u00fcmet<span class=\"excerpt-hellip\"> [\u2026]<\/span><\/p>\n","protected":false},"featured_media":0,"template":"","meta":{"_monsterinsights_skip_tracking":false,"_monsterinsights_sitenote_active":false,"_monsterinsights_sitenote_note":"","_monsterinsights_sitenote_category":0},"product_brand":[],"product_cat":[12540,12291],"product_tag":[],"class_list":{"0":"post-744593","1":"product","2":"type-product","3":"status-publish","5":"product_cat-bilim-kurgu","6":"product_cat-edebiyat","7":"pa_cilt-ciltsiz","8":"pa_tur-kitap","9":"pa_yayinevi-theseus-yayinevi","10":"pa_yazar-andrew-barrer","12":"first","13":"instock","14":"sale","15":"shipping-taxable","16":"purchasable","17":"product-type-simple"},"_links":{"self":[{"href":"https:\/\/roveyayinevi.com.tr\/index.php\/wp-json\/wp\/v2\/product\/744593","targetHints":{"allow":["GET"]}}],"collection":[{"href":"https:\/\/roveyayinevi.com.tr\/index.php\/wp-json\/wp\/v2\/product"}],"about":[{"href":"https:\/\/roveyayinevi.com.tr\/index.php\/wp-json\/wp\/v2\/types\/product"}],"wp:attachment":[{"href":"https:\/\/roveyayinevi.com.tr\/index.php\/wp-json\/wp\/v2\/media?parent=744593"}],"wp:term":[{"taxonomy":"product_brand","embeddable":true,"href":"https:\/\/roveyayinevi.com.tr\/index.php\/wp-json\/wp\/v2\/product_brand?post=744593"},{"taxonomy":"product_cat","embeddable":true,"href":"https:\/\/roveyayinevi.com.tr\/index.php\/wp-json\/wp\/v2\/product_cat?post=744593"},{"taxonomy":"product_tag","embeddable":true,"href":"https:\/\/roveyayinevi.com.tr\/index.php\/wp-json\/wp\/v2\/product_tag?post=744593"}],"curies":[{"name":"wp","href":"https:\/\/api.w.org\/{rel}","templated":true}]}}