{"id":744590,"date":"2025-08-28T02:00:09","date_gmt":"2025-08-27T23:00:09","guid":{"rendered":"https:\/\/roveyayinevi.com.tr\/index.php\/urun\/torbayla-bir-omur\/"},"modified":"2026-04-16T02:56:35","modified_gmt":"2026-04-15T23:56:35","slug":"torbayla-bir-omur","status":"publish","type":"product","link":"https:\/\/roveyayinevi.com.tr\/index.php\/urun\/torbayla-bir-omur\/","title":{"rendered":"Torbayla Bir \u00d6m\u00fcr"},"content":{"rendered":"<p>Kitab\u0131n\u0131zda duygular\u0131n\u0131z\u0131 ve ya\u015fad\u0131klar\u0131n\u0131z\u0131 o kadar g\u00fczel ifade etmi\u015fsiniz ki asl\u0131nda t\u00fcm topluma ve hekim camias\u0131na \u00f6rnek olmal\u0131,  ders al\u0131nmal\u0131\u2026 Prof. Dr. Mehmet Murat Tuncer   Sevgili \u00d6m\u00fcr, ne kadar duyarl\u0131 bir hasta oldu\u011funu da adeta bir hekim titizli\u011fi ile ostomili hastalar\u0131 i\u00e7in referans olacak seviyede bilgilendirmeler yaparak g\u00f6steriyor. Emekli Tabip Tu\u011fgeneral Prof. Dr. Yusuf Ziya Yerg\u00f6k   Tan\u0131mlad\u0131\u011f\u0131n\u0131z t\u0131bbi-cerrahi s\u00fcre\u00e7lerin yan\u0131 s\u0131ra, i\u00e7d\u00fcnyan\u0131z\u0131 samimiyetle okuyucuya a\u00e7man\u0131z da ayr\u0131 bir \u00f6vg\u00fcy\u00fc hak ediyor. Prof. Dr. Dursun Bu\u011fra Yazd\u0131\u011f\u0131 bu kitapla umutsuzlu\u011fa d\u00fc\u015fen nice insana umut \u0131\u015f\u0131\u011f\u0131 yakan \u00d6m\u00fcr Han\u0131m\u2019\u0131 tebrik ediyorum\u2026 Prof. Dr. Servet R\u00fc\u015ft\u00fc Karahan   Bu hayat hik\u00e2yesini pek \u00e7ok hastam\u0131n bir \u00e7\u0131rp\u0131da okuyaca\u011f\u0131na eminim. Prof. Dr. Turgut \u0130pek   Bu kitap bir\u00e7ok insana ya\u015fama ba\u011fl\u0131l\u0131k ad\u0131na rehber olsun. Prof. Dr. Melih Paksoy   Bazen hastan\u0131n ya\u015fad\u0131klar\u0131n\u0131, ba\u015f\u0131ndan ge\u00e7enleri en iyi hastan\u0131n kendisi anlatabilir. Prof. Dr. H\u00fcsn\u00fc G\u00f6rgen   Sadece ostomililerin de\u011fil, herkesin faydalanabilece\u011fi bir kitap. Op. Dr. \u00dcmit Sekmen   \u201cKab\u0131zl\u0131k anlat\u0131lmaz ya\u015fan\u0131r\u201d, \u201cStoma anlat\u0131lmaz, ya\u015fan\u0131r\u201d\u0131 \u00e7ok iyi ifade etti\u011fin g\u00fczel bir kitap. Dr. \u00d6zdal Ersoy   \u00d6zetle bu kitap t\u00fcm insanlar i\u00e7in yaz\u0131lm\u0131\u015f. Dr. Cevat Bayraktar   Bu kitab\u0131yla ya\u015fad\u0131klar\u0131n\u0131 anlatarak herkese el uzat\u0131yor ve yaln\u0131z de\u011filsiniz diyor. Op. Dr. H. Mehmet M\u00fclayim   Stoma ile ya\u015famaya ili\u015fkin ki\u015fisel deneyiminizi ve g\u00f6r\u00fc\u015flerinizi payla\u015ft\u0131\u011f\u0131n\u0131z bu eserin, t\u00fcm stomal\u0131 bireylerin sorunlar\u0131n\u0131n \u00e7\u00f6z\u00fcm\u00fcn\u00fcn bir par\u00e7as\u0131 olmas\u0131n\u0131 dileriz&#8230; Yara Ostomi \u0130nkontinans Derne\u011fi Ba\u015fkan\u0131 Prof. Dr. Zehra G\u00f6\u00e7men Baykara   Hayat\u0131 kendisine verilen bir arma\u011fan olarak se\u00e7mi\u015f bir insan\u0131n ba\u015fka hayatlara dokunma gayretinin sonucu bu kitap. Biz sa\u011fl\u0131k \u00e7al\u0131\u015fanlar\u0131na ve sa\u011fl\u0131\u011f\u0131 ile ilgili zorluklar ya\u015fayanlara \u00e7ok g\u00fczel mesajlar i\u00e7eriyor. Emekli Sa\u011fl\u0131k Albay Fatma Soylu \u00c7akmak   Benzer sorunlar\u0131 ya\u015fayanlar veya ileride ya\u015fayabilecek olan bizler TORBAYLA B\u0130R \u00d6M\u00dcR kitab\u0131 i\u00e7in \u201cBir g\u00fcn bir kitap okudum ve b\u00fct\u00fcn hayat\u0131m de\u011fi\u015fti\u201d diyeceklerdir. Cansu \u00c7ak\u0131c\u0131   Stomal\u0131 hastalar\u0131n mutlaka okumas\u0131 gereken m\u00fcthi\u015f bir eser. Mira Ordu   Bir sa\u011fl\u0131k profesyoneli olarak stomay\u0131 anlatmam asla \u00d6m\u00fcr Han\u0131m\u2019\u0131n anlatt\u0131\u011f\u0131ndan daha anlaml\u0131 ve daha iyi olmayacakt\u0131r. Nuran K\u00fc\u00e7\u00fck   Hepimiz stoma ile ya\u015fam\u0131 bir son olarak biliyorken \u00d6m\u00fcr Han\u0131m\u2019\u0131n kitab\u0131 sayesinde ikinci bir ya\u015fam oldu\u011funu bir kez daha anlad\u0131k. \u0130BHAYD Dernek Ba\u015fkan\u0131 \u00d6m\u00fcr Akkaya   <\/p>\n","protected":false},"excerpt":{"rendered":"<p>Kitab\u0131n\u0131zda duygular\u0131n\u0131z\u0131 ve ya\u015fad\u0131klar\u0131n\u0131z\u0131 o kadar g\u00fczel ifade etmi\u015fsiniz ki asl\u0131nda t\u00fcm topluma ve hekim camias\u0131na \u00f6rnek olmal\u0131, ders al\u0131nmal\u0131\u2026 Prof. Dr. Mehmet Murat Tuncer Sevgili<span class=\"excerpt-hellip\"> [\u2026]<\/span><\/p>\n","protected":false},"featured_media":0,"template":"","meta":{"_monsterinsights_skip_tracking":false,"_monsterinsights_sitenote_active":false,"_monsterinsights_sitenote_note":"","_monsterinsights_sitenote_category":0},"product_brand":[],"product_cat":[13366,13365],"product_tag":[],"class_list":{"0":"post-744590","1":"product","2":"type-product","3":"status-publish","5":"product_cat-diger-saglik","6":"product_cat-saglik","7":"pa_cilt-ciltsiz","8":"pa_tur-kitap","9":"pa_yayinevi-destek-yayinlari","10":"pa_yazar-omur-kahraman","12":"first","13":"instock","14":"sale","15":"shipping-taxable","16":"purchasable","17":"product-type-simple"},"_links":{"self":[{"href":"https:\/\/roveyayinevi.com.tr\/index.php\/wp-json\/wp\/v2\/product\/744590","targetHints":{"allow":["GET"]}}],"collection":[{"href":"https:\/\/roveyayinevi.com.tr\/index.php\/wp-json\/wp\/v2\/product"}],"about":[{"href":"https:\/\/roveyayinevi.com.tr\/index.php\/wp-json\/wp\/v2\/types\/product"}],"wp:attachment":[{"href":"https:\/\/roveyayinevi.com.tr\/index.php\/wp-json\/wp\/v2\/media?parent=744590"}],"wp:term":[{"taxonomy":"product_brand","embeddable":true,"href":"https:\/\/roveyayinevi.com.tr\/index.php\/wp-json\/wp\/v2\/product_brand?post=744590"},{"taxonomy":"product_cat","embeddable":true,"href":"https:\/\/roveyayinevi.com.tr\/index.php\/wp-json\/wp\/v2\/product_cat?post=744590"},{"taxonomy":"product_tag","embeddable":true,"href":"https:\/\/roveyayinevi.com.tr\/index.php\/wp-json\/wp\/v2\/product_tag?post=744590"}],"curies":[{"name":"wp","href":"https:\/\/api.w.org\/{rel}","templated":true}]}}