{"id":744589,"date":"2025-08-28T02:00:08","date_gmt":"2025-08-27T23:00:08","guid":{"rendered":"https:\/\/roveyayinevi.com.tr\/index.php\/urun\/benim-adim-de-bruyne\/"},"modified":"2026-04-16T02:56:35","modified_gmt":"2026-04-15T23:56:35","slug":"benim-adim-de-bruyne","status":"publish","type":"product","link":"https:\/\/roveyayinevi.com.tr\/index.php\/urun\/benim-adim-de-bruyne\/","title":{"rendered":"Benim Ad\u0131m De Bruyne"},"content":{"rendered":"<p>Oyun park\u0131ndan futbol sahas\u0131na&#8230; Kevin de Bruyne, Manchester City&#8217;nin tart\u0131\u015fmas\u0131z en iyi oyuncusu. Bu kitapta gen\u00e7 Bel\u00e7ikal\u0131 futbolcunun nas\u0131l y\u0131ld\u0131zla\u015ft\u0131\u011f\u0131n\u0131, yol boyunca kar\u015f\u0131la\u015ft\u0131\u011f\u0131 zorluklara ra\u011fmen nas\u0131l s\u0131k\u0131 \u00e7al\u0131\u015ft\u0131\u011f\u0131n\u0131 ve d\u00fcnyan\u0131n en \u00f6nemli liginde yetene\u011fini kan\u0131tlamak i\u00e7in verdi\u011fi m\u00fccadeleyi okuyacaks\u0131n\u0131z. <\/p>\n","protected":false},"excerpt":{"rendered":"<p>Oyun park\u0131ndan futbol sahas\u0131na&#8230; Kevin de Bruyne, Manchester City&#8217;nin tart\u0131\u015fmas\u0131z en iyi oyuncusu. Bu kitapta gen\u00e7 Bel\u00e7ikal\u0131 futbolcunun nas\u0131l y\u0131ld\u0131zla\u015ft\u0131\u011f\u0131n\u0131, yol boyunca kar\u015f\u0131la\u015ft\u0131\u011f\u0131 zorluklara ra\u011fmen nas\u0131l<span class=\"excerpt-hellip\"> [\u2026]<\/span><\/p>\n","protected":false},"featured_media":0,"template":"","meta":{"_monsterinsights_skip_tracking":false,"_monsterinsights_sitenote_active":false,"_monsterinsights_sitenote_note":"","_monsterinsights_sitenote_category":0},"product_brand":[],"product_cat":[12274,12284],"product_tag":[],"class_list":{"0":"post-744589","1":"product","2":"type-product","3":"status-publish","5":"product_cat-cocuk-ve-genclik-kitaplari","6":"product_cat-hikayeler","7":"pa_cilt-ciltsiz","8":"pa_tur-kitap","9":"pa_yayinevi-beyaz-balina-yayinlari","10":"pa_yazar-matt-oldfield-tom-oldfield","12":"first","13":"instock","14":"sale","15":"shipping-taxable","16":"purchasable","17":"product-type-simple"},"_links":{"self":[{"href":"https:\/\/roveyayinevi.com.tr\/index.php\/wp-json\/wp\/v2\/product\/744589","targetHints":{"allow":["GET"]}}],"collection":[{"href":"https:\/\/roveyayinevi.com.tr\/index.php\/wp-json\/wp\/v2\/product"}],"about":[{"href":"https:\/\/roveyayinevi.com.tr\/index.php\/wp-json\/wp\/v2\/types\/product"}],"wp:attachment":[{"href":"https:\/\/roveyayinevi.com.tr\/index.php\/wp-json\/wp\/v2\/media?parent=744589"}],"wp:term":[{"taxonomy":"product_brand","embeddable":true,"href":"https:\/\/roveyayinevi.com.tr\/index.php\/wp-json\/wp\/v2\/product_brand?post=744589"},{"taxonomy":"product_cat","embeddable":true,"href":"https:\/\/roveyayinevi.com.tr\/index.php\/wp-json\/wp\/v2\/product_cat?post=744589"},{"taxonomy":"product_tag","embeddable":true,"href":"https:\/\/roveyayinevi.com.tr\/index.php\/wp-json\/wp\/v2\/product_tag?post=744589"}],"curies":[{"name":"wp","href":"https:\/\/api.w.org\/{rel}","templated":true}]}}