{"id":744588,"date":"2025-08-28T02:00:07","date_gmt":"2025-08-27T23:00:07","guid":{"rendered":"https:\/\/roveyayinevi.com.tr\/index.php\/urun\/kule-gunlukleri-1-kurtlarla-savas\/"},"modified":"2026-04-16T02:56:35","modified_gmt":"2026-04-15T23:56:35","slug":"kule-gunlukleri-1-kurtlarla-savas","status":"publish","type":"product","link":"https:\/\/roveyayinevi.com.tr\/index.php\/urun\/kule-gunlukleri-1-kurtlarla-savas\/","title":{"rendered":"Kule G\u00fcnl\u00fckleri &#8211; 1 Kurtlarla Sava\u015f"},"content":{"rendered":"<p>KULE G\u00dcNL\u00dcKLER\u0130 1 KURTLARLA SAVA\u015e Dena bir \u00e7iftlikte, ailesiyle normal bir hayat s\u00fcrerken Kai\u2019nin ortaya \u00e7\u0131kmas\u0131yla gariplikler ba\u015flad\u0131. \u00c7iftli\u011fin yak\u0131nlar\u0131nda Kule\u2019nin Efendisi Suren ile kar\u015f\u0131la\u015fan Dena, usta b\u00fcy\u00fcc\u00fc taraf\u0131ndan e\u011fitilmek \u00fczere Kule\u2019ye g\u00f6t\u00fcr\u00fcld\u00fc. Gen\u00e7 k\u0131z, bu labirent gibi yap\u0131ya girdi\u011finde ge\u00e7mi\u015fin s\u0131rlar\u0131yla ve do\u011fa\u00fcst\u00fc varl\u0131klarla kar\u015f\u0131la\u015faca\u011f\u0131n\u0131 bilmiyordu. Kule\u2019nin Efendisi asl\u0131nda Dena\u2019y\u0131, bir ama\u00e7 i\u00e7in e\u011fitiyordu&#8230;   Eserleriyle Cervantes Chico \u00d6d\u00fcl\u00fc d\u00e2hil olmak \u00fczere pek \u00e7ok \u00f6d\u00fcle lay\u0131k g\u00f6r\u00fclen \u0130spanyol Yazar Laura Gallego Garcia\u2019n\u0131n, Kule G\u00fcnl\u00fckleri Serisi pek \u00e7ok dile \u00e7evrildi ve \u00e7ok satan fantastik kitaplar aras\u0131nda yerini ald\u0131. <\/p>\n","protected":false},"excerpt":{"rendered":"<p>KULE G\u00dcNL\u00dcKLER\u0130 1 KURTLARLA SAVA\u015e Dena bir \u00e7iftlikte, ailesiyle normal bir hayat s\u00fcrerken Kai\u2019nin ortaya \u00e7\u0131kmas\u0131yla gariplikler ba\u015flad\u0131. \u00c7iftli\u011fin yak\u0131nlar\u0131nda Kule\u2019nin Efendisi Suren ile kar\u015f\u0131la\u015fan Dena,<span class=\"excerpt-hellip\"> [\u2026]<\/span><\/p>\n","protected":false},"featured_media":0,"template":"","meta":{"_monsterinsights_skip_tracking":false,"_monsterinsights_sitenote_active":false,"_monsterinsights_sitenote_note":"","_monsterinsights_sitenote_category":0},"product_brand":[],"product_cat":[12689,12274],"product_tag":[],"class_list":{"0":"post-744588","1":"product","2":"type-product","3":"status-publish","5":"product_cat-cizgi-roman-cocuk-ve-genclik-kitaplari","6":"product_cat-cocuk-ve-genclik-kitaplari","7":"pa_cilt-ciltsiz","8":"pa_tur-kitap","9":"pa_yayinevi-beyaz-balina-yayinlari","10":"pa_yazar-laura-gallego-garcia","12":"first","13":"instock","14":"sale","15":"shipping-taxable","16":"purchasable","17":"product-type-simple"},"_links":{"self":[{"href":"https:\/\/roveyayinevi.com.tr\/index.php\/wp-json\/wp\/v2\/product\/744588","targetHints":{"allow":["GET"]}}],"collection":[{"href":"https:\/\/roveyayinevi.com.tr\/index.php\/wp-json\/wp\/v2\/product"}],"about":[{"href":"https:\/\/roveyayinevi.com.tr\/index.php\/wp-json\/wp\/v2\/types\/product"}],"wp:attachment":[{"href":"https:\/\/roveyayinevi.com.tr\/index.php\/wp-json\/wp\/v2\/media?parent=744588"}],"wp:term":[{"taxonomy":"product_brand","embeddable":true,"href":"https:\/\/roveyayinevi.com.tr\/index.php\/wp-json\/wp\/v2\/product_brand?post=744588"},{"taxonomy":"product_cat","embeddable":true,"href":"https:\/\/roveyayinevi.com.tr\/index.php\/wp-json\/wp\/v2\/product_cat?post=744588"},{"taxonomy":"product_tag","embeddable":true,"href":"https:\/\/roveyayinevi.com.tr\/index.php\/wp-json\/wp\/v2\/product_tag?post=744588"}],"curies":[{"name":"wp","href":"https:\/\/api.w.org\/{rel}","templated":true}]}}