{"id":744586,"date":"2025-08-28T02:00:05","date_gmt":"2025-08-27T23:00:05","guid":{"rendered":"https:\/\/roveyayinevi.com.tr\/index.php\/urun\/aksak-rekabet-piyasalari-teori-ve-uygulama\/"},"modified":"2026-04-16T02:56:35","modified_gmt":"2026-04-15T23:56:35","slug":"aksak-rekabet-piyasalari-teori-ve-uygulama","status":"publish","type":"product","link":"https:\/\/roveyayinevi.com.tr\/index.php\/urun\/aksak-rekabet-piyasalari-teori-ve-uygulama\/","title":{"rendered":"Aksak Rekabet Piyasalar\u0131: Teori ve Uygulama"},"content":{"rendered":"<p>1.      B\u00f6l\u00fcm \u0130KT\u0130SAD\u0130 ANAL\u0130ZDE TAM REKABET KAVRAMININ GEL\u0130\u015e\u0130M\u0130   2.      B\u00f6l\u00fcm AKSAK REKABET P\u0130YASALARININ TAR\u0130HSEL GEL\u0130\u015e\u0130M\u0130   3.      B\u00f6l\u00fcm STRATEJ\u0130K F\u0130RMA DAVRANI\u015eLARI: ATIL KAPAS\u0130TE YATIRIMI   4.      B\u00f6l\u00fcm TAM VE EKS\u0130K ENFORMASYON ALTINDA OL\u0130GOPOL MODELLER\u0130   5.      B\u00f6l\u00fcm OYUN TEOR\u0130S\u0130 \u00c7ER\u00c7EVES\u0130NDE OL\u0130GOPOL P\u0130YASALARINDA DENGE ANAL\u0130Z\u0130   6.      B\u00f6l\u00fcm ALTERNAT\u0130F B\u0130R \u0130DEAL OLARAK YARI\u015eAB\u0130L\u0130R P\u0130YASALAR TEOR\u0130S\u0130 7.      B\u00f6l\u00fcm MONOPOLC\u00dc REKABET TEOR\u0130S\u0130 DI\u015e T\u0130CARET VE END\u00dcSTR\u0130 \u0130\u00c7\u0130 T\u0130CARET   8.      B\u00f6l\u00fcm YEN\u0130 YEN\u0130 DI\u015e T\u0130CARET TEOR\u0130S\u0130: MARC MELITZ   9.      B\u00f6l\u00fcm P\u0130YASA YAPISI VE \u0130NOVASYON: S\u0130STEMAT\u0130K L\u0130TERAT\u00dcR TARAMASI   10.      B\u00f6l\u00fcm \u0130KT\u0130SAD\u0130 B\u00dcY\u00dcME, TAM REKABET VE AKSAK REKABET   11.      B\u00f6l\u00fcm KR\u0130PTO PARALAR: DEVLETLER\u0130N PARA TEKEL\u0130N\u0130N SONU (MU) ?   12.      B\u00f6l\u00fcm K\u00dcRESEL KR\u0130Z SONRASI D\u00d6NEMDE BANKACILIK SEKT\u00d6R\u00dcNDE YO\u011eUNLA\u015eMA VE REKABET YAPISI: T\u00dcRK\u0130YE VE SE\u00c7\u0130L\u0130 AB \u00dcLKELER\u0130 ARASI B\u0130R KAR\u015eILA\u015eTIRMA   13.      B\u00f6l\u00fcm SERMAYE HAREKETL\u0130L\u0130\u011e\u0130N\u0130N \u00d6L\u00c7\u00dcLMES\u0130NDE DAVRANI\u015eSAL B\u0130R YAKLA\u015eIM: S\u00dcR\u00dc G\u00dcD\u00dcS\u00dc <\/p>\n","protected":false},"excerpt":{"rendered":"<p>1. B\u00f6l\u00fcm \u0130KT\u0130SAD\u0130 ANAL\u0130ZDE TAM REKABET KAVRAMININ GEL\u0130\u015e\u0130M\u0130 2. B\u00f6l\u00fcm AKSAK REKABET P\u0130YASALARININ TAR\u0130HSEL GEL\u0130\u015e\u0130M\u0130 3. B\u00f6l\u00fcm STRATEJ\u0130K F\u0130RMA DAVRANI\u015eLARI: ATIL KAPAS\u0130TE YATIRIMI 4. B\u00f6l\u00fcm TAM<span class=\"excerpt-hellip\"> [\u2026]<\/span><\/p>\n","protected":false},"featured_media":0,"template":"","meta":{"_monsterinsights_skip_tracking":false,"_monsterinsights_sitenote_active":false,"_monsterinsights_sitenote_note":"","_monsterinsights_sitenote_category":0},"product_brand":[],"product_cat":[13043,14381],"product_tag":[],"class_list":{"0":"post-744586","1":"product","2":"type-product","3":"status-publish","5":"product_cat-ekonomi","6":"product_cat-isletme-muhasebe-maliye","7":"pa_cilt-ciltsiz","8":"pa_tur-kitap","9":"pa_yayinevi-gazi-kitabevi","10":"pa_yazar-kolektif","12":"first","13":"instock","14":"sale","15":"shipping-taxable","16":"purchasable","17":"product-type-simple"},"_links":{"self":[{"href":"https:\/\/roveyayinevi.com.tr\/index.php\/wp-json\/wp\/v2\/product\/744586","targetHints":{"allow":["GET"]}}],"collection":[{"href":"https:\/\/roveyayinevi.com.tr\/index.php\/wp-json\/wp\/v2\/product"}],"about":[{"href":"https:\/\/roveyayinevi.com.tr\/index.php\/wp-json\/wp\/v2\/types\/product"}],"wp:attachment":[{"href":"https:\/\/roveyayinevi.com.tr\/index.php\/wp-json\/wp\/v2\/media?parent=744586"}],"wp:term":[{"taxonomy":"product_brand","embeddable":true,"href":"https:\/\/roveyayinevi.com.tr\/index.php\/wp-json\/wp\/v2\/product_brand?post=744586"},{"taxonomy":"product_cat","embeddable":true,"href":"https:\/\/roveyayinevi.com.tr\/index.php\/wp-json\/wp\/v2\/product_cat?post=744586"},{"taxonomy":"product_tag","embeddable":true,"href":"https:\/\/roveyayinevi.com.tr\/index.php\/wp-json\/wp\/v2\/product_tag?post=744586"}],"curies":[{"name":"wp","href":"https:\/\/api.w.org\/{rel}","templated":true}]}}