{"id":744585,"date":"2025-08-28T02:00:03","date_gmt":"2025-08-27T23:00:03","guid":{"rendered":"https:\/\/roveyayinevi.com.tr\/index.php\/urun\/murekkep-yurt\/"},"modified":"2026-04-16T02:56:35","modified_gmt":"2026-04-15T23:56:35","slug":"murekkep-yurt","status":"publish","type":"product","link":"https:\/\/roveyayinevi.com.tr\/index.php\/urun\/murekkep-yurt\/","title":{"rendered":"M\u00fcrekkep Yurt"},"content":{"rendered":"<p>Yirminci y\u00fczy\u0131l\u0131nn ba\u015flar\u0131nda b\u00fct\u00fcn d\u00fcnya \u201cM\u00fcrekkep Y\u0131k\u0131m\u0131\u201d denen bir olay ile sona ererken, uygarl\u0131k denen kavram da Anadolu benzeri \u201cYurt\u201d denen kurgusal bir co\u011frafyaya s\u0131k\u0131\u015f\u0131r. Y\u0131k\u0131m\u0131n beraberinde getirdi\u011fi \u00f6l\u00fcmden ve \u00e7aresizlikten ka\u00e7maya \u00e7al\u0131\u015fan Yurt\u2019un d\u00f6rt bir yan\u0131ndaki insanlar kendi sa\u011f kal\u0131m m\u00fccadeleleri i\u00e7in farkl\u0131 yollar benimser. Baz\u0131 insanlar do\u011frucul ama\u00e7lar do\u011frultusunda yanl\u0131\u015f yollar se\u00e7mi\u015fken, baz\u0131lar\u0131 da yanl\u0131\u015f ama\u00e7lar\u0131n pe\u015finden ko\u015farken do\u011fru yolu g\u00f6rm\u00fc\u015ft\u00fcr. Tabi Yurt\u2019ta do\u011fru ve yanl\u0131\u015f\u0131 birbirinden ay\u0131ran somut bir s\u0131n\u0131r yoktur. Bu co\u011frafyan\u0131n \u00e7evresini sarm\u0131\u015f bir M\u00fcrekkep felaketi ve onun arkas\u0131ndan getirdi\u011fi bir \u201cleke\u201d vard\u0131r. Leke her g\u00fcn yava\u015f  ama kararl\u0131 bir \u015fekilde Yurt insan\u0131n\u0131n y\u00fcre\u011fine biraz daha yakla\u015f\u0131rken her \u015fey daha da k\u0131z\u0131\u015facak ve insanlar hem kendi i\u00e7 d\u00fcnyalar\u0131nda hem de d\u0131\u015f d\u00fcnyalar\u0131nda bir y\u00fczle\u015fme ya\u015fayacaklard\u0131r. \u0130nsanlar\u0131n kimlikleri, etikleri, \u015f\u00fcpheleri ve d\u00fc\u015fleri oldu\u011fu gibi sorgulanacakt\u0131r. Ne olursa olsun tekinsiz bir d\u00fc\u015f\u00fcnce, y\u0131k\u0131m\u0131n g\u00fcc\u00fcnden do\u011fan bir f\u0131s\u0131lt\u0131 herkesin zihninde yank\u0131lanmaktad\u0131r. Tarih m\u00fcrekkep ile bitecektir. <\/p>\n","protected":false},"excerpt":{"rendered":"<p>Yirminci y\u00fczy\u0131l\u0131nn ba\u015flar\u0131nda b\u00fct\u00fcn d\u00fcnya \u201cM\u00fcrekkep Y\u0131k\u0131m\u0131\u201d denen bir olay ile sona ererken, uygarl\u0131k denen kavram da Anadolu benzeri \u201cYurt\u201d denen kurgusal bir co\u011frafyaya s\u0131k\u0131\u015f\u0131r. Y\u0131k\u0131m\u0131n<span class=\"excerpt-hellip\"> [\u2026]<\/span><\/p>\n","protected":false},"featured_media":0,"template":"","meta":{"_monsterinsights_skip_tracking":false,"_monsterinsights_sitenote_active":false,"_monsterinsights_sitenote_note":"","_monsterinsights_sitenote_category":0},"product_brand":[],"product_cat":[12291,12711],"product_tag":[],"class_list":{"0":"post-744585","1":"product","2":"type-product","3":"status-publish","5":"product_cat-edebiyat","6":"product_cat-roman-oyku","7":"pa_cilt-ciltsiz","8":"pa_tur-kitap","9":"pa_yayinevi-karakum-yayinevi","10":"pa_yazar-serdar-ersoz","12":"first","13":"instock","14":"sale","15":"shipping-taxable","16":"purchasable","17":"product-type-simple"},"_links":{"self":[{"href":"https:\/\/roveyayinevi.com.tr\/index.php\/wp-json\/wp\/v2\/product\/744585","targetHints":{"allow":["GET"]}}],"collection":[{"href":"https:\/\/roveyayinevi.com.tr\/index.php\/wp-json\/wp\/v2\/product"}],"about":[{"href":"https:\/\/roveyayinevi.com.tr\/index.php\/wp-json\/wp\/v2\/types\/product"}],"wp:attachment":[{"href":"https:\/\/roveyayinevi.com.tr\/index.php\/wp-json\/wp\/v2\/media?parent=744585"}],"wp:term":[{"taxonomy":"product_brand","embeddable":true,"href":"https:\/\/roveyayinevi.com.tr\/index.php\/wp-json\/wp\/v2\/product_brand?post=744585"},{"taxonomy":"product_cat","embeddable":true,"href":"https:\/\/roveyayinevi.com.tr\/index.php\/wp-json\/wp\/v2\/product_cat?post=744585"},{"taxonomy":"product_tag","embeddable":true,"href":"https:\/\/roveyayinevi.com.tr\/index.php\/wp-json\/wp\/v2\/product_tag?post=744585"}],"curies":[{"name":"wp","href":"https:\/\/api.w.org\/{rel}","templated":true}]}}