{"id":744584,"date":"2025-08-28T02:00:02","date_gmt":"2025-08-27T23:00:02","guid":{"rendered":"https:\/\/roveyayinevi.com.tr\/index.php\/urun\/glutensiz-olamayacak-kadar-iyi-yasamin-pesinde\/"},"modified":"2026-04-16T02:56:35","modified_gmt":"2026-04-15T23:56:35","slug":"glutensiz-olamayacak-kadar-iyi-yasamin-pesinde","status":"publish","type":"product","link":"https:\/\/roveyayinevi.com.tr\/index.php\/urun\/glutensiz-olamayacak-kadar-iyi-yasamin-pesinde\/","title":{"rendered":"Gl\u00fctensiz Olamayacak Kadar \u0130yi! &#8211; Ya\u015fam\u0131n Pe\u015finde"},"content":{"rendered":"<p>\u00c7\u00f6lyakl\u0131 Bir \u015eefin Gl\u00fctensiz Hayat\u0131 Ke\u015ffetme Yolculu\u011fuYa\u015famdan tat almak \u00e7o\u011fu zaman yediklerimizle de ilgilidir. Mutlulu\u011fumuza e\u015flik eden yiyecekler kadar \u00fcz\u00fcnt\u00fcm\u00fcze teselli olanlar da vard\u0131r. Yediklerimiz, bir\u00e7ok \u015feyi daha keyifli hale getiren olmazsa olmaz unsurlardan biri. Peki ya yiyemediklerimiz?S\u0131k\u0131 bir gl\u00fctensiz diyet gerektiren \u00e7\u00f6lyak, \u00e7o\u011fu zaman kendimizi yiyemediklerimiz \u00fczerinden ifade etmemize neden olur. Annemizin o leziz b\u00f6re\u011fi, en sevdi\u011fimiz restoran\u0131n \u015fahane makarnas\u0131, yiyenlerin tad\u0131na bay\u0131ld\u0131\u011f\u0131 duman\u0131 \u00fcst\u00fcnde pizza, \u00e7\u0131t\u0131r \u00e7\u0131t\u0131r lahmacun\u2026 Hi\u00e7birinin tad\u0131na dahi bakamay\u0131z \u00e7\u00fcnk\u00fc i\u00e7lerinde bulunan gl\u00fcten bize bedel \u00f6detmek i\u00e7in haz\u0131rda bekler. Ka\u00e7amak yapmak da m\u00fcmk\u00fcn de\u011fil. Gl\u00fctensiz beslenme ciddiye al\u0131nmas\u0131 gereken bir i\u015ftir. Ve t\u00fcm ciddi i\u015fler gibi biraz s\u0131k\u0131c\u0131d\u0131r.En az\u0131ndan bu kitap ortaya \u00e7\u0131kana kadar \u00f6yleydi. Selin G\u00fcne\u015f, \u00e7\u00f6lyak oldu\u011funu \u00f6\u011frendikten sonra \u015feflik e\u011fitimi ald\u0131. Gl\u00fctensiz \u00fcr\u00fcnleri, onlar\u0131n kaderi san\u0131lan \u201clezzetsizlikten\u201d kurtarmak i\u00e7in bir\u00e7ok \u00e7al\u0131\u015fma yapt\u0131 ve re\u00e7ete \u00e7\u0131kard\u0131. \u0130ster \u00e7\u00f6lyak ister gl\u00fcten hassasiyeti ile m\u00fccadele ediyor olun, bu kitapta bir yandan Selin G\u00fcne\u015f\u2019in gl\u00fctensiz beslenmeyi ya\u015fam tarz\u0131 haline getirme hik\u00e2yesini okurken, bir yandan da kendiniz i\u00e7in bir beslenme rehberi bulacaks\u0131n\u0131z; birbirinden leziz ve pratik tarifler de size e\u015flik edecek.\u201cGl\u00fctensiz beslenmeyi ya\u015fam tarz\u0131na d\u00f6n\u00fc\u015ft\u00fcrmek isteyenler i\u00e7in ilham verici bir anlat\u0131.\u201d\u2015Hazer Amani<\/p>\n","protected":false},"excerpt":{"rendered":"<p>\u00c7\u00f6lyakl\u0131 Bir \u015eefin Gl\u00fctensiz Hayat\u0131 Ke\u015ffetme Yolculu\u011fuYa\u015famdan tat almak \u00e7o\u011fu zaman yediklerimizle de ilgilidir. Mutlulu\u011fumuza e\u015flik eden yiyecekler kadar \u00fcz\u00fcnt\u00fcm\u00fcze teselli olanlar da vard\u0131r. Yediklerimiz, bir\u00e7ok<span class=\"excerpt-hellip\"> [\u2026]<\/span><\/p>\n","protected":false},"featured_media":0,"template":"","meta":{"_monsterinsights_skip_tracking":false,"_monsterinsights_sitenote_active":false,"_monsterinsights_sitenote_note":"","_monsterinsights_sitenote_category":0},"product_brand":[],"product_cat":[13402,13365],"product_tag":[],"class_list":{"0":"post-744584","1":"product","2":"type-product","3":"status-publish","5":"product_cat-beslenme-ve-diyet","6":"product_cat-saglik","7":"pa_cilt-ciltsiz","8":"pa_tur-kitap","9":"pa_yayinevi-nova-kitap","10":"pa_yazar-selin-gunes","12":"first","13":"instock","14":"sale","15":"shipping-taxable","16":"purchasable","17":"product-type-simple"},"_links":{"self":[{"href":"https:\/\/roveyayinevi.com.tr\/index.php\/wp-json\/wp\/v2\/product\/744584","targetHints":{"allow":["GET"]}}],"collection":[{"href":"https:\/\/roveyayinevi.com.tr\/index.php\/wp-json\/wp\/v2\/product"}],"about":[{"href":"https:\/\/roveyayinevi.com.tr\/index.php\/wp-json\/wp\/v2\/types\/product"}],"wp:attachment":[{"href":"https:\/\/roveyayinevi.com.tr\/index.php\/wp-json\/wp\/v2\/media?parent=744584"}],"wp:term":[{"taxonomy":"product_brand","embeddable":true,"href":"https:\/\/roveyayinevi.com.tr\/index.php\/wp-json\/wp\/v2\/product_brand?post=744584"},{"taxonomy":"product_cat","embeddable":true,"href":"https:\/\/roveyayinevi.com.tr\/index.php\/wp-json\/wp\/v2\/product_cat?post=744584"},{"taxonomy":"product_tag","embeddable":true,"href":"https:\/\/roveyayinevi.com.tr\/index.php\/wp-json\/wp\/v2\/product_tag?post=744584"}],"curies":[{"name":"wp","href":"https:\/\/api.w.org\/{rel}","templated":true}]}}