{"id":744580,"date":"2025-08-28T01:59:57","date_gmt":"2025-08-27T22:59:57","guid":{"rendered":"https:\/\/roveyayinevi.com.tr\/index.php\/urun\/walpurgis-gecesi\/"},"modified":"2026-04-16T02:56:35","modified_gmt":"2026-04-15T23:56:35","slug":"walpurgis-gecesi","status":"publish","type":"product","link":"https:\/\/roveyayinevi.com.tr\/index.php\/urun\/walpurgis-gecesi\/","title":{"rendered":"Walpurgis Gecesi"},"content":{"rendered":"<p>\u201cGe\u00e7mi\u015f ile g\u00fcn\u00fcm\u00fcz\u00fc harika bir \u015fekilde yans\u0131tan d\u00fc\u015fsel bir kurgu.\u201d \u2013The TimesGustav Meyrink, do\u011fa\u00fcst\u00fc unsurlara yer veren Avrupal\u0131 yazarlar aras\u0131nda benzerlerinden s\u0131yr\u0131l\u0131p \u00e7a\u011fa damga vuran, ele ald\u0131\u011f\u0131 ok\u00fclt konular\u0131 modern zamanlar\u0131n meselesi h\u00e2line getirmekte usta bir isim. Meyrink\u2019in Birinci D\u00fcnya Sava\u015f\u0131 gibi kritik bir d\u00f6nemde kaleme ald\u0131\u011f\u0131 roman\u0131 Walpurgis Gecesi, maddiyat ile maneviyat\u0131n kesi\u015fti\u011fi, tarihte ger\u00e7ekten ya\u015fanm\u0131\u015f olaylar\u0131n d\u00f6n\u00fc\u015ferek hortlad\u0131\u011f\u0131, kadim efsanelerin geri gelip modern \u00e7a\u011f\u0131 alt\u00fcst etti\u011fi, gotik ve politik bir anlat\u0131.Y\u0131l 1917. Sava\u015f Avrupa\u2019y\u0131 mahvediyor. Rus \u00c7arl\u0131\u011f\u0131 bir devrimin e\u015fi\u011finde. Avusturya-Macaristan \u0130mparatorlu\u011fu \u00e7\u00f6kmek \u00fczere. Takvimler Walpurgis Gecesi\u2019ni g\u00f6steriyor. Prag\u2019\u0131n kasvetli sokaklar\u0131nda ayaktak\u0131m\u0131, \u015fiddetli bir isyan ba\u015flatarak soylular\u0131 katletmenin planlar\u0131n\u0131 yap\u0131yor. Gizemli bir kahraman\u0131n \u00f6nderli\u011finde; d\u00fc\u015f, ger\u00e7eklik, delilik ve b\u00fcy\u00fc aras\u0131nda gidip gelen m\u00fcphem bir atmosferde, Prag kan g\u00f6l\u00fcne d\u00f6n\u00fcyor.Kan, Prag\u2019\u0131n ger\u00e7ek kaynak suyu.<\/p>\n","protected":false},"excerpt":{"rendered":"<p>\u201cGe\u00e7mi\u015f ile g\u00fcn\u00fcm\u00fcz\u00fc harika bir \u015fekilde yans\u0131tan d\u00fc\u015fsel bir kurgu.\u201d \u2013The TimesGustav Meyrink, do\u011fa\u00fcst\u00fc unsurlara yer veren Avrupal\u0131 yazarlar aras\u0131nda benzerlerinden s\u0131yr\u0131l\u0131p \u00e7a\u011fa damga vuran, ele<span class=\"excerpt-hellip\"> [\u2026]<\/span><\/p>\n","protected":false},"featured_media":0,"template":"","meta":{"_monsterinsights_skip_tracking":false,"_monsterinsights_sitenote_active":false,"_monsterinsights_sitenote_note":"","_monsterinsights_sitenote_category":0},"product_brand":[],"product_cat":[12291,17033],"product_tag":[],"class_list":{"0":"post-744580","1":"product","2":"type-product","3":"status-publish","5":"product_cat-edebiyat","6":"product_cat-korku-gerilim","7":"pa_cilt-ciltsiz","8":"pa_tur-kitap","9":"pa_yayinevi-ithaki-yayinlari","10":"pa_yazar-gustav-meyrink","12":"first","13":"instock","14":"sale","15":"shipping-taxable","16":"purchasable","17":"product-type-simple"},"_links":{"self":[{"href":"https:\/\/roveyayinevi.com.tr\/index.php\/wp-json\/wp\/v2\/product\/744580","targetHints":{"allow":["GET"]}}],"collection":[{"href":"https:\/\/roveyayinevi.com.tr\/index.php\/wp-json\/wp\/v2\/product"}],"about":[{"href":"https:\/\/roveyayinevi.com.tr\/index.php\/wp-json\/wp\/v2\/types\/product"}],"wp:attachment":[{"href":"https:\/\/roveyayinevi.com.tr\/index.php\/wp-json\/wp\/v2\/media?parent=744580"}],"wp:term":[{"taxonomy":"product_brand","embeddable":true,"href":"https:\/\/roveyayinevi.com.tr\/index.php\/wp-json\/wp\/v2\/product_brand?post=744580"},{"taxonomy":"product_cat","embeddable":true,"href":"https:\/\/roveyayinevi.com.tr\/index.php\/wp-json\/wp\/v2\/product_cat?post=744580"},{"taxonomy":"product_tag","embeddable":true,"href":"https:\/\/roveyayinevi.com.tr\/index.php\/wp-json\/wp\/v2\/product_tag?post=744580"}],"curies":[{"name":"wp","href":"https:\/\/api.w.org\/{rel}","templated":true}]}}