{"id":744579,"date":"2025-08-28T01:59:56","date_gmt":"2025-08-27T22:59:56","guid":{"rendered":"https:\/\/roveyayinevi.com.tr\/index.php\/urun\/kara-hasat\/"},"modified":"2026-04-16T02:56:34","modified_gmt":"2026-04-15T23:56:34","slug":"kara-hasat","status":"publish","type":"product","link":"https:\/\/roveyayinevi.com.tr\/index.php\/urun\/kara-hasat\/","title":{"rendered":"Kara Hasat"},"content":{"rendered":"<p>\u201cB\u00fcy\u00fck bir yetenek.\u201d \u2013Stephen KingUsta korku yazar\u0131 Peter Straub\u2019un \u201cson on y\u0131lda korku edebiyat\u0131ndaki en heyecan verici seslerden biri\u201d diye nitelendirdi\u011fi Norman Partridge\u2019in 2006\u2019da yay\u0131mlanan ve Bram Stoker \u00d6d\u00fcl\u00fc\u2019ne lay\u0131k g\u00f6r\u00fclen k\u0131sa roman\u0131 Kara Hasat, Cad\u0131lar Bayram\u0131\u2019na dair k\u00e2buslar\u0131 iliklerimize kadar hissedece\u011fimiz, benzersiz bir hik\u00e2ye anlat\u0131yor.Cad\u0131lar Bayram\u0131, 1963. Ona Ekim \u00c7ocu\u011fu ya da Testere Surat veya Testere Di\u015fli Jack diyorlar. Ad\u0131 ne olursa olsun, bu k\u00fc\u00e7\u00fck kasabadaki herkes onun kim oldu\u011funu biliyor. Her Cad\u0131lar Bayram\u0131\u2019nda elinde b\u0131\u00e7a\u011f\u0131yla yolculu\u011funa ba\u015fl\u0131yor ve gen\u00e7 erkeklerin efsanevi k\u00e2busla y\u00fczle\u015fme \u015fans\u0131n\u0131 bekledi\u011fi \u015fehre do\u011fru ilerliyor. Pete McCormick, Ekim \u00c7ocu\u011fu\u2019nu \u00f6ld\u00fcrmenin bu lanetli kasabada korkun\u00e7 bir gelecekten ka\u00e7mak i\u00e7in tek f\u0131rsat\u0131 oldu\u011funu biliyor. Ancak gece bitmeden Pete, korkunun testere di\u015fli y\u00fcz\u00fcne bakacak ve Ekim \u00c7ocu\u011fu\u2019nun korkun\u00e7 s\u0131rr\u0131n\u0131 ke\u015ffedecek.Testere suratl\u0131 k\u00e2bus\u2026<\/p>\n","protected":false},"excerpt":{"rendered":"<p>\u201cB\u00fcy\u00fck bir yetenek.\u201d \u2013Stephen KingUsta korku yazar\u0131 Peter Straub\u2019un \u201cson on y\u0131lda korku edebiyat\u0131ndaki en heyecan verici seslerden biri\u201d diye nitelendirdi\u011fi Norman Partridge\u2019in 2006\u2019da yay\u0131mlanan ve<span class=\"excerpt-hellip\"> [\u2026]<\/span><\/p>\n","protected":false},"featured_media":0,"template":"","meta":{"_monsterinsights_skip_tracking":false,"_monsterinsights_sitenote_active":false,"_monsterinsights_sitenote_note":"","_monsterinsights_sitenote_category":0},"product_brand":[],"product_cat":[12291,17033],"product_tag":[],"class_list":{"0":"post-744579","1":"product","2":"type-product","3":"status-publish","5":"product_cat-edebiyat","6":"product_cat-korku-gerilim","7":"pa_cilt-ciltsiz","8":"pa_tur-kitap","9":"pa_yayinevi-ithaki-yayinlari","10":"pa_yazar-norman-partridge","12":"first","13":"instock","14":"sale","15":"shipping-taxable","16":"purchasable","17":"product-type-simple"},"_links":{"self":[{"href":"https:\/\/roveyayinevi.com.tr\/index.php\/wp-json\/wp\/v2\/product\/744579","targetHints":{"allow":["GET"]}}],"collection":[{"href":"https:\/\/roveyayinevi.com.tr\/index.php\/wp-json\/wp\/v2\/product"}],"about":[{"href":"https:\/\/roveyayinevi.com.tr\/index.php\/wp-json\/wp\/v2\/types\/product"}],"wp:attachment":[{"href":"https:\/\/roveyayinevi.com.tr\/index.php\/wp-json\/wp\/v2\/media?parent=744579"}],"wp:term":[{"taxonomy":"product_brand","embeddable":true,"href":"https:\/\/roveyayinevi.com.tr\/index.php\/wp-json\/wp\/v2\/product_brand?post=744579"},{"taxonomy":"product_cat","embeddable":true,"href":"https:\/\/roveyayinevi.com.tr\/index.php\/wp-json\/wp\/v2\/product_cat?post=744579"},{"taxonomy":"product_tag","embeddable":true,"href":"https:\/\/roveyayinevi.com.tr\/index.php\/wp-json\/wp\/v2\/product_tag?post=744579"}],"curies":[{"name":"wp","href":"https:\/\/api.w.org\/{rel}","templated":true}]}}