{"id":744578,"date":"2025-08-28T01:59:54","date_gmt":"2025-08-27T22:59:54","guid":{"rendered":"https:\/\/roveyayinevi.com.tr\/index.php\/urun\/dusyilani\/"},"modified":"2026-04-16T02:56:34","modified_gmt":"2026-04-15T23:56:34","slug":"dusyilani","status":"publish","type":"product","link":"https:\/\/roveyayinevi.com.tr\/index.php\/urun\/dusyilani\/","title":{"rendered":"D\u00fc\u015fy\u0131lan\u0131"},"content":{"rendered":"<p>Nebula En \u0130yi Roman \u00d6d\u00fcl\u00fc \/ Hugo En \u0130yi Roman \u00d6d\u00fcl\u00fc \/ Locus En \u0130yi Roman \u00d6d\u00fcl\u00fc\u201cBu kitap bir p\u0131nar gibi \u2013 h\u0131zl\u0131, temiz, berrak, heyecan verici ve g\u00fczel.\u201d \u2013Ursula K. Le Guin\u201cBu kitap i\u00e7ten karakterleri, inand\u0131r\u0131c\u0131 mitosu, daha da \u00f6nemlisi m\u00fckemmel ve okunabilir hik\u00e2yesiyle heyecan verici bir gelecek r\u00fcyas\u0131 sunuyor.\u201d \u2013Frank Herbert\u201cAk\u0131ldan \u00e7\u0131kmayan, yo\u011fun ve m\u00fc\u015ffik bir kitap&#8230; Yaratt\u0131\u011f\u0131 d\u00fcnya canl\u0131 ve b\u00fcy\u00fcleyici, Y\u0131lan ise ola\u011fan\u00fcst\u00fc ve sa\u011flam kotar\u0131lm\u0131\u015f bir karakter.\u201d \u2013Robert Silverberg\u201cSAVA\u015e, GER\u00c7EKLE\u015eME NEDEN\u0130N\u0130 B\u0130LEN YA DA BUNA \u00d6NEM VEREN HERKES\u0130 YOK ETM\u0130\u015eT\u0130.\u201dVonda N. McIntyre, 1970\u2019lerin feminist bilimkurgu hareketinin \u00f6n saflar\u0131nda yer alan, arkada\u015f\u0131 ve i\u015fbirlik\u00e7isi Ursula K. Le Guin gibi, edebiyatta ve \u00f6zellikle bilimkurguda yayg\u0131n g\u00f6r\u00fclen cinsiyet\u00e7ili\u011fe meydan okuyan ileri g\u00f6r\u00fc\u015fl\u00fc bir yazar. D\u00fc\u015fy\u0131lan\u0131 ise bilimkurgunun \u00fc\u00e7 b\u00fcy\u00fck \u00f6d\u00fcl\u00fcn\u00fc alan t\u00fcr\u00fcn say\u0131l\u0131 romanlar\u0131ndan biri.N\u00fckleer sava\u015fla yaralanm\u0131\u015f D\u00fcnya\u2019da insanl\u0131k k\u00fc\u00e7\u00fck kasaba ve kabilelere da\u011f\u0131lm\u0131\u015f, d\u00fcnyad\u0131\u015f\u0131 varl\u0131klar\u0131n teknolojileri ve s\u0131rlar\u0131, tek \u015fehrin duvarlar\u0131 ard\u0131ndaki herkese yasaklanm\u0131\u015ft\u0131r. Y\u0131lan isimli \u015fifac\u0131 ise bu yokluk d\u00fcnyas\u0131nda hastal\u0131klar\u0131 iyile\u015ftirmek ve a\u015f\u0131 geli\u015ftirmek i\u00e7in y\u0131lanlar\u0131yla dola\u015farak zehrin g\u00fcc\u00fcn\u00fc kullanmaktad\u0131r.Y\u0131lan, hasta bir g\u00f6\u00e7ebe \u00e7ocu\u011fa yard\u0131m etti\u011fi s\u0131rada, nadir bulunan d\u00fc\u015fy\u0131lan\u0131, korkusuna yenilen bir kabile \u00fcyesi taraf\u0131ndan \u00f6ld\u00fcr\u00fcl\u00fcr. Y\u0131lan\u2019\u0131n \u015fifa vermeye devam edebilmesi i\u00e7in tek bir se\u00e7ene\u011fi vard\u0131r: Yeni bir d\u00fc\u015fy\u0131lan\u0131 bulmak. Bu y\u00fczden \u00e7orak \u00e7\u00f6llerden radyasyon \u00e7ukurlar\u0131na, bilgisini k\u0131skan\u00e7l\u0131kla koruyan \u015fehirden d\u00fcnyad\u0131\u015f\u0131 varl\u0131klar\u0131n s\u0131rlar\u0131na uzanan tehlikeli bir yolculu\u011fa \u00e7\u0131kmak zorunda kalacakt\u0131r.\u0130nsan hayat\u0131n\u0131 tehdit eden bir d\u00fcnyay\u0131 ve i\u015flevsizle\u015fmi\u015f toplumlar\u0131 tek bir ki\u015fi ne kadar etkileyebilir? \u015eifa vermek sadece bedeni iyile\u015ftirmek midir?D\u00fc\u015fy\u0131lan\u0131, insanlar\u0131n hasta etti\u011fi bir d\u00fcnyan\u0131n re\u00e7etesi.<\/p>\n","protected":false},"excerpt":{"rendered":"<p>Nebula En \u0130yi Roman \u00d6d\u00fcl\u00fc \/ Hugo En \u0130yi Roman \u00d6d\u00fcl\u00fc \/ Locus En \u0130yi Roman \u00d6d\u00fcl\u00fc\u201cBu kitap bir p\u0131nar gibi \u2013 h\u0131zl\u0131, temiz, berrak, heyecan<span class=\"excerpt-hellip\"> [\u2026]<\/span><\/p>\n","protected":false},"featured_media":0,"template":"","meta":{"_monsterinsights_skip_tracking":false,"_monsterinsights_sitenote_active":false,"_monsterinsights_sitenote_note":"","_monsterinsights_sitenote_category":0},"product_brand":[],"product_cat":[12540,12291],"product_tag":[],"class_list":{"0":"post-744578","1":"product","2":"type-product","3":"status-publish","5":"product_cat-bilim-kurgu","6":"product_cat-edebiyat","7":"pa_cilt-ciltsiz","8":"pa_tur-kitap","9":"pa_yayinevi-ithaki-yayinlari","10":"pa_yazar-vonda-n-mcintyre","12":"first","13":"instock","14":"sale","15":"shipping-taxable","16":"purchasable","17":"product-type-simple"},"_links":{"self":[{"href":"https:\/\/roveyayinevi.com.tr\/index.php\/wp-json\/wp\/v2\/product\/744578","targetHints":{"allow":["GET"]}}],"collection":[{"href":"https:\/\/roveyayinevi.com.tr\/index.php\/wp-json\/wp\/v2\/product"}],"about":[{"href":"https:\/\/roveyayinevi.com.tr\/index.php\/wp-json\/wp\/v2\/types\/product"}],"wp:attachment":[{"href":"https:\/\/roveyayinevi.com.tr\/index.php\/wp-json\/wp\/v2\/media?parent=744578"}],"wp:term":[{"taxonomy":"product_brand","embeddable":true,"href":"https:\/\/roveyayinevi.com.tr\/index.php\/wp-json\/wp\/v2\/product_brand?post=744578"},{"taxonomy":"product_cat","embeddable":true,"href":"https:\/\/roveyayinevi.com.tr\/index.php\/wp-json\/wp\/v2\/product_cat?post=744578"},{"taxonomy":"product_tag","embeddable":true,"href":"https:\/\/roveyayinevi.com.tr\/index.php\/wp-json\/wp\/v2\/product_tag?post=744578"}],"curies":[{"name":"wp","href":"https:\/\/api.w.org\/{rel}","templated":true}]}}