{"id":744577,"date":"2025-08-28T01:59:53","date_gmt":"2025-08-27T22:59:53","guid":{"rendered":"https:\/\/roveyayinevi.com.tr\/index.php\/urun\/imbatla-dol-kalbim\/"},"modified":"2026-04-16T02:56:34","modified_gmt":"2026-04-15T23:56:34","slug":"imbatla-dol-kalbim","status":"publish","type":"product","link":"https:\/\/roveyayinevi.com.tr\/index.php\/urun\/imbatla-dol-kalbim\/","title":{"rendered":"\u0130mbatla Dol, Kalbim"},"content":{"rendered":"<p>\u201cTam o s\u0131rayd\u0131, s\u0131rt\u0131m\u0131zda ince bir serinlik duyduk. Ensemizden \u015fakaklar\u0131m\u0131zdan dolan\u0131p boynumuza da inen ter kurumaya ba\u015flad\u0131. Sa\u00e7lar\u0131m\u0131z dalgaland\u0131, ka\u015flar\u0131m\u0131z gerildi. Durmu\u015f sand\u0131\u011f\u0131m\u0131z y\u00fcre\u011fimizin g\u00fcr\u00fclt\u00fcs\u00fc kulaklar\u0131m\u0131za vurdu. Sustuk.\u2018Ya\u015fas\u0131n imbat!\u2019 dedi, ba\u011f\u0131rd\u0131 atletli adam. \u2018Hey, \u00e7ocuklar, imbat \u00e7\u0131kt\u0131!\u2019\u0130lk kez pencereye gelip duran o gen\u00e7 kad\u0131n, Kerim\u2019in kuca\u011f\u0131na do\u011fru mosmor bir sardunya savurdu. Kerim havadayken yakalad\u0131 sardunyay\u0131, ac\u0131 kokusu imbatla \u00e7evremizi sard\u0131. \u0130\u00e7imize \u00e7ektik. Sahiden imbatl\u0131 sardunyayd\u0131.\u201dTar\u0131k Dursun K. k\u00fclliyat\u0131ndan yay\u0131mlad\u0131\u011f\u0131m\u0131z ilk \u00f6yk\u00fc toplam\u0131 \u0130mbatla Dol, Kalbim.Bu \u00f6yk\u00fcler, bir yandan yazar\u0131n ilkgen\u00e7lik g\u00fcnlerine ait an\u0131lar\u0131n\u0131, a\u015fklar\u0131n\u0131, dostluklar\u0131n\u0131 anlatarak okuru \u0130zmir semtlerinde dola\u015ft\u0131r\u0131rken bir yandan da mahalle insan\u0131n\u0131n k\u00fc\u00e7\u00fck d\u00fcnyas\u0131ndaki o \u201cbir zamanlar\u0131n ya\u015fam\u0131n\u0131\u201d g\u00f6zler \u00f6n\u00fcne seriyor. Yazar\u0131n s\u00f6yledi\u011fi gibi: \u201cBir zamanlar bir \u0130zmir vard\u0131.\u201dDuru anlat\u0131m\u0131yla \u00f6ne \u00e7\u0131kan \u00f6yk\u00fclerin yer ald\u0131\u011f\u0131 \u0130mbatla Dol, Kalbim\u2019in bir niteli\u011fi de kitab\u0131n ikinci \u00f6yk\u00fcs\u00fc olan \u201cS\u0131n\u0131rda\u201dn\u0131n, asgari farkl\u0131l\u0131klarla Kur\u015fun Ata Ata Biter roman\u0131n\u0131n birinci k\u0131sm\u0131n\u0131 olu\u015fturmas\u0131. Roman\u0131n bu \u00f6yk\u00fcye dayand\u0131\u011f\u0131 ve onun b\u00fcy\u00fcmesiyle \u015fekillenmeye ba\u015flad\u0131\u011f\u0131 d\u00fc\u015f\u00fcn\u00fclebilir. May\u0131nlar\u0131n \u00e7evreledi\u011fi bir umut \u00f6yk\u00fcs\u00fc \u201cS\u0131n\u0131rda\u201d.<\/p>\n","protected":false},"excerpt":{"rendered":"<p>\u201cTam o s\u0131rayd\u0131, s\u0131rt\u0131m\u0131zda ince bir serinlik duyduk. Ensemizden \u015fakaklar\u0131m\u0131zdan dolan\u0131p boynumuza da inen ter kurumaya ba\u015flad\u0131. Sa\u00e7lar\u0131m\u0131z dalgaland\u0131, ka\u015flar\u0131m\u0131z gerildi. Durmu\u015f sand\u0131\u011f\u0131m\u0131z y\u00fcre\u011fimizin g\u00fcr\u00fclt\u00fcs\u00fc kulaklar\u0131m\u0131za<span class=\"excerpt-hellip\"> [\u2026]<\/span><\/p>\n","protected":false},"featured_media":0,"template":"","meta":{"_monsterinsights_skip_tracking":false,"_monsterinsights_sitenote_active":false,"_monsterinsights_sitenote_note":"","_monsterinsights_sitenote_category":0},"product_brand":[],"product_cat":[12291,12711],"product_tag":[],"class_list":{"0":"post-744577","1":"product","2":"type-product","3":"status-publish","5":"product_cat-edebiyat","6":"product_cat-roman-oyku","7":"pa_cilt-ciltsiz","8":"pa_tur-kitap","9":"pa_yayinevi-ithaki-yayinlari","10":"pa_yazar-tarik-dursun-k","12":"first","13":"instock","14":"sale","15":"shipping-taxable","16":"purchasable","17":"product-type-simple"},"_links":{"self":[{"href":"https:\/\/roveyayinevi.com.tr\/index.php\/wp-json\/wp\/v2\/product\/744577","targetHints":{"allow":["GET"]}}],"collection":[{"href":"https:\/\/roveyayinevi.com.tr\/index.php\/wp-json\/wp\/v2\/product"}],"about":[{"href":"https:\/\/roveyayinevi.com.tr\/index.php\/wp-json\/wp\/v2\/types\/product"}],"wp:attachment":[{"href":"https:\/\/roveyayinevi.com.tr\/index.php\/wp-json\/wp\/v2\/media?parent=744577"}],"wp:term":[{"taxonomy":"product_brand","embeddable":true,"href":"https:\/\/roveyayinevi.com.tr\/index.php\/wp-json\/wp\/v2\/product_brand?post=744577"},{"taxonomy":"product_cat","embeddable":true,"href":"https:\/\/roveyayinevi.com.tr\/index.php\/wp-json\/wp\/v2\/product_cat?post=744577"},{"taxonomy":"product_tag","embeddable":true,"href":"https:\/\/roveyayinevi.com.tr\/index.php\/wp-json\/wp\/v2\/product_tag?post=744577"}],"curies":[{"name":"wp","href":"https:\/\/api.w.org\/{rel}","templated":true}]}}