{"id":744576,"date":"2025-08-28T01:59:52","date_gmt":"2025-08-27T22:59:52","guid":{"rendered":"https:\/\/roveyayinevi.com.tr\/index.php\/urun\/goblin\/"},"modified":"2026-04-16T02:56:34","modified_gmt":"2026-04-15T23:56:34","slug":"goblin","status":"publish","type":"product","link":"https:\/\/roveyayinevi.com.tr\/index.php\/urun\/goblin\/","title":{"rendered":"Goblin"},"content":{"rendered":"<p>Ya\u011fmurun durmaks\u0131z\u0131n ya\u011fd\u0131\u011f\u0131, gecenin \u00e7\u00f6kmek i\u00e7in sab\u0131rs\u0131zca bekledi\u011fi, sokaklar\u0131nda ise birbirinden e\u015fsiz \u015fahsiyetlerin dola\u015ft\u0131\u011f\u0131 Goblin kasabas\u0131na ho\u015f geldiniz.Goblin kasabas\u0131n\u0131n g\u00f6r\u00fcn\u00fc\u015fte masum sokaklar\u0131nda, kar\u0131s\u0131n\u0131n \u00f6l\u00fcm\u00fc \u00fczerine bah\u00e7esinde devasa bir \u00e7imden labirent in\u015fa eden Wayne\u2019le, hayaletlerden \u00f6l\u00fcm\u00fcne korkan ama bir hayaleti kay\u0131t alt\u0131na almak i\u00e7in elinden geleni ard\u0131na koymayan Kamp\u2019le, altm\u0131\u015f\u0131nc\u0131 do\u011fum g\u00fcn\u00fcnde Goblin\u2019in ormanlar\u0131nda bulundu\u011fu rivayet edilen Koca Bayku\u015flardan birini avlamay\u0131 kafaya koyan Neal Nash\u2019le, k\u0131z arkada\u015f\u0131na duydu\u011fu a\u015fk\u0131 kan\u0131tlamak i\u00e7in \u00e7ok ileri gitmekten \u00e7ekinmeyen Charles\u2019la kar\u015f\u0131la\u015fabilirsiniz. Yine de korkmay\u0131n. Goblin herkese bir \u015feyler vadediyor. Goblin\u2019de bir gece ge\u00e7irmeye ne dersiniz?\u201cJosh Malerman\u2019dan bir ba\u015fyap\u0131t daha.\u201d \u2013Christopher Golden\u201cMalerman tuhaf kurgunun en heyecan verici isimlerinden biri olma yolunda emin ad\u0131mlarla ilerliyor. O, bu t\u00fcr\u00fcn yeni karanl\u0131k prensi.\u201d \u2013Jonathan Maberry\u201cGoblin, insan\u0131 etkisi alt\u0131na alan, deh\u015fet verici bir g\u00f6steri.\u201d \u2013Clive Barker<\/p>\n","protected":false},"excerpt":{"rendered":"<p>Ya\u011fmurun durmaks\u0131z\u0131n ya\u011fd\u0131\u011f\u0131, gecenin \u00e7\u00f6kmek i\u00e7in sab\u0131rs\u0131zca bekledi\u011fi, sokaklar\u0131nda ise birbirinden e\u015fsiz \u015fahsiyetlerin dola\u015ft\u0131\u011f\u0131 Goblin kasabas\u0131na ho\u015f geldiniz.Goblin kasabas\u0131n\u0131n g\u00f6r\u00fcn\u00fc\u015fte masum sokaklar\u0131nda, kar\u0131s\u0131n\u0131n \u00f6l\u00fcm\u00fc \u00fczerine bah\u00e7esinde<span class=\"excerpt-hellip\"> [\u2026]<\/span><\/p>\n","protected":false},"featured_media":0,"template":"","meta":{"_monsterinsights_skip_tracking":false,"_monsterinsights_sitenote_active":false,"_monsterinsights_sitenote_note":"","_monsterinsights_sitenote_category":0},"product_brand":[],"product_cat":[12291,17033],"product_tag":[],"class_list":{"0":"post-744576","1":"product","2":"type-product","3":"status-publish","5":"product_cat-edebiyat","6":"product_cat-korku-gerilim","7":"pa_cilt-ciltsiz","8":"pa_tur-kitap","9":"pa_yayinevi-ithaki-yayinlari","10":"pa_yazar-josh-malerman","12":"first","13":"instock","14":"sale","15":"shipping-taxable","16":"purchasable","17":"product-type-simple"},"_links":{"self":[{"href":"https:\/\/roveyayinevi.com.tr\/index.php\/wp-json\/wp\/v2\/product\/744576","targetHints":{"allow":["GET"]}}],"collection":[{"href":"https:\/\/roveyayinevi.com.tr\/index.php\/wp-json\/wp\/v2\/product"}],"about":[{"href":"https:\/\/roveyayinevi.com.tr\/index.php\/wp-json\/wp\/v2\/types\/product"}],"wp:attachment":[{"href":"https:\/\/roveyayinevi.com.tr\/index.php\/wp-json\/wp\/v2\/media?parent=744576"}],"wp:term":[{"taxonomy":"product_brand","embeddable":true,"href":"https:\/\/roveyayinevi.com.tr\/index.php\/wp-json\/wp\/v2\/product_brand?post=744576"},{"taxonomy":"product_cat","embeddable":true,"href":"https:\/\/roveyayinevi.com.tr\/index.php\/wp-json\/wp\/v2\/product_cat?post=744576"},{"taxonomy":"product_tag","embeddable":true,"href":"https:\/\/roveyayinevi.com.tr\/index.php\/wp-json\/wp\/v2\/product_tag?post=744576"}],"curies":[{"name":"wp","href":"https:\/\/api.w.org\/{rel}","templated":true}]}}