{"id":744575,"date":"2025-08-28T01:59:50","date_gmt":"2025-08-27T22:59:50","guid":{"rendered":"https:\/\/roveyayinevi.com.tr\/index.php\/urun\/troyali-kadinlar\/"},"modified":"2026-01-28T03:27:41","modified_gmt":"2026-01-28T00:27:41","slug":"troyali-kadinlar","status":"publish","type":"product","link":"https:\/\/roveyayinevi.com.tr\/index.php\/urun\/troyali-kadinlar\/","title":{"rendered":"Troyal\u0131 Kad\u0131nlar"},"content":{"rendered":"<p>Y\u00fcce Akhilleus, zeki Akhilleus, \u0131\u015f\u0131l \u0131\u015f\u0131l Akhilleus, tanr\u0131ya benzeyen Akhilleus&#8230; Hayatlar\u0131m\u0131z\u0131 o muazzam g\u00f6lgenin alt\u0131nda ya\u015f\u0131yorduk. Hakikat ne mi? Akhilleus\u2019un hik\u00e2yesi asla bitmiyor. Erkekler nerede sava\u015f\u0131yor ve \u00f6l\u00fcyorsa Akhilleus\u2019u orada bulabilirsiniz.\u015eehirlerin Muhaf\u0131z\u0131, bilge tanr\u0131\u00e7a Athena bu \u015fehri pek umursam\u0131yordu anla\u015f\u0131lan. Surlar a\u015f\u0131ld\u0131, \u015fehir d\u00fc\u015ft\u00fc, sava\u015f\u0131n onca zulm\u00fcne yenileri eklendi, \u00f6lenlerin yerini yenileri ald\u0131 ve sava\u015f sona erdi. Ancak galipler t\u0131k\u0131l\u0131p kald\u0131klar\u0131 sahilde mutsuzlard\u0131. Tanr\u0131lar bu galibiyetten raz\u0131 de\u011fildi belli ki. Yunan ordusu zafer sarho\u015flu\u011fu i\u00e7inde bu defa ganimeti payla\u015fma derdine d\u00fc\u015fm\u00fc\u015ft\u00fc: \u015fan, alt\u0131n, silahlar ve z\u0131rhlar, bir de biz, k\u00f6leler.Akhilleus\u2019un ard\u0131ndan evlendirilip e\u015f stat\u00fcs\u00fcne y\u00fckselse de \u00f6zg\u00fcrl\u00fc\u011f\u00fcne kavu\u015famayan Briseis ge\u00e7mi\u015fi an\u0131msamaya ve anlatmaya devam ediyor. Ne yapt\u0131ysa hayatta kalmak ad\u0131na yapt\u0131 ama vicdan\u0131 yakas\u0131n\u0131 b\u0131rakm\u0131yor bir t\u00fcrl\u00fc.Sava\u015f bitmi\u015f olsa da Troya harabelerinin g\u00f6lgesinde k\u0131zlar h\u00e2l\u00e2 k\u00f6le, h\u00e2l\u00e2 suskunlar. \u00c7arp\u0131\u015fan k\u0131l\u0131\u00e7lar\u0131n, z\u0131rhlar\u0131n g\u00fcr\u00fclt\u00fcs\u00fc aras\u0131nda bo\u011fulup yok olmaya y\u00fcz tutmu\u015f sesleri Pat Barker\u2019\u0131n kaleminden yank\u0131lan\u0131yor.\u201cKad\u0131n d\u00fc\u015fman\u0131 bir distopyan\u0131n ortas\u0131nda geli\u015fen co\u015fkulu bir macera.\u201d \u2013The Observer<\/p>\n","protected":false},"excerpt":{"rendered":"<p>Y\u00fcce Akhilleus, zeki Akhilleus, \u0131\u015f\u0131l \u0131\u015f\u0131l Akhilleus, tanr\u0131ya benzeyen Akhilleus&#8230; Hayatlar\u0131m\u0131z\u0131 o muazzam g\u00f6lgenin alt\u0131nda ya\u015f\u0131yorduk. Hakikat ne mi? Akhilleus\u2019un hik\u00e2yesi asla bitmiyor. Erkekler nerede sava\u015f\u0131yor<span class=\"excerpt-hellip\"> [\u2026]<\/span><\/p>\n","protected":false},"featured_media":0,"template":"","meta":{"_monsterinsights_skip_tracking":false,"_monsterinsights_sitenote_active":false,"_monsterinsights_sitenote_note":"","_monsterinsights_sitenote_category":0},"product_brand":[],"product_cat":[12291,14777],"product_tag":[],"class_list":{"0":"post-744575","1":"product","2":"type-product","3":"status-publish","5":"product_cat-edebiyat","6":"product_cat-fantastik","7":"pa_cilt-ciltsiz","8":"pa_tur-kitap","9":"pa_yayinevi-ithaki-yayinlari","10":"pa_yazar-pat-barker","12":"first","13":"instock","14":"sale","15":"shipping-taxable","16":"purchasable","17":"product-type-simple"},"_links":{"self":[{"href":"https:\/\/roveyayinevi.com.tr\/index.php\/wp-json\/wp\/v2\/product\/744575","targetHints":{"allow":["GET"]}}],"collection":[{"href":"https:\/\/roveyayinevi.com.tr\/index.php\/wp-json\/wp\/v2\/product"}],"about":[{"href":"https:\/\/roveyayinevi.com.tr\/index.php\/wp-json\/wp\/v2\/types\/product"}],"wp:attachment":[{"href":"https:\/\/roveyayinevi.com.tr\/index.php\/wp-json\/wp\/v2\/media?parent=744575"}],"wp:term":[{"taxonomy":"product_brand","embeddable":true,"href":"https:\/\/roveyayinevi.com.tr\/index.php\/wp-json\/wp\/v2\/product_brand?post=744575"},{"taxonomy":"product_cat","embeddable":true,"href":"https:\/\/roveyayinevi.com.tr\/index.php\/wp-json\/wp\/v2\/product_cat?post=744575"},{"taxonomy":"product_tag","embeddable":true,"href":"https:\/\/roveyayinevi.com.tr\/index.php\/wp-json\/wp\/v2\/product_tag?post=744575"}],"curies":[{"name":"wp","href":"https:\/\/api.w.org\/{rel}","templated":true}]}}