{"id":744574,"date":"2025-08-28T01:59:49","date_gmt":"2025-08-27T22:59:49","guid":{"rendered":"https:\/\/roveyayinevi.com.tr\/index.php\/urun\/rosario-vampire-sezon-2-cilt-7-tilsimli-kolye-ve-vampir-sezon-2-cilt-7\/"},"modified":"2026-04-16T02:56:34","modified_gmt":"2026-04-15T23:56:34","slug":"rosario-vampire-sezon-2-cilt-7-tilsimli-kolye-ve-vampir-sezon-2-cilt-7","status":"publish","type":"product","link":"https:\/\/roveyayinevi.com.tr\/index.php\/urun\/rosario-vampire-sezon-2-cilt-7-tilsimli-kolye-ve-vampir-sezon-2-cilt-7\/","title":{"rendered":"Rosario &amp; Vampire Sezon 2 Cilt 7- T\u0131ls\u0131ml\u0131 Kolye ve Vampir Sezon 2 Cilt 7"},"content":{"rendered":"<p>T\u0131ls\u0131ml\u0131 kolyenin m\u00fchr\u00fc k\u0131r\u0131lmak \u00fczere. E\u011fer tamir edilmezse kolyenin i\u00e7inde s\u0131k\u0131\u015f\u0131p kalan insan Moka\u2019ya ne olacak? Herkes bir \u00e7\u00f6z\u00fcm bulmaya \u00e7al\u0131\u015f\u0131rken, Fanfan Won bir teklifte bulunuyor, Tsukune ve Moka karars\u0131z ama ba\u015fka \u00e7areleri de yok gibi g\u00f6r\u00fcn\u00fcyor. Ne var ki kolyeyi tamir ettirmek i\u00e7in \u00e7\u0131kacaklar\u0131 bu yolculukta onlar\u0131 bekleyen yeni zorlu d\u00fc\u015fmanlar var. Di\u011fer taraftan Moka\u2019n\u0131n ge\u00e7mi\u015fiyle ilgili gizemler yava\u015f yava\u015f su y\u00fcz\u00fcne \u00e7\u0131kmaya ba\u015fl\u0131yor\u2026.<\/p>\n","protected":false},"excerpt":{"rendered":"<p>T\u0131ls\u0131ml\u0131 kolyenin m\u00fchr\u00fc k\u0131r\u0131lmak \u00fczere. E\u011fer tamir edilmezse kolyenin i\u00e7inde s\u0131k\u0131\u015f\u0131p kalan insan Moka\u2019ya ne olacak? Herkes bir \u00e7\u00f6z\u00fcm bulmaya \u00e7al\u0131\u015f\u0131rken, Fanfan Won bir teklifte bulunuyor,<span class=\"excerpt-hellip\"> [\u2026]<\/span><\/p>\n","protected":false},"featured_media":0,"template":"","meta":{"_monsterinsights_skip_tracking":false,"_monsterinsights_sitenote_active":false,"_monsterinsights_sitenote_note":"","_monsterinsights_sitenote_category":0},"product_brand":[],"product_cat":[12416,12291],"product_tag":[],"class_list":{"0":"post-744574","1":"product","2":"type-product","3":"status-publish","5":"product_cat-cizgi-roman","6":"product_cat-edebiyat","7":"pa_cilt-ciltsiz","8":"pa_tur-kitap","9":"pa_yayinevi-akil-celen-kitaplar","10":"pa_yazar-akihisa-ikeda","12":"first","13":"instock","14":"sale","15":"shipping-taxable","16":"purchasable","17":"product-type-simple"},"_links":{"self":[{"href":"https:\/\/roveyayinevi.com.tr\/index.php\/wp-json\/wp\/v2\/product\/744574","targetHints":{"allow":["GET"]}}],"collection":[{"href":"https:\/\/roveyayinevi.com.tr\/index.php\/wp-json\/wp\/v2\/product"}],"about":[{"href":"https:\/\/roveyayinevi.com.tr\/index.php\/wp-json\/wp\/v2\/types\/product"}],"wp:attachment":[{"href":"https:\/\/roveyayinevi.com.tr\/index.php\/wp-json\/wp\/v2\/media?parent=744574"}],"wp:term":[{"taxonomy":"product_brand","embeddable":true,"href":"https:\/\/roveyayinevi.com.tr\/index.php\/wp-json\/wp\/v2\/product_brand?post=744574"},{"taxonomy":"product_cat","embeddable":true,"href":"https:\/\/roveyayinevi.com.tr\/index.php\/wp-json\/wp\/v2\/product_cat?post=744574"},{"taxonomy":"product_tag","embeddable":true,"href":"https:\/\/roveyayinevi.com.tr\/index.php\/wp-json\/wp\/v2\/product_tag?post=744574"}],"curies":[{"name":"wp","href":"https:\/\/api.w.org\/{rel}","templated":true}]}}