{"id":744573,"date":"2025-08-28T01:59:47","date_gmt":"2025-08-27T22:59:47","guid":{"rendered":"https:\/\/roveyayinevi.com.tr\/index.php\/urun\/goblin-slayer-goblin-avcisi-2\/"},"modified":"2026-04-16T02:56:34","modified_gmt":"2026-04-15T23:56:34","slug":"goblin-slayer-goblin-avcisi-2","status":"publish","type":"product","link":"https:\/\/roveyayinevi.com.tr\/index.php\/urun\/goblin-slayer-goblin-avcisi-2\/","title":{"rendered":"Goblin Slayer \u2013 Goblin Avc\u0131s\u0131 2"},"content":{"rendered":"<p>Bir y\u00fcce elf, bir c\u00fcce ve bir kertenkele adam, Goblin Avc\u0131s\u0131\u2019n\u0131 bulmak amac\u0131yla bir arada&#8230;! Karanl\u0131k tanr\u0131lar\u0131n uyan\u0131\u015f\u0131, ufukta yakla\u015fan bir \u015feytan ordusuyla birlikte \u00fclkeye b\u00fcy\u00fck bir kaos getirdi! Ancak Goblin Avc\u0131s\u0131\u2019n\u0131n yaln\u0131zca tek bir amac\u0131 var: goblinleri \u00f6ld\u00fcrmek. Yeni \u00fc\u00e7l\u00fc, bildikleri d\u00fcnyan\u0131n sonu gelmeden \u00f6nce Goblin Avc\u0131s\u0131\u2019n\u0131n g\u00fcvenini kazan\u0131p onu yanlar\u0131na alabilecekler mi?   Goblin Slayer, her cildini nefesinizi tutarak okuyaca\u011f\u0131n\u0131z aksiyon dolu bir macera. <\/p>\n","protected":false},"excerpt":{"rendered":"<p>Bir y\u00fcce elf, bir c\u00fcce ve bir kertenkele adam, Goblin Avc\u0131s\u0131\u2019n\u0131 bulmak amac\u0131yla bir arada&#8230;! Karanl\u0131k tanr\u0131lar\u0131n uyan\u0131\u015f\u0131, ufukta yakla\u015fan bir \u015feytan ordusuyla birlikte \u00fclkeye b\u00fcy\u00fck<span class=\"excerpt-hellip\"> [\u2026]<\/span><\/p>\n","protected":false},"featured_media":0,"template":"","meta":{"_monsterinsights_skip_tracking":false,"_monsterinsights_sitenote_active":false,"_monsterinsights_sitenote_note":"","_monsterinsights_sitenote_category":0},"product_brand":[],"product_cat":[12416,12291],"product_tag":[],"class_list":{"0":"post-744573","1":"product","2":"type-product","3":"status-publish","5":"product_cat-cizgi-roman","6":"product_cat-edebiyat","7":"pa_cilt-ciltsiz","8":"pa_tur-kitap","9":"pa_yayinevi-kurukafa","10":"pa_yazar-kumo-kagyu","12":"first","13":"instock","14":"sale","15":"shipping-taxable","16":"purchasable","17":"product-type-simple"},"_links":{"self":[{"href":"https:\/\/roveyayinevi.com.tr\/index.php\/wp-json\/wp\/v2\/product\/744573","targetHints":{"allow":["GET"]}}],"collection":[{"href":"https:\/\/roveyayinevi.com.tr\/index.php\/wp-json\/wp\/v2\/product"}],"about":[{"href":"https:\/\/roveyayinevi.com.tr\/index.php\/wp-json\/wp\/v2\/types\/product"}],"wp:attachment":[{"href":"https:\/\/roveyayinevi.com.tr\/index.php\/wp-json\/wp\/v2\/media?parent=744573"}],"wp:term":[{"taxonomy":"product_brand","embeddable":true,"href":"https:\/\/roveyayinevi.com.tr\/index.php\/wp-json\/wp\/v2\/product_brand?post=744573"},{"taxonomy":"product_cat","embeddable":true,"href":"https:\/\/roveyayinevi.com.tr\/index.php\/wp-json\/wp\/v2\/product_cat?post=744573"},{"taxonomy":"product_tag","embeddable":true,"href":"https:\/\/roveyayinevi.com.tr\/index.php\/wp-json\/wp\/v2\/product_tag?post=744573"}],"curies":[{"name":"wp","href":"https:\/\/api.w.org\/{rel}","templated":true}]}}