{"id":744572,"date":"2025-08-28T01:59:46","date_gmt":"2025-08-27T22:59:46","guid":{"rendered":"https:\/\/roveyayinevi.com.tr\/index.php\/urun\/solucan-1-umut\/"},"modified":"2026-04-16T02:56:34","modified_gmt":"2026-04-15T23:56:34","slug":"solucan-1-umut","status":"publish","type":"product","link":"https:\/\/roveyayinevi.com.tr\/index.php\/urun\/solucan-1-umut\/","title":{"rendered":"Solucan 1 : Umut"},"content":{"rendered":"<p>Ebeveyinleri taraf\u0131ndan ilgisiz ve sevgisiz b\u00fcy\u00fct\u00fclen \u00e7ocuklar, belli bir ya\u015fa geldiklerinde yoksun b\u0131rak\u0131ld\u0131klar\u0131 bu duygular\u0131 hi\u00e7 olmad\u0131k insanlarda arar. O \u00e7ocuklardan biri olan Nehir\u2019in, on yedi ya\u015f\u0131ndayken ac\u0131lar\u0131n\u0131 unutmak i\u00e7in bir plan\u0131 vard\u0131 : \u00c2\u015f\u0131k olmak !   Nehir, a\u015f\u0131k olaca\u011f\u0131 ki\u015finin \u00f6zelliklerini i\u00e7eren be\u015f maddelik  bir liste haz\u0131rlarken onu bulaca\u011f\u0131ndan ve ona olan a\u015fk\u0131 sayesinde ac\u0131lar\u0131n\u0131 unutaca\u011f\u0131ndan emindi.   K\u0131van\u00e7\u2019\u0131, yani arad\u0131\u011f\u0131 ki\u015fiyi, bir \u00e7ocuk park\u0131nda buldu\u011funda art\u0131k hi\u00e7bir \u015feyin eskisi gibi olmayaca\u011f\u0131 akl\u0131ndan bile ge\u00e7memi\u015fti. Ve her \u015fey, Nehir\u2019in, b\u00fcy\u00fck bir umutla K\u0131van\u00e7\u2019a sordu\u011fu o soruyla ba\u015flad\u0131 :   &#8221; Sana \u00e2\u015f\u0131k olmama izin verir misin? &#8220;<\/p>\n","protected":false},"excerpt":{"rendered":"<p>Ebeveyinleri taraf\u0131ndan ilgisiz ve sevgisiz b\u00fcy\u00fct\u00fclen \u00e7ocuklar, belli bir ya\u015fa geldiklerinde yoksun b\u0131rak\u0131ld\u0131klar\u0131 bu duygular\u0131 hi\u00e7 olmad\u0131k insanlarda arar. O \u00e7ocuklardan biri olan Nehir\u2019in, on yedi<span class=\"excerpt-hellip\"> [\u2026]<\/span><\/p>\n","protected":false},"featured_media":0,"template":"","meta":{"_monsterinsights_skip_tracking":false,"_monsterinsights_sitenote_active":false,"_monsterinsights_sitenote_note":"","_monsterinsights_sitenote_category":0},"product_brand":[],"product_cat":[12291,50487],"product_tag":[],"class_list":{"0":"post-744572","1":"product","2":"type-product","3":"status-publish","5":"product_cat-edebiyat","6":"product_cat-kurgu","7":"pa_cilt-ciltsiz","8":"pa_tur-kitap","9":"pa_yayinevi-marti-yayinlari","10":"pa_yazar-zeynep-sey","12":"first","13":"instock","14":"sale","15":"shipping-taxable","16":"purchasable","17":"product-type-simple"},"_links":{"self":[{"href":"https:\/\/roveyayinevi.com.tr\/index.php\/wp-json\/wp\/v2\/product\/744572","targetHints":{"allow":["GET"]}}],"collection":[{"href":"https:\/\/roveyayinevi.com.tr\/index.php\/wp-json\/wp\/v2\/product"}],"about":[{"href":"https:\/\/roveyayinevi.com.tr\/index.php\/wp-json\/wp\/v2\/types\/product"}],"wp:attachment":[{"href":"https:\/\/roveyayinevi.com.tr\/index.php\/wp-json\/wp\/v2\/media?parent=744572"}],"wp:term":[{"taxonomy":"product_brand","embeddable":true,"href":"https:\/\/roveyayinevi.com.tr\/index.php\/wp-json\/wp\/v2\/product_brand?post=744572"},{"taxonomy":"product_cat","embeddable":true,"href":"https:\/\/roveyayinevi.com.tr\/index.php\/wp-json\/wp\/v2\/product_cat?post=744572"},{"taxonomy":"product_tag","embeddable":true,"href":"https:\/\/roveyayinevi.com.tr\/index.php\/wp-json\/wp\/v2\/product_tag?post=744572"}],"curies":[{"name":"wp","href":"https:\/\/api.w.org\/{rel}","templated":true}]}}