{"id":744571,"date":"2025-08-28T01:59:45","date_gmt":"2025-08-27T22:59:45","guid":{"rendered":"https:\/\/roveyayinevi.com.tr\/index.php\/urun\/yarginin-kokleri\/"},"modified":"2026-01-22T03:20:03","modified_gmt":"2026-01-22T00:20:03","slug":"yarginin-kokleri","status":"publish","type":"product","link":"https:\/\/roveyayinevi.com.tr\/index.php\/urun\/yarginin-kokleri\/","title":{"rendered":"Yarg\u0131n\u0131n K\u00f6kleri"},"content":{"rendered":"<p>\u0130nsanlar\u0131n toplumlar h\u00e2linde ya\u015famalar\u0131n\u0131, kurumlar olu\u015fturmalar\u0131n\u0131, kurallara riayet etmelerini ve kurulan bu d\u00fczenin idamesi i\u00e7in kulland\u0131klar\u0131 y\u00f6ntemleri anlayabilmek i\u00e7in devletli toplumlar\u0131n \u00f6ncesine gidilmelidir. Yaz\u0131n\u0131n icat edilmesi gibi devletin ortaya \u00e7\u0131k\u0131\u015f\u0131 da insanl\u0131k tarihi \u00f6l\u00e7e\u011finde hayli ge\u00e7 bir zaman diliminde ger\u00e7ekle\u015fmi\u015ftir. \u015e\u00fcphesiz bu iki geli\u015fme ile insanl\u0131k, daha \u00f6ncesinde oldu\u011fundan \u00e7ok daha farkl\u0131 bir noktaya, \u00e7ok daha h\u0131zl\u0131 bir \u015fekilde gelmi\u015ftir. Ancak yine de devlet \u00f6rg\u00fct\u00fcn\u00fcn g\u00fcn\u00fcm\u00fczde eri\u015fti\u011fi g\u00fcce, yetene\u011fe ve karma\u015f\u0131kl\u0131\u011fa ra\u011fmen insanl\u0131\u011f\u0131n bunu a\u015famayaca\u011f\u0131 ve devletli toplum ile onun hukukunun ilelebet var olmaya devam edece\u011fi s\u00f6ylenemez. Hukukili\u011fin, toplumsall\u0131\u011f\u0131n ayr\u0131lmaz bir niteli\u011fi oldu\u011fu g\u00f6r\u00fc\u015f\u00fcn\u00fcn sonucu olarak, \u2018kamu hukuku\u2019 \u00e7al\u0131\u015fmalar\u0131 devlet \u00f6ncesi ba\u015flang\u0131\u00e7 toplumlar\u0131n\u0131 da i\u00e7ermelidir. Hatta b\u00f6yle bir yakla\u015f\u0131m\u0131n devlet sonras\u0131 muhtemel toplum bi\u00e7imlerini de kapsayabilecek geni\u015flikte olmas\u0131 gerekir. Yarg\u0131n\u0131n K\u00f6kleri, modernli\u011fin sundu\u011fu hukuk anlay\u0131\u015f\u0131m\u0131z\u0131 de\u011fi\u015ftirmeye aday b\u00f6yle bir antropolojik yakla\u015f\u0131ma \u00f6nemli bir katk\u0131 sunuyor. <\/p>\n","protected":false},"excerpt":{"rendered":"<p>\u0130nsanlar\u0131n toplumlar h\u00e2linde ya\u015famalar\u0131n\u0131, kurumlar olu\u015fturmalar\u0131n\u0131, kurallara riayet etmelerini ve kurulan bu d\u00fczenin idamesi i\u00e7in kulland\u0131klar\u0131 y\u00f6ntemleri anlayabilmek i\u00e7in devletli toplumlar\u0131n \u00f6ncesine gidilmelidir. Yaz\u0131n\u0131n icat edilmesi<span class=\"excerpt-hellip\"> [\u2026]<\/span><\/p>\n","protected":false},"featured_media":0,"template":"","meta":{"_monsterinsights_skip_tracking":false,"_monsterinsights_sitenote_active":false,"_monsterinsights_sitenote_note":"","_monsterinsights_sitenote_category":0},"product_brand":[],"product_cat":[15350,17583],"product_tag":[],"class_list":{"0":"post-744571","1":"product","2":"type-product","3":"status-publish","5":"product_cat-hukuk","6":"product_cat-kanun-ve-uygulama-kitaplari","7":"pa_cilt-ciltsiz","8":"pa_tur-kitap","9":"pa_yayinevi-zoe-kitap","10":"pa_yazar-sedat-ercin","12":"first","13":"instock","14":"sale","15":"shipping-taxable","16":"purchasable","17":"product-type-simple"},"_links":{"self":[{"href":"https:\/\/roveyayinevi.com.tr\/index.php\/wp-json\/wp\/v2\/product\/744571","targetHints":{"allow":["GET"]}}],"collection":[{"href":"https:\/\/roveyayinevi.com.tr\/index.php\/wp-json\/wp\/v2\/product"}],"about":[{"href":"https:\/\/roveyayinevi.com.tr\/index.php\/wp-json\/wp\/v2\/types\/product"}],"wp:attachment":[{"href":"https:\/\/roveyayinevi.com.tr\/index.php\/wp-json\/wp\/v2\/media?parent=744571"}],"wp:term":[{"taxonomy":"product_brand","embeddable":true,"href":"https:\/\/roveyayinevi.com.tr\/index.php\/wp-json\/wp\/v2\/product_brand?post=744571"},{"taxonomy":"product_cat","embeddable":true,"href":"https:\/\/roveyayinevi.com.tr\/index.php\/wp-json\/wp\/v2\/product_cat?post=744571"},{"taxonomy":"product_tag","embeddable":true,"href":"https:\/\/roveyayinevi.com.tr\/index.php\/wp-json\/wp\/v2\/product_tag?post=744571"}],"curies":[{"name":"wp","href":"https:\/\/api.w.org\/{rel}","templated":true}]}}