{"id":744570,"date":"2025-08-28T01:59:44","date_gmt":"2025-08-27T22:59:44","guid":{"rendered":"https:\/\/roveyayinevi.com.tr\/index.php\/urun\/cop\/"},"modified":"2026-04-03T03:00:07","modified_gmt":"2026-04-03T00:00:07","slug":"cop","status":"publish","type":"product","link":"https:\/\/roveyayinevi.com.tr\/index.php\/urun\/cop\/","title":{"rendered":"\u00c7\u00f6p"},"content":{"rendered":"<p>I\u015f\u0131kl\u0131 kentlerin d\u00f6nu\u0308p bak\u0131lmayan, bak\u0131lsa g\u00f6ru\u0308lmeyen, g\u00f6ru\u0308lse de unutulmas\u0131 ye\u011flenen yu\u0308zleri, onca gu\u0308ru\u0308ltu\u0308de duyulmayan kaba, hoyrat sesleri, fazla kurcalanmayan hik\u00e2yeleri vard\u0131r.   \u201c\u0130nsanlar de\u011fi\u015fiyor, sesler de\u011fi\u015fmiyordu. Sesler her yerde ayn\u0131yd\u0131; yoksullu\u011fun, yorgunlu\u011fun, hi\u00e7 dinlenmemi\u015fli\u011fin sesleri\u2026 Bu\u0308tu\u0308nden par\u00e7aya yay\u0131lan, par\u00e7adan bu\u0308tu\u0308ne evrilip koca bir \u00e7\u0131\u011fa d\u00f6nu\u0308\u015fen a\u00e7l\u0131\u011f\u0131n sesleri\u2026\u201d   G\u00f6nu\u0308l \u00c7atalcal\u0131 kentin \u00e7\u00f6plu\u0308klerinde dola\u015f\u0131yor bu kez, didikliyor kimsenin g\u00f6rmek istemedi\u011fi kirli po\u015fetleri. Konu\u015fan, anlatan hatta bang\u0131r bang\u0131r \u201cben buraday\u0131m&#8221; diye ba\u011f\u0131ran bir \u00e7\u00f6p da\u011f\u0131n\u0131n efsanesini yaz\u0131yor. Her roman\u0131nda ate\u015fe biraz daha yakla\u015fan \u00c7atalcal\u0131, bu kitab\u0131nda ate\u015fi elinde tutuyor.  <\/p>\n","protected":false},"excerpt":{"rendered":"<p>I\u015f\u0131kl\u0131 kentlerin d\u00f6nu\u0308p bak\u0131lmayan, bak\u0131lsa g\u00f6ru\u0308lmeyen, g\u00f6ru\u0308lse de unutulmas\u0131 ye\u011flenen yu\u0308zleri, onca gu\u0308ru\u0308ltu\u0308de duyulmayan kaba, hoyrat sesleri, fazla kurcalanmayan hik\u00e2yeleri vard\u0131r. \u201c\u0130nsanlar de\u011fi\u015fiyor, sesler de\u011fi\u015fmiyordu. Sesler<span class=\"excerpt-hellip\"> [\u2026]<\/span><\/p>\n","protected":false},"featured_media":0,"template":"","meta":{"_monsterinsights_skip_tracking":false,"_monsterinsights_sitenote_active":false,"_monsterinsights_sitenote_note":"","_monsterinsights_sitenote_category":0},"product_brand":[],"product_cat":[12291,12711],"product_tag":[],"class_list":{"0":"post-744570","1":"product","2":"type-product","3":"status-publish","5":"product_cat-edebiyat","6":"product_cat-roman-oyku","7":"pa_cilt-ciltsiz","8":"pa_tur-kitap","9":"pa_yayinevi-tekin-yayinevi","10":"pa_yazar-gonul-catalcali","12":"first","13":"instock","14":"sale","15":"shipping-taxable","16":"purchasable","17":"product-type-simple"},"_links":{"self":[{"href":"https:\/\/roveyayinevi.com.tr\/index.php\/wp-json\/wp\/v2\/product\/744570","targetHints":{"allow":["GET"]}}],"collection":[{"href":"https:\/\/roveyayinevi.com.tr\/index.php\/wp-json\/wp\/v2\/product"}],"about":[{"href":"https:\/\/roveyayinevi.com.tr\/index.php\/wp-json\/wp\/v2\/types\/product"}],"wp:attachment":[{"href":"https:\/\/roveyayinevi.com.tr\/index.php\/wp-json\/wp\/v2\/media?parent=744570"}],"wp:term":[{"taxonomy":"product_brand","embeddable":true,"href":"https:\/\/roveyayinevi.com.tr\/index.php\/wp-json\/wp\/v2\/product_brand?post=744570"},{"taxonomy":"product_cat","embeddable":true,"href":"https:\/\/roveyayinevi.com.tr\/index.php\/wp-json\/wp\/v2\/product_cat?post=744570"},{"taxonomy":"product_tag","embeddable":true,"href":"https:\/\/roveyayinevi.com.tr\/index.php\/wp-json\/wp\/v2\/product_tag?post=744570"}],"curies":[{"name":"wp","href":"https:\/\/api.w.org\/{rel}","templated":true}]}}