{"id":744568,"date":"2025-08-28T01:59:42","date_gmt":"2025-08-27T22:59:42","guid":{"rendered":"https:\/\/roveyayinevi.com.tr\/index.php\/urun\/bize-hayreddinli-derler-barbaros-hayreddin-pasanin-gazalari\/"},"modified":"2026-04-16T02:56:34","modified_gmt":"2026-04-15T23:56:34","slug":"bize-hayreddinli-derler-barbaros-hayreddin-pasanin-gazalari","status":"publish","type":"product","link":"https:\/\/roveyayinevi.com.tr\/index.php\/urun\/bize-hayreddinli-derler-barbaros-hayreddin-pasanin-gazalari\/","title":{"rendered":"Bize Hayredd\u00eenli Derler -Barbaros Hayredd\u00een Pa\u015fa\u2019n\u0131n Gaz\u00e2lar\u0131-"},"content":{"rendered":"<p>T\u00fcrk milletinin denizle olan m\u00fcn\u00e2sebeti ve T\u00fcrk\u2019\u00fcn denize akseden y\u00fcz\u00fc, bir kelime ile if\u00e2de edilmeye \u00e7al\u0131\u015f\u0131lsa, sarf edilecek s\u00f6z, elbette \u201cBarbaros\u201ddur. Barbaros Hayredd\u00een Pa\u015fa, T\u00fcrklerin deniz m\u00e2cer\u00e2s\u0131n\u0131n ve dah\u00ee dest\u00e2n\u0131n\u0131n ba\u015f kahram\u00e2n\u0131d\u0131r. Burada kullan\u0131lan  \u201cdest\u00e2n\u201d s\u00f6z\u00fc, asl\u00e2 tes\u00e2d\u00fcf de\u011fildir ve mec\u00e2z\u00ee mecr\u00e2n\u0131n mahs\u00fbl\u00fc bilinmemelidir. Onun \u00f6mr\u00fc, her bak\u0131mdan muhte\u015fem bir dest\u00e2nd\u0131r. Barbaros Hayredd\u00een Pa\u015fa\u2019n\u0131n o imrenilesi hay\u00e2t\u0131nda, Kaan\u00fbn\u00ee Sultan S\u00fcleyman H\u00e2n\u2019\u0131n, \u00e7ok hus\u00fbs\u00ee bir yeri vard\u0131r. Muhte\u015fem bir devrin muhte\u015fem sult\u00e2n\u0131 olan S\u00fcleyman H\u00e2n, kendi devrinin c\u00fcmle h\u00e2diselerini, devlet erk\u00e2n\u0131na yazd\u0131rmak gibi y\u00fcce bir i\u015fe g\u00f6n\u00fcl ba\u011flar. Bu devlet erk\u00e2n\u0131 aras\u0131nda Kapd\u00e2n-\u0131 Dery\u00e2 Barbaros Hayredd\u00een Pa\u015fa da vard\u0131r. Pa\u015fa, D\u00fcny\u00e2\u2019ya geli\u015finden o g\u00fcne kadarki hay\u00e2t\u0131n\u0131, bir an olsun yan\u0131ndan ayr\u0131lmayan Seyyid Mur\u00e2d\u00ee\u2019ye s\u00f6z ile anlat\u0131r. Mur\u00e2d\u00ee de, Barbaros Hayredd\u00een Pa\u015fa\u2019n\u0131n \u00f6nemli bir k\u0131sm\u0131na kendisinin de \u015fahitlik etti\u011fi hayat\u0131n\u0131 yaz\u0131p k\u00e2\u011f\u0131da ge\u00e7irir. Bu \u015fekilde, Gazav\u00e2t-\u0131 Hayr\u00fc\u2019d-d\u00een Pa\u015fa ad\u0131 verilen \u00f6nemli eser ortaya \u00e7\u0131kar. Turgut G\u00fcler, S\u00fcleym\u00e2niye K\u00fct\u00fcph\u00e2nesi\u2019nde kay\u0131tl\u0131 bu yazma eseri d\u00f6nemin \u00fcsl\u00fbbuna uygun bir \u015fekilde yay\u0131ma haz\u0131rlayarak, emsalsiz kahram\u00e2n\u0131m\u0131z Barbaros Hayredd\u00een Pa\u015fa\u2019n\u0131n hay\u00e2t\u0131n\u0131 ve Akdeniz\u2019de giri\u015fti\u011fi gaz\u00e2lar\u0131n\u0131 g\u00fcn\u00fcm\u00fcz okurunun dikkatine sunuyor. <\/p>\n","protected":false},"excerpt":{"rendered":"<p>T\u00fcrk milletinin denizle olan m\u00fcn\u00e2sebeti ve T\u00fcrk\u2019\u00fcn denize akseden y\u00fcz\u00fc, bir kelime ile if\u00e2de edilmeye \u00e7al\u0131\u015f\u0131lsa, sarf edilecek s\u00f6z, elbette \u201cBarbaros\u201ddur. Barbaros Hayredd\u00een Pa\u015fa, T\u00fcrklerin deniz<span class=\"excerpt-hellip\"> [\u2026]<\/span><\/p>\n","protected":false},"featured_media":0,"template":"","meta":{"_monsterinsights_skip_tracking":false,"_monsterinsights_sitenote_active":false,"_monsterinsights_sitenote_note":"","_monsterinsights_sitenote_category":0},"product_brand":[],"product_cat":[13517,12304],"product_tag":[],"class_list":{"0":"post-744568","1":"product","2":"type-product","3":"status-publish","5":"product_cat-osmanli-tarihi","6":"product_cat-tarih","7":"pa_cilt-ciltsiz","8":"pa_tur-kitap","9":"pa_yayinevi-divan-kitap","10":"pa_yazar-turgut-guler","12":"first","13":"instock","14":"sale","15":"shipping-taxable","16":"purchasable","17":"product-type-simple"},"_links":{"self":[{"href":"https:\/\/roveyayinevi.com.tr\/index.php\/wp-json\/wp\/v2\/product\/744568","targetHints":{"allow":["GET"]}}],"collection":[{"href":"https:\/\/roveyayinevi.com.tr\/index.php\/wp-json\/wp\/v2\/product"}],"about":[{"href":"https:\/\/roveyayinevi.com.tr\/index.php\/wp-json\/wp\/v2\/types\/product"}],"wp:attachment":[{"href":"https:\/\/roveyayinevi.com.tr\/index.php\/wp-json\/wp\/v2\/media?parent=744568"}],"wp:term":[{"taxonomy":"product_brand","embeddable":true,"href":"https:\/\/roveyayinevi.com.tr\/index.php\/wp-json\/wp\/v2\/product_brand?post=744568"},{"taxonomy":"product_cat","embeddable":true,"href":"https:\/\/roveyayinevi.com.tr\/index.php\/wp-json\/wp\/v2\/product_cat?post=744568"},{"taxonomy":"product_tag","embeddable":true,"href":"https:\/\/roveyayinevi.com.tr\/index.php\/wp-json\/wp\/v2\/product_tag?post=744568"}],"curies":[{"name":"wp","href":"https:\/\/api.w.org\/{rel}","templated":true}]}}