{"id":744567,"date":"2025-08-28T01:59:41","date_gmt":"2025-08-27T22:59:41","guid":{"rendered":"https:\/\/roveyayinevi.com.tr\/index.php\/urun\/hadis-usulu-ilminin-dogusu-ve-gelisimi\/"},"modified":"2026-04-16T02:56:34","modified_gmt":"2026-04-15T23:56:34","slug":"hadis-usulu-ilminin-dogusu-ve-gelisimi","status":"publish","type":"product","link":"https:\/\/roveyayinevi.com.tr\/index.php\/urun\/hadis-usulu-ilminin-dogusu-ve-gelisimi\/","title":{"rendered":"Hadis Us\u00fbl\u00fc \u0130lminin Do\u011fu\u015fu ve Geli\u015fimi"},"content":{"rendered":"<p>Hadis us\u00fbl\u00fc, Hz. Peygamber&#8217;e isn\u00e2d edilen haberlerin \u00f6ncelikle ona aidiyetini ve asl\u0131na uygun nakledilip edilmedi\u011fini ortaya \u00e7\u0131karmak amac\u0131yla konulan prensipleri belirleyen ve bunlarla ilgili terimleri konu edinen bir ilimdir. S\u00f6z\u00fc edilen temel ilkelerin b\u00fcy\u00fck \u00e7o\u011funlu\u011fu rivayet, tedvin ve tasnif d\u00f6nemlerinde olmak \u00fczere tarih\u00ee s\u00fcre\u00e7te ihtiyaca g\u00f6re belirlenmi\u015f, uygulanm\u0131\u015f ve geli\u015ftirilmi\u015ftir. Abdullah \u00c7elik&#8217;in kaleme ald\u0131\u011f\u0131 Hadis Us\u00fbl\u00fc \u0130lminin Do\u011fu\u015fu ve Geli\u015fimi (Hicr\u00ee \u0130lk \u00dc\u00e7 As\u0131r) ba\u015fl\u0131kl\u0131 \u00e7al\u0131\u015fma, hadislerle ilgili rivayet prensiplerinin ve olu\u015fan kavramlar\u0131n tarih\u00ee geli\u015fimini inceliyor. Sah\u00e2be neslinin hadis nakli ve rivayetinde g\u00f6sterdikleri tetkik ve denetim faaliyetleri, T\u00e2biun d\u00f6neminde hadis us\u00fbl\u00fcne kaynakl\u0131k eden uygulamalar, \u0131st\u0131lahlar ve bu \u0131st\u0131lahlar\u0131n genel \u00f6zellikleri de yine eserde ara\u015ft\u0131r\u0131lan konular aras\u0131nda bulunuyor. Abdullah \u00c7elik, bir ge\u00e7i\u015f d\u00f6nemi olan Tebeu&#8217;t-t\u00e2bi\u00ee&#8217;in zamansal s\u0131n\u0131r\u0131n\u0131 tespit etmeye \u00e7al\u0131\u015f\u0131yor ve bu d\u00f6nemde yaz\u0131lan kaynaklar\u0131n ve hadis us\u00fbl\u00fc konular\u0131n\u0131n kimler taraf\u0131ndan kullan\u0131ld\u0131\u011f\u0131n\u0131 tetkik ediyor. Ayr\u0131ca, Hicr\u00ee III. as\u0131rda hadis us\u00fbl\u00fcne kaynakl\u0131k eden d\u00f6rt temel eseri de hadis us\u00fbl\u00fc ba\u011flam\u0131nda inceleyerek hangi \u0131st\u0131lahlar\u0131n ilk kez kullan\u0131ld\u0131\u011f\u0131n\u0131 a\u00e7\u0131kl\u0131yor ve son olarak mutekaddim\u00fbn ve muteahhir\u00fbn hadis\u00e7ilerin kulland\u0131\u011f\u0131 hadis us\u00fbl\u00fc kavramlar\u0131 aras\u0131ndaki farklara de\u011finiyor.<\/p>\n","protected":false},"excerpt":{"rendered":"<p>Hadis us\u00fbl\u00fc, Hz. Peygamber&#8217;e isn\u00e2d edilen haberlerin \u00f6ncelikle ona aidiyetini ve asl\u0131na uygun nakledilip edilmedi\u011fini ortaya \u00e7\u0131karmak amac\u0131yla konulan prensipleri belirleyen ve bunlarla ilgili terimleri konu<span class=\"excerpt-hellip\"> [\u2026]<\/span><\/p>\n","protected":false},"featured_media":0,"template":"","meta":{"_monsterinsights_skip_tracking":false,"_monsterinsights_sitenote_active":false,"_monsterinsights_sitenote_note":"","_monsterinsights_sitenote_category":0},"product_brand":[],"product_cat":[12718,12719,18109],"product_tag":[],"class_list":{"0":"post-744567","1":"product","2":"type-product","3":"status-publish","5":"product_cat-din","6":"product_cat-islam","7":"product_cat-islam-tarihi","8":"pa_cilt-ciltsiz","9":"pa_tur-kitap","10":"pa_yayinevi-divan-kitap","11":"pa_yazar-abdullah-celik","13":"first","14":"instock","15":"sale","16":"shipping-taxable","17":"purchasable","18":"product-type-simple"},"_links":{"self":[{"href":"https:\/\/roveyayinevi.com.tr\/index.php\/wp-json\/wp\/v2\/product\/744567","targetHints":{"allow":["GET"]}}],"collection":[{"href":"https:\/\/roveyayinevi.com.tr\/index.php\/wp-json\/wp\/v2\/product"}],"about":[{"href":"https:\/\/roveyayinevi.com.tr\/index.php\/wp-json\/wp\/v2\/types\/product"}],"wp:attachment":[{"href":"https:\/\/roveyayinevi.com.tr\/index.php\/wp-json\/wp\/v2\/media?parent=744567"}],"wp:term":[{"taxonomy":"product_brand","embeddable":true,"href":"https:\/\/roveyayinevi.com.tr\/index.php\/wp-json\/wp\/v2\/product_brand?post=744567"},{"taxonomy":"product_cat","embeddable":true,"href":"https:\/\/roveyayinevi.com.tr\/index.php\/wp-json\/wp\/v2\/product_cat?post=744567"},{"taxonomy":"product_tag","embeddable":true,"href":"https:\/\/roveyayinevi.com.tr\/index.php\/wp-json\/wp\/v2\/product_tag?post=744567"}],"curies":[{"name":"wp","href":"https:\/\/api.w.org\/{rel}","templated":true}]}}