{"id":744566,"date":"2025-08-28T01:59:40","date_gmt":"2025-08-27T22:59:40","guid":{"rendered":"https:\/\/roveyayinevi.com.tr\/index.php\/urun\/felsefenin-tesellisi-uzerine-i-v-bez-ciltli\/"},"modified":"2026-04-16T02:56:34","modified_gmt":"2026-04-15T23:56:34","slug":"felsefenin-tesellisi-uzerine-i-v-bez-ciltli","status":"publish","type":"product","link":"https:\/\/roveyayinevi.com.tr\/index.php\/urun\/felsefenin-tesellisi-uzerine-i-v-bez-ciltli\/","title":{"rendered":"Felsefenin Tesellisi \u00dczerine (I-V) (Bez Ciltli)"},"content":{"rendered":"<p>MS 480 y\u0131l\u0131nda Roma\u2019da do\u011fan, 30 ya\u015f\u0131nda kons\u00fcl se\u00e7ilen ve u\u011frad\u0131\u011f\u0131 iftiralar sonucunda vatan hainli\u011fiyle su\u00e7lanarak idama mahk\u00fbm edilen Boethius 44 ya\u015f\u0131nda yine Roma\u2019da kapat\u0131ld\u0131\u011f\u0131 zindanda hayat\u0131n\u0131 kaybetmi\u015ftir. Felsefenin Tesellisi \u00dczerine adl\u0131 eser, Boethius\u2019un mahk\u00fbmiyet s\u00fcrecinde dald\u0131\u011f\u0131 derin tefekk\u00fcr\u00fcn kal\u0131c\u0131 bir meyvesi olarak boy vermi\u015ftir. Boethius bu eserinde ilk gen\u00e7lik y\u0131llar\u0131ndan beri manevi k\u0131lavuzu olarak g\u00f6rd\u00fc\u011f\u00fc Felsefe ile uzun uzun s\u00f6yle\u015fir. Bedeni zindana kapat\u0131lm\u0131\u015ft\u0131r ama kendisinin de ruhunu bedenine hapsetti\u011fini fark ederek b\u00fct\u00fcn eseri boyunca ruhunu azat etmeye \u00e7al\u0131\u015f\u0131r. D\u00fcnyevi \u015feylerin de\u011fersizli\u011fi, insan\u0131n evrende bir hi\u00e7 mesabesinde olu\u015fu, k\u00f6t\u00fcl\u00fc\u011fe ve haks\u0131zl\u0131\u011fa maruz kalan insan\u0131n sab\u0131rla ve tefekk\u00fcr yoluyla erdemin diyar\u0131ndan ge\u00e7erek kendi \u00f6z\u00fcne varabilece\u011fi, eserin en \u00e7ok vurgulanan temalar\u0131d\u0131r. \u0130nsan, hakikatin s\u0131rr\u0131na erebilmek ve en y\u00fcce \u00f6ze ula\u015fabilmek i\u00e7in ak\u0131l g\u00f6z\u00fcyle bilen, kalp g\u00f6z\u00fcyle g\u00f6ren bir idrake sahip olmal\u0131, t\u00fcm gayretini buna eri\u015fme yolunda sarf etmelidir. Latince asl\u0131ndan Asuman Co\u015fkun Abuagla\u2019n\u0131n \u00e7evirdi\u011fi Felsefenin Tesellisi \u00dczerine, yaz\u0131ld\u0131\u011f\u0131 d\u00f6nemden Orta\u00e7a\u011f\u2019\u0131n sonuna kadar oldu\u011fu gibi, bug\u00fcne dek de bir ba\u015fucu kitab\u0131 niteli\u011fi ta\u015f\u0131maya devam etmektedir. <\/p>\n","protected":false},"excerpt":{"rendered":"<p>MS 480 y\u0131l\u0131nda Roma\u2019da do\u011fan, 30 ya\u015f\u0131nda kons\u00fcl se\u00e7ilen ve u\u011frad\u0131\u011f\u0131 iftiralar sonucunda vatan hainli\u011fiyle su\u00e7lanarak idama mahk\u00fbm edilen Boethius 44 ya\u015f\u0131nda yine Roma\u2019da kapat\u0131ld\u0131\u011f\u0131 zindanda<span class=\"excerpt-hellip\"> [\u2026]<\/span><\/p>\n","protected":false},"featured_media":0,"template":"","meta":{"_monsterinsights_skip_tracking":false,"_monsterinsights_sitenote_active":false,"_monsterinsights_sitenote_note":"","_monsterinsights_sitenote_category":0},"product_brand":[],"product_cat":[12389,12388],"product_tag":[],"class_list":{"0":"post-744566","1":"product","2":"type-product","3":"status-publish","5":"product_cat-diger-felsefe","6":"product_cat-felsefe","7":"pa_cilt-ciltli","8":"pa_tur-kitap","9":"pa_yayinevi-koridor-yayincilik","10":"pa_yazar-boethius","12":"first","13":"instock","14":"sale","15":"shipping-taxable","16":"purchasable","17":"product-type-simple"},"_links":{"self":[{"href":"https:\/\/roveyayinevi.com.tr\/index.php\/wp-json\/wp\/v2\/product\/744566","targetHints":{"allow":["GET"]}}],"collection":[{"href":"https:\/\/roveyayinevi.com.tr\/index.php\/wp-json\/wp\/v2\/product"}],"about":[{"href":"https:\/\/roveyayinevi.com.tr\/index.php\/wp-json\/wp\/v2\/types\/product"}],"wp:attachment":[{"href":"https:\/\/roveyayinevi.com.tr\/index.php\/wp-json\/wp\/v2\/media?parent=744566"}],"wp:term":[{"taxonomy":"product_brand","embeddable":true,"href":"https:\/\/roveyayinevi.com.tr\/index.php\/wp-json\/wp\/v2\/product_brand?post=744566"},{"taxonomy":"product_cat","embeddable":true,"href":"https:\/\/roveyayinevi.com.tr\/index.php\/wp-json\/wp\/v2\/product_cat?post=744566"},{"taxonomy":"product_tag","embeddable":true,"href":"https:\/\/roveyayinevi.com.tr\/index.php\/wp-json\/wp\/v2\/product_tag?post=744566"}],"curies":[{"name":"wp","href":"https:\/\/api.w.org\/{rel}","templated":true}]}}