{"id":744564,"date":"2025-08-28T01:59:38","date_gmt":"2025-08-27T22:59:38","guid":{"rendered":"https:\/\/roveyayinevi.com.tr\/index.php\/urun\/dr-jekyll-ve-bay-hyde-bez-ciltli\/"},"modified":"2026-04-12T03:00:48","modified_gmt":"2026-04-12T00:00:48","slug":"dr-jekyll-ve-bay-hyde-bez-ciltli","status":"publish","type":"product","link":"https:\/\/roveyayinevi.com.tr\/index.php\/urun\/dr-jekyll-ve-bay-hyde-bez-ciltli\/","title":{"rendered":"Dr. Jekyll ve Bay Hyde (Bez Ciltli)"},"content":{"rendered":"<p>Ucube k\u0131l\u0131kl\u0131 bir adam gece yar\u0131s\u0131 sokakta k\u00fc\u00e7\u00fck bir k\u0131z \u00e7ocu\u011funa \u00e7arp\u0131p ka\u00e7ar. Olaya tan\u0131k olan ki\u015finin de yard\u0131m\u0131yla yakaland\u0131\u011f\u0131nda k\u0131z\u0131n ailesine sus pay\u0131 olarak y\u00fckl\u00fc bir mebla\u011f \u00f6demeye mecbur b\u0131rak\u0131l\u0131r. Bu paray\u0131 o anda bulamayaca\u011f\u0131ndan polis gelmeden ortadan kaybolabilmek i\u00e7in bir \u00e7ek yazar. Bu kar\u015f\u0131l\u0131\u011f\u0131 olan bir \u00e7ektir \u00e7\u00fcnk\u00fc imza sayg\u0131de\u011fer beyfendi Dr. Jekyll\u2019a aittir. Ba\u015fka bir gece, tan\u0131nm\u0131\u015f bir milletvekilinin cesedi bulunur; d\u00f6v\u00fclerek \u00f6ld\u00fcr\u00fclm\u00fc\u015ft\u00fcr. Cinayette kullan\u0131lan k\u0131r\u0131lm\u0131\u015f baston, Utterson\u2019\u0131n yak\u0131n dostu ve m\u00fcvekkili Dr. Jekyll\u2019a hediye etti\u011fi bastondur. Bu olaylar \u00fczerine Utterson, kendisine b\u0131rak\u0131lan itiraf notundan Hyde ad\u0131ndaki bu adam\u0131n Jekyll ile karanl\u0131k bir ili\u015fkisi oldu\u011funu \u00f6\u011frenir ve \u015fu gizemi \u00e7\u00f6zmeye \u00e7al\u0131\u015f\u0131r: \u0130tibarl\u0131 ve iyilik timsali bir doktor neden netameli ve \u015feytani bir adam\u0131 korumaya \u00e7al\u0131\u015f\u0131r? 19 . y\u00fczy\u0131lda ge\u00e7en ve Robert Louis Stevenson\u2019\u0131n g\u00f6rd\u00fc\u011f\u00fc bir k\u00e2bustan yola \u00e7\u0131karak yazd\u0131\u011f\u0131, insan\u0131 kendi g\u00f6lgesiyle y\u00fczle\u015ftiren bu eseri B\u00fclent O. Do\u011fan\u2019\u0131n nitelikli \u00e7evirisiyle sunuyoruz. <\/p>\n","protected":false},"excerpt":{"rendered":"<p>Ucube k\u0131l\u0131kl\u0131 bir adam gece yar\u0131s\u0131 sokakta k\u00fc\u00e7\u00fck bir k\u0131z \u00e7ocu\u011funa \u00e7arp\u0131p ka\u00e7ar. Olaya tan\u0131k olan ki\u015finin de yard\u0131m\u0131yla yakaland\u0131\u011f\u0131nda k\u0131z\u0131n ailesine sus pay\u0131 olarak y\u00fckl\u00fc<span class=\"excerpt-hellip\"> [\u2026]<\/span><\/p>\n","protected":false},"featured_media":0,"template":"","meta":{"_monsterinsights_skip_tracking":false,"_monsterinsights_sitenote_active":false,"_monsterinsights_sitenote_note":"","_monsterinsights_sitenote_category":0},"product_brand":[],"product_cat":[12291,12711],"product_tag":[],"class_list":{"0":"post-744564","1":"product","2":"type-product","3":"status-publish","5":"product_cat-edebiyat","6":"product_cat-roman-oyku","7":"pa_cilt-ciltli","8":"pa_tur-kitap","9":"pa_yayinevi-koridor-yayincilik","10":"pa_yazar-robert-louis-stevenson","12":"first","13":"instock","14":"sale","15":"shipping-taxable","16":"purchasable","17":"product-type-simple"},"_links":{"self":[{"href":"https:\/\/roveyayinevi.com.tr\/index.php\/wp-json\/wp\/v2\/product\/744564","targetHints":{"allow":["GET"]}}],"collection":[{"href":"https:\/\/roveyayinevi.com.tr\/index.php\/wp-json\/wp\/v2\/product"}],"about":[{"href":"https:\/\/roveyayinevi.com.tr\/index.php\/wp-json\/wp\/v2\/types\/product"}],"wp:attachment":[{"href":"https:\/\/roveyayinevi.com.tr\/index.php\/wp-json\/wp\/v2\/media?parent=744564"}],"wp:term":[{"taxonomy":"product_brand","embeddable":true,"href":"https:\/\/roveyayinevi.com.tr\/index.php\/wp-json\/wp\/v2\/product_brand?post=744564"},{"taxonomy":"product_cat","embeddable":true,"href":"https:\/\/roveyayinevi.com.tr\/index.php\/wp-json\/wp\/v2\/product_cat?post=744564"},{"taxonomy":"product_tag","embeddable":true,"href":"https:\/\/roveyayinevi.com.tr\/index.php\/wp-json\/wp\/v2\/product_tag?post=744564"}],"curies":[{"name":"wp","href":"https:\/\/api.w.org\/{rel}","templated":true}]}}