{"id":744562,"date":"2025-08-28T01:59:36","date_gmt":"2025-08-27T22:59:36","guid":{"rendered":"https:\/\/roveyayinevi.com.tr\/index.php\/urun\/iki-ibrahim\/"},"modified":"2026-04-16T02:56:34","modified_gmt":"2026-04-15T23:56:34","slug":"iki-ibrahim","status":"publish","type":"product","link":"https:\/\/roveyayinevi.com.tr\/index.php\/urun\/iki-ibrahim\/","title":{"rendered":"\u0130ki \u0130brahim"},"content":{"rendered":"<p>MATBAADAN \u0130ST\u0130HBARATA: \u0130BRAH\u0130M M\u00dcTEFERR\u0130KA VE KADI \u0130BRAH\u0130M\u2026 \u0130brahim M\u00fcteferrika ve onun \u00f6l\u00fcm\u00fcnden sonra matbaa i\u015fletmesini devralan Kad\u0131 \u0130brahim\u2019\u0131n kitap d\u00fcnyas\u0131yla olan ili\u015fkileri nas\u0131ld\u0131? Bonneval (Humbarac\u0131 Ahmet Pa\u015fa) ve evlatl\u0131\u011f\u0131 S\u00fcleyman ile birlikte siyaset sahas\u0131nda ne t\u00fcr becerilere sahiptileri? Yabanc\u0131 devletlerin el\u00e7i raporlar\u0131nda kimlikleri neden \u015fifre ile ge\u00e7iyordu? Elinizdeki kitap bu sorulara t\u00fcm teferruatlar\u0131yla cevap verirken ilk defa g\u00fcn \u0131\u015f\u0131\u011f\u0131na \u00e7\u0131kart\u0131lan ar\u015fiv belgeleriyle de okuyucuyu m\u00fcthi\u015f bir gizeme s\u00fcr\u00fckl\u00fcyor. \u201c\u0130brahim M\u00fcteferrika\u2019n\u0131n, Bonneval, evlatl\u0131\u011f\u0131 S\u00fcleyman ve kendi yeti\u015ftirmesi olan K\u00fc\u00e7\u00fck \u0130brahim ile birlikte \u0130stanbul\u2019daki el\u00e7iler aras\u0131nda bilinen, olduk\u00e7a karanl\u0131k i\u015flere erken tarihlerden itibaren kar\u0131\u015fan, edinilen bilgileri paraya tahvil eden bir ekip i\u00e7inde yer alan ve bizzat kendisinin de el\u00e7ilere \u201cmahrem\u00e2ne\u201d bilgiler ileten, \u015fifre koduyla an\u0131lan bir istihbarat kayna\u011f\u0131 oldu\u011fu\u201d e\u015fsiz bir emekle g\u00fcn y\u00fcz\u00fcne \u00e7\u0131kart\u0131l\u0131yor. Matbaa \u00e7evresinde \u015fekillenmi\u015f bu istihbarat a\u011f\u0131n\u0131n yan\u0131nda Kad\u0131 \u0130brahim\u02bcin ilk defa g\u00f6zler \u00f6n\u00fcne serilecek olan uzun y\u0131llar s\u00fcrd\u00fcrd\u00fc\u011f\u00fc Divan-\u0131 H\u00fcm\u00e2y\u00fbn Terc\u00fcman\u0131 K\u00e2tipli\u011fi belgelenmi\u015f, atand\u0131\u011f\u0131 kad\u0131l\u0131klar tespit edilmi\u015f, \u00f6l\u00fcm\u00fcnden sonra zapt edilen terekesine, miras\u00e7\u0131lar\u0131na, ikamet etti\u011fi eve, buradaki mevcut e\u015fyalar\u0131na ve matbaa malzemelerine ve elindeki kitaplar\u0131n d\u00f6k\u00fcm\u00fcne yer verilmi\u015f ve b\u00fct\u00fcn bu yeni bulgular ve d\u00f6k\u00fcmler belge g\u00f6r\u00fcnt\u00fcleriyle birlikte \u00e7al\u0131\u015fmaya ilave edilmi\u015ftir. \u0130K\u0130 \u0130BRAH\u0130M: M\u00fcteferrika ve Halefi, Kemal Beydilli imzas\u0131yla T\u00fcrk tarih\u00e7ili\u011fine kazand\u0131r\u0131lan \u00f6zg\u00fcn ve cesur bir eser\u2026 <\/p>\n","protected":false},"excerpt":{"rendered":"<p>MATBAADAN \u0130ST\u0130HBARATA: \u0130BRAH\u0130M M\u00dcTEFERR\u0130KA VE KADI \u0130BRAH\u0130M\u2026 \u0130brahim M\u00fcteferrika ve onun \u00f6l\u00fcm\u00fcnden sonra matbaa i\u015fletmesini devralan Kad\u0131 \u0130brahim\u2019\u0131n kitap d\u00fcnyas\u0131yla olan ili\u015fkileri nas\u0131ld\u0131? Bonneval (Humbarac\u0131 Ahmet<span class=\"excerpt-hellip\"> [\u2026]<\/span><\/p>\n","protected":false},"featured_media":0,"template":"","meta":{"_monsterinsights_skip_tracking":false,"_monsterinsights_sitenote_active":false,"_monsterinsights_sitenote_note":"","_monsterinsights_sitenote_category":0},"product_brand":[],"product_cat":[13517,12304],"product_tag":[],"class_list":{"0":"post-744562","1":"product","2":"type-product","3":"status-publish","5":"product_cat-osmanli-tarihi","6":"product_cat-tarih","7":"pa_cilt-ciltsiz","8":"pa_tur-kitap","9":"pa_yayinevi-kronik-kitap","10":"pa_yazar-kemal-beydilli","12":"first","13":"instock","14":"sale","15":"shipping-taxable","16":"purchasable","17":"product-type-simple"},"_links":{"self":[{"href":"https:\/\/roveyayinevi.com.tr\/index.php\/wp-json\/wp\/v2\/product\/744562","targetHints":{"allow":["GET"]}}],"collection":[{"href":"https:\/\/roveyayinevi.com.tr\/index.php\/wp-json\/wp\/v2\/product"}],"about":[{"href":"https:\/\/roveyayinevi.com.tr\/index.php\/wp-json\/wp\/v2\/types\/product"}],"wp:attachment":[{"href":"https:\/\/roveyayinevi.com.tr\/index.php\/wp-json\/wp\/v2\/media?parent=744562"}],"wp:term":[{"taxonomy":"product_brand","embeddable":true,"href":"https:\/\/roveyayinevi.com.tr\/index.php\/wp-json\/wp\/v2\/product_brand?post=744562"},{"taxonomy":"product_cat","embeddable":true,"href":"https:\/\/roveyayinevi.com.tr\/index.php\/wp-json\/wp\/v2\/product_cat?post=744562"},{"taxonomy":"product_tag","embeddable":true,"href":"https:\/\/roveyayinevi.com.tr\/index.php\/wp-json\/wp\/v2\/product_tag?post=744562"}],"curies":[{"name":"wp","href":"https:\/\/api.w.org\/{rel}","templated":true}]}}