{"id":744561,"date":"2025-08-28T01:59:35","date_gmt":"2025-08-27T22:59:35","guid":{"rendered":"https:\/\/roveyayinevi.com.tr\/index.php\/urun\/sor-bi-pisman-miyim\/"},"modified":"2026-04-16T02:56:34","modified_gmt":"2026-04-15T23:56:34","slug":"sor-bi-pisman-miyim","status":"publish","type":"product","link":"https:\/\/roveyayinevi.com.tr\/index.php\/urun\/sor-bi-pisman-miyim\/","title":{"rendered":"Sor Bi&#8217; Pi\u015fman M\u0131y\u0131m?"},"content":{"rendered":"<p>Zuhal Mansfield, d\u00fcnya ticaretinin ortas\u0131nda bir i\u015f kad\u0131n\u0131 ve seyyah\u2026 Bunun yan\u0131nda ba\u015fka unvanlar\u0131 da olmu\u015f; anne, evlat, radyo-televizyon programc\u0131s\u0131, ticari diplomat, e\u015f ve ortak gibi. Ancak bu s\u0131fatlar\u0131n hepsinin hakk\u0131n\u0131 vermeyi d\u00fcstur edinen bir hayat s\u00fcrm\u00fc\u015f ve s\u00fcr\u00fcyor Mansfield. Bu u\u011furda bir g\u00fcn namlunun \u00f6n\u00fcne atlam\u0131\u015f, ba\u015fka bir g\u00fcn de \u00f6l\u00fcmle burun buruna gelmi\u015f. Bir di\u011fer g\u00fcn ise iki devlet ba\u015fkan\u0131n\u0131n tam ortas\u0131nda arac\u0131l\u0131k yaparken bulmu\u015f kendisini. Kendi tabiriyle \u201cDo\u011fu Asya\u2019n\u0131n Kaplan\u0131 \u00c7in ve Bat\u0131 Asya\u2019n\u0131n Aslan\u0131 T\u00fcrkiye\u201d aras\u0131nda y\u0131llarca mekik dokumu\u015f. O y\u00fczden s\u0131radan bir seyyah\u0131n hat\u0131ralar\u0131 de\u011fil bu anlat\u0131lanlar. Elinizdeki kitapta uluslararas\u0131 d\u0131\u015f ticaretin mutfa\u011f\u0131 ve o mutfaktaki tuzaklar ve p\u00fcf noktalar\u0131na dair hakiki bilgiler var. \u00d6te yandan Do\u011fu Akdeniz\u2019deki k\u00fcresel \u00e7eki\u015fmeyle Mars\u2019taki ya\u015fam aray\u0131\u015flar\u0131 aras\u0131nda ba\u011flant\u0131lar kuran bir hukuk, uluslararas\u0131 ili\u015fkiler ve gelecek vizyonu da rehberlik ediyor okura. B\u00f6ylesine yoku\u015flu engebeli bir ser\u00fcveni \u015f\u00f6yle tan\u0131ml\u0131yor Mansfield; \u201cHayat benim i\u00e7in koca bir \u015faka ve ben \u00e7ok e\u011fleniyorum!\u201d Hong Kong\u2019dan Rarotonga Adas\u0131\u2019na, Avustralya\u2019dan Afrika\u2019ya, Kanada\u2019dan Sibirya\u2019ya, alt\u0131n madenlerinden mermer ocaklar\u0131na derin bir kaz\u0131 yolculu\u011funa \u00e7\u0131kmaya haz\u0131r m\u0131s\u0131n\u0131z? <\/p>\n","protected":false},"excerpt":{"rendered":"<p>Zuhal Mansfield, d\u00fcnya ticaretinin ortas\u0131nda bir i\u015f kad\u0131n\u0131 ve seyyah\u2026 Bunun yan\u0131nda ba\u015fka unvanlar\u0131 da olmu\u015f; anne, evlat, radyo-televizyon programc\u0131s\u0131, ticari diplomat, e\u015f ve ortak gibi.<span class=\"excerpt-hellip\"> [\u2026]<\/span><\/p>\n","protected":false},"featured_media":0,"template":"","meta":{"_monsterinsights_skip_tracking":false,"_monsterinsights_sitenote_active":false,"_monsterinsights_sitenote_note":"","_monsterinsights_sitenote_category":0},"product_brand":[],"product_cat":[13043,17647],"product_tag":[],"class_list":{"0":"post-744561","1":"product","2":"type-product","3":"status-publish","5":"product_cat-ekonomi","6":"product_cat-is-dunyasi","7":"pa_cilt-ciltsiz","8":"pa_tur-kitap","9":"pa_yayinevi-kronik-kitap","10":"pa_yazar-zuhal-mansfield","12":"first","13":"instock","14":"sale","15":"shipping-taxable","16":"purchasable","17":"product-type-simple"},"_links":{"self":[{"href":"https:\/\/roveyayinevi.com.tr\/index.php\/wp-json\/wp\/v2\/product\/744561","targetHints":{"allow":["GET"]}}],"collection":[{"href":"https:\/\/roveyayinevi.com.tr\/index.php\/wp-json\/wp\/v2\/product"}],"about":[{"href":"https:\/\/roveyayinevi.com.tr\/index.php\/wp-json\/wp\/v2\/types\/product"}],"wp:attachment":[{"href":"https:\/\/roveyayinevi.com.tr\/index.php\/wp-json\/wp\/v2\/media?parent=744561"}],"wp:term":[{"taxonomy":"product_brand","embeddable":true,"href":"https:\/\/roveyayinevi.com.tr\/index.php\/wp-json\/wp\/v2\/product_brand?post=744561"},{"taxonomy":"product_cat","embeddable":true,"href":"https:\/\/roveyayinevi.com.tr\/index.php\/wp-json\/wp\/v2\/product_cat?post=744561"},{"taxonomy":"product_tag","embeddable":true,"href":"https:\/\/roveyayinevi.com.tr\/index.php\/wp-json\/wp\/v2\/product_tag?post=744561"}],"curies":[{"name":"wp","href":"https:\/\/api.w.org\/{rel}","templated":true}]}}