{"id":744559,"date":"2025-08-28T01:59:33","date_gmt":"2025-08-27T22:59:33","guid":{"rendered":"https:\/\/roveyayinevi.com.tr\/index.php\/urun\/modern-ortadogu-nasil-kuruldu\/"},"modified":"2026-04-16T02:56:34","modified_gmt":"2026-04-15T23:56:34","slug":"modern-ortadogu-nasil-kuruldu","status":"publish","type":"product","link":"https:\/\/roveyayinevi.com.tr\/index.php\/urun\/modern-ortadogu-nasil-kuruldu\/","title":{"rendered":"Modern Ortado\u011fu Nas\u0131l Kuruldu?"},"content":{"rendered":"<p>Ortado\u011fu\u2019daki devletler, manda kuvvetlerinin resmen \u00e7ekili\u015fiyle, art\u0131k bug\u00fcn kendi ba\u015flar\u0131na kalm\u0131\u015ft\u0131r. Y\u00fczy\u0131llard\u0131r ilk defa Ortado\u011fu\u2019daki olaylar\u0131n gidi\u015fat\u0131 d\u0131\u015far\u0131dan de\u011fil, b\u00f6lgesel g\u00fc\u00e7ler taraf\u0131ndan, kendi kurduklar\u0131 h\u00fck\u00fcmetlerce, kendi se\u00e7tikleri kurallar ve yapt\u0131klar\u0131 hamlelerle \u015fekillendiriliyor. Bug\u00fcn ve ileride ne yapacaklar\u0131n\u0131 kendileri belirleyecekler. Bunu ge\u00e7mi\u015ften hareketle mi yapacaklar yoksa \u00e7a\u011fda\u015flar\u0131na bakarak m\u0131? T\u00fcrk\u00e7eye ilk kez kazand\u0131r\u0131lan bu \u00e7al\u0131\u015fmas\u0131nda Bernard Lewis, g\u00fcn\u00fcm\u00fcz Ortado\u011fu\u2019sunun kurulu\u015funun ve \u015fekilleni\u015finin izini s\u00fcr\u00fcyor. Lewis, Bat\u0131\u2019n\u0131n Ortado\u011fu halk\u0131 i\u00e7in ge\u00e7mi\u015fte ve g\u00fcn\u00fcm\u00fczde ne anlama geldi\u011fini, Bat\u0131\u2019n\u0131n m\u00fcdahalesini, etkisini ve egemenli\u011fini incelikli bi\u00e7imde g\u00f6steriyor. Osmanl\u0131 Devleti\u2019nin y\u0131k\u0131lmas\u0131n\u0131n sonras\u0131nda b\u00f6lgede \u0130ngiliz ve Frans\u0131z manda y\u00f6netimlerinin kurulmas\u0131ndan yeni devletlerin ortaya \u00e7\u0131k\u0131\u015f\u0131na, b\u00f6lgede \u0130srail varl\u0131\u011f\u0131n\u0131n tesis edilmesinden bunun kar\u015f\u0131s\u0131nda di\u011fer Arap topluluklar\u0131n\u0131n rahats\u0131zl\u0131\u011f\u0131na, \u0130ran Devrimi\u2019nden K\u00f6rfez Sava\u015f\u0131\u2019na kadar modern Ortado\u011fu tarihinin d\u00f6n\u00fcm noktalar\u0131n\u0131 ustal\u0131kla tahlil ediyor. Ortado\u011fu\u2019daki siyasi ve entelekt\u00fcel hareketleri sosyalizm, liberalizm, milliyet\u00e7ilik ve \u0130slamc\u0131l\u0131k gibi s\u00f6ylemler \u00e7er\u00e7evesinden de\u011ferlendirerek bug\u00fcnk\u00fc yap\u0131n\u0131n temellerini a\u00e7\u0131\u011fa \u00e7\u0131kar\u0131yor. Lewis, Modern Ortado\u011fu Nas\u0131l Kuruldu?\u2019da Ortado\u011fu\u2019nun modern tarihini, s\u00fcreci \u015fekillendiren akt\u00f6rleri ve eylemleri, ge\u00e7mi\u015fe bakan taraflar\u0131n\u0131 ve gelece\u011fe d\u00f6n\u00fck y\u00fczlerini k\u0131sa ve \u00f6zl\u00fc bir \u015fekilde a\u00e7\u0131klay\u0131p \u00e7\u00f6z\u00fcml\u00fcyor. Bu kitap, b\u00f6lgenin tarihini anlamak isteyenler i\u00e7in mutlaka okunmas\u0131 gereken bir kaynak. <\/p>\n","protected":false},"excerpt":{"rendered":"<p>Ortado\u011fu\u2019daki devletler, manda kuvvetlerinin resmen \u00e7ekili\u015fiyle, art\u0131k bug\u00fcn kendi ba\u015flar\u0131na kalm\u0131\u015ft\u0131r. Y\u00fczy\u0131llard\u0131r ilk defa Ortado\u011fu\u2019daki olaylar\u0131n gidi\u015fat\u0131 d\u0131\u015far\u0131dan de\u011fil, b\u00f6lgesel g\u00fc\u00e7ler taraf\u0131ndan, kendi kurduklar\u0131 h\u00fck\u00fcmetlerce, kendi<span class=\"excerpt-hellip\"> [\u2026]<\/span><\/p>\n","protected":false},"featured_media":0,"template":"","meta":{"_monsterinsights_skip_tracking":false,"_monsterinsights_sitenote_active":false,"_monsterinsights_sitenote_note":"","_monsterinsights_sitenote_category":0},"product_brand":[],"product_cat":[12312,12304],"product_tag":[],"class_list":{"0":"post-744559","1":"product","2":"type-product","3":"status-publish","5":"product_cat-diger","6":"product_cat-tarih","7":"pa_cilt-ciltsiz","8":"pa_tur-kitap","9":"pa_yayinevi-kronik-kitap","10":"pa_yazar-bernard-lewis","12":"first","13":"instock","14":"sale","15":"shipping-taxable","16":"purchasable","17":"product-type-simple"},"_links":{"self":[{"href":"https:\/\/roveyayinevi.com.tr\/index.php\/wp-json\/wp\/v2\/product\/744559","targetHints":{"allow":["GET"]}}],"collection":[{"href":"https:\/\/roveyayinevi.com.tr\/index.php\/wp-json\/wp\/v2\/product"}],"about":[{"href":"https:\/\/roveyayinevi.com.tr\/index.php\/wp-json\/wp\/v2\/types\/product"}],"wp:attachment":[{"href":"https:\/\/roveyayinevi.com.tr\/index.php\/wp-json\/wp\/v2\/media?parent=744559"}],"wp:term":[{"taxonomy":"product_brand","embeddable":true,"href":"https:\/\/roveyayinevi.com.tr\/index.php\/wp-json\/wp\/v2\/product_brand?post=744559"},{"taxonomy":"product_cat","embeddable":true,"href":"https:\/\/roveyayinevi.com.tr\/index.php\/wp-json\/wp\/v2\/product_cat?post=744559"},{"taxonomy":"product_tag","embeddable":true,"href":"https:\/\/roveyayinevi.com.tr\/index.php\/wp-json\/wp\/v2\/product_tag?post=744559"}],"curies":[{"name":"wp","href":"https:\/\/api.w.org\/{rel}","templated":true}]}}